{"id":556,"date":"2024-06-27T16:02:26","date_gmt":"2024-06-27T14:02:26","guid":{"rendered":"https:\/\/akatia.org\/home-2\/"},"modified":"2025-10-06T14:33:06","modified_gmt":"2025-10-06T12:33:06","slug":"home","status":"publish","type":"page","link":"https:\/\/akatia.org\/en\/","title":{"rendered":"Home"},"content":{"rendered":"<div class=\"wp-block-uagb-container uagb-block-j2bfawbp alignwide uagb-is-root-container\">\n<div style=\"height:100px\" aria-hidden=\"true\" class=\"wp-block-spacer\"><\/div>\n\n\n\n<div class=\"wp-block-uagb-info-box uagb-block-bbwntae8 uagb-infobox__content-wrap  uagb-infobox-icon-above-title uagb-infobox-image-valign-top o-typing-delay-100ms o-typing-faster\"><div class=\"uagb-ifb-content\"><div class=\"uagb-ifb-title-wrap\"><h2 class=\"uagb-ifb-title\">PROTECT THE FOREST, THE PRIMATES AND FIGHT AGAINST WILDLIFE TRADE AND POACHING<\/h2><\/div><p class=\"uagb-ifb-desc\"><strong>We are the field, you are the support.<\/strong><\/p><\/div><\/div>\n\n\n\n<div class=\"wp-block-uagb-buttons uagb-buttons__outer-wrap uagb-btn__default-btn uagb-btn-tablet__default-btn uagb-btn-mobile__default-btn uagb-block-j4syfuww\"><div class=\"uagb-buttons__wrap uagb-buttons-layout-wrap\">\n<div class=\"wp-block-uagb-buttons-child uagb-buttons__outer-wrap uagb-block-c2629a5d wp-block-button\"><div class=\"uagb-button__wrapper\"><a class=\"uagb-buttons-repeater wp-block-button__link\" aria-label=\"\" href=\"https:\/\/www.helloasso.com\/associations\/akatia-international\/formulaires\/1\/\" rel=\"follow noopener\" target=\"_blank\" role=\"button\"><div class=\"uagb-button__link\">Donate<\/div><span class=\"uagb-button__icon uagb-button__icon-position-after\"><svg xmlns=\"https:\/\/www.w3.org\/2000\/svg\" viewbox=\"0 0 448 512\" aria-hidden=\"true\" focussable=\"false\"><path d=\"M438.6 278.6l-160 160C272.4 444.9 264.2 448 256 448s-16.38-3.125-22.62-9.375c-12.5-12.5-12.5-32.75 0-45.25L338.8 288H32C14.33 288 .0016 273.7 .0016 256S14.33 224 32 224h306.8l-105.4-105.4c-12.5-12.5-12.5-32.75 0-45.25s32.75-12.5 45.25 0l160 160C451.1 245.9 451.1 266.1 438.6 278.6z\"><\/path><\/svg><\/span><\/a><\/div><\/div>\n<\/div><\/div>\n<\/div>\n\n\n\n<div class=\"wp-block-essential-blocks-popup  root-eb-popup-7m4bh\"><div class=\"eb-parent-wrapper\"><div id=\"eb-popup-7m4bh\" class=\"eb-popup-container eb-popup-7m4bh\" data-block-id=\"eb-popup-7m4bh\" data-popup-type=\"scroll\" data-close-btn=\"true\" data-esc-btn=\"true\" data-click-exit=\"true\" data-auto-exit=\"false\" data-auto-exit-time=\"3\" data-use-cookie=\"true\" data-cookie-expire-time=\"\" data-page-scroll=\"true\" data-scroll-type=\"percentage\" data-scroll-percentage=\"50\" data-scroll-element=\"\" data-scroll-distance=\"100px\" data-scroll-offset=\"0\"><div class=\"eb-popup-btn-wrapper eb-parent-eb-popup-7m4bh\"><\/div><div class=\"eb-popup-overlay\"><\/div><div class=\"modal-main-wrap\"><div class=\"eb-modal-container eb_popup_middle_center\"><div class=\"eb-popup-content\"><div class=\"eb-popup-close-icon\">X<\/div>\n<div class=\"wp-block-uagb-image alignleft uagb-block-34870b4f wp-block-uagb-image--layout-default wp-block-uagb-image--effect-static wp-block-uagb-image--align-left\"><figure class=\"wp-block-uagb-image__figure\"><a class=\"\" href=\"https:\/\/tribee.fr\/participations\/soutenir-les-chimpanzes-par-estelle-raballand\" target=\"\" rel=\"noopener\"><img data-recalc-dims=\"1\" decoding=\"async\" srcset=\"https:\/\/akatia.org\/wp-content\/uploads\/2025\/10\/yes-1024x1024.webp ,https:\/\/akatia.org\/wp-content\/uploads\/2025\/10\/yes.webp 780w, https:\/\/akatia.org\/wp-content\/uploads\/2025\/10\/yes.webp 360w\" sizes=\"auto, (max-width: 480px) 150px\" src=\"https:\/\/i0.wp.com\/akatia.org\/wp-content\/uploads\/2025\/10\/yes.webp?resize=300%2C400&#038;ssl=1\" alt=\"\" class=\"uag-image-4492\" width=\"300\" height=\"400\" title=\"yes\" loading=\"lazy\" role=\"img\"\/><\/a><\/figure><\/div>\n\n\n\n<div class=\"wp-block-uagb-image uagb-block-ddf45739 wp-block-uagb-image--layout-default wp-block-uagb-image--effect-static wp-block-uagb-image--align-none\"><figure class=\"wp-block-uagb-image__figure\"><a class=\"\" href=\"https:\/\/www.givingdayforapes.org\/organization\/Akatia-1\" target=\"\" rel=\"noopener\"><img data-recalc-dims=\"1\" decoding=\"async\" srcset=\"https:\/\/akatia.org\/wp-content\/uploads\/2025\/10\/1-en-1-1-300x300.webp ,https:\/\/akatia.org\/wp-content\/uploads\/2025\/10\/1-en-1-1.webp 780w, https:\/\/akatia.org\/wp-content\/uploads\/2025\/10\/1-en-1-1.webp 360w\" sizes=\"auto, (max-width: 480px) 150px\" src=\"https:\/\/i0.wp.com\/akatia.org\/wp-content\/uploads\/2025\/10\/1-en-1-1.webp?resize=463%2C300&#038;ssl=1\" alt=\"\" class=\"uag-image-4502\" width=\"463\" height=\"300\" title=\"1 en (1)\" loading=\"lazy\" role=\"img\"\/><\/a><\/figure><\/div>\n<\/div><\/div><\/div><\/div><\/div><\/div>\n\n\n\n<div class=\"wp-block-uagb-container uagb-block-4ec510ff alignfull uagb-is-root-container\"><div class=\"uagb-container-inner-blocks-wrap\">\n<div class=\"wp-block-uagb-container uagb-block-df7fa238\">\n<div style=\"height:32px\" aria-hidden=\"true\" class=\"wp-block-spacer\"><\/div>\n\n\n\n<h3 class=\"wp-block-heading\" id=\"on-parle-pas-on-agit-nous-sommes-dans-l-action-concrete-sur-le-terrain-nous-vivons-en-campement-en-foret-sans-electricite-sans-acces-a-l-eau-potable-sans-reseau-internet-nous-sommes-au-plus-pres-de-l-environnement-naturel-des-animaux-afin-de-les-rehabiliter-et-de-les-proteger\"><strong><em>&lt; We do not talk, we act<\/em>. &gt; <br><\/strong>We are involved in concrete action on the ground. We live in a camp in the forest, with no electricity, no access to drinking water or internet. We are as close as possible to the animals' natural environment in order to rehabilitate and protect them.<\/h3>\n\n\n\n<div class=\"wp-block-uagb-container uagb-block-ce3b29c4\">\n<div class=\"wp-block-uagb-container uagb-block-6c390357\">\n<div class=\"wp-block-group is-layout-constrained wp-block-group-is-layout-constrained\">\n<h4 class=\"wp-block-heading\" id=\"votre-soutien-est-indispensable-pour\"><strong>Your support is essential<\/strong> <\/h4>\n<\/div>\n<\/div>\n\n\n\n<div class=\"wp-block-uagb-buttons uagb-buttons__outer-wrap uagb-btn__default-btn uagb-btn-tablet__default-btn uagb-btn-mobile__default-btn uagb-block-33b9fe8e\"><div class=\"uagb-buttons__wrap uagb-buttons-layout-wrap\">\n<div class=\"wp-block-uagb-buttons-child uagb-buttons__outer-wrap uagb-block-21a29290 wp-block-button\"><div class=\"uagb-button__wrapper\"><a class=\"uagb-buttons-repeater wp-block-button__link\" aria-label=\"\" href=\"https:\/\/www.helloasso.com\/associations\/akatia-international\/formulaires\/1\/\" rel=\"follow noopener\" target=\"_self\" role=\"button\"><div class=\"uagb-button__link\">Act now<\/div><span class=\"uagb-button__icon uagb-button__icon-position-after\"><svg xmlns=\"https:\/\/www.w3.org\/2000\/svg\" viewbox=\"0 0 448 512\" aria-hidden=\"true\" focussable=\"false\"><path d=\"M438.6 278.6l-160 160C272.4 444.9 264.2 448 256 448s-16.38-3.125-22.62-9.375c-12.5-12.5-12.5-32.75 0-45.25L338.8 288H32C14.33 288 .0016 273.7 .0016 256S14.33 224 32 224h306.8l-105.4-105.4c-12.5-12.5-12.5-32.75 0-45.25s32.75-12.5 45.25 0l160 160C451.1 245.9 451.1 266.1 438.6 278.6z\"><\/path><\/svg><\/span><\/a><\/div><\/div>\n<\/div><\/div>\n<\/div>\n\n\n\n<div style=\"height:42px\" aria-hidden=\"true\" class=\"wp-block-spacer\"><\/div>\n<\/div>\n\n\n\n<div class=\"wp-block-uagb-container uagb-block-e270e401\">\n<div class=\"wp-block-uagb-image uagb-block-e5318592 wp-block-uagb-image--layout-default wp-block-uagb-image--effect-static wp-block-uagb-image--align-none\"><figure class=\"wp-block-uagb-image__figure\"><img data-recalc-dims=\"1\" decoding=\"async\" srcset=\"https:\/\/akatia.org\/wp-content\/uploads\/2024\/06\/IMG_8531-1024x576.jpeg ,https:\/\/akatia.org\/wp-content\/uploads\/2024\/06\/IMG_8531-scaled.jpeg 780w, https:\/\/akatia.org\/wp-content\/uploads\/2024\/06\/IMG_8531-scaled.jpeg 360w\" sizes=\"auto, (max-width: 480px) 150px\" src=\"https:\/\/i0.wp.com\/akatia.org\/wp-content\/uploads\/2024\/06\/IMG_8531.jpeg?resize=578%2C324&#038;ssl=1\" alt=\"\" class=\"uag-image-1452\" width=\"578\" height=\"324\" title=\"IMG_8531\" loading=\"lazy\" role=\"img\"\/><\/figure><\/div>\n<\/div>\n<\/div><\/div>\n\n\n\n<div style=\"height:39px\" aria-hidden=\"true\" class=\"wp-block-spacer\"><\/div>\n\n\n\n<div class=\"wp-block-uagb-info-box uagb-block-gh7gqj8p uagb-infobox__content-wrap  uagb-infobox-icon-above-title uagb-infobox-image-valign-top\"><div class=\"uagb-ifb-content\"><div class=\"uagb-ifb-title-wrap\"><h2 class=\"uagb-ifb-title\"><mark style=\"background-color:rgba(0, 0, 0, 0)\" class=\"has-inline-color has-ast-global-color-1-color\"><strong>What we do<\/strong><\/mark><\/h2><\/div><p class=\"uagb-ifb-desc\"><mark style=\"background-color:rgba(0, 0, 0, 0)\" class=\"has-inline-color has-ast-global-color-7-color\"><strong>Our goal is to protect and conserve nature in C\u00f4te d'Ivoire.<\/strong><\/mark><\/p><\/div><\/div>\n\n\n\n<div style=\"height:13px\" aria-hidden=\"true\" class=\"wp-block-spacer\"><\/div>\n\n\n\n<div class=\"wp-block-essential-blocks-advanced-tabs alignwide root-eb-advanced-tabs-0cn5qx5\"><div class=\"eb-parent-wrapper eb-parent-eb-advanced-tabs-0cn5qx5\"><div class=\"eb-advanced-tabs-0cn5qx5 eb-advanced-tabs-wrapper vertical\" data-min-height=\"true\"><div class=\"eb-tabs-nav\"><ul class=\"tabTitles\" data-tabs-ul-id=\"eb-advanced-tabs-0cn5qx5\"><li data-title-tab-id=\"1\" class=\"active\"><div class=\"tab-title-wrap\"><h6 class=\"tab-title-text\">REHABILITATE<\/h6><\/div><\/li><li data-title-tab-id=\"2\" class=\"inactive\"><div class=\"tab-title-wrap\"><h6 class=\"tab-title-text\">PROTECT<\/h6><\/div><\/li><li data-title-tab-id=\"3\" class=\"inactive\"><div class=\"tab-title-wrap\"><h6 class=\"tab-title-text\">FIGHT<\/h6><\/div><\/li><\/ul><\/div><div class=\"eb-tabs-contents\">\n<div class=\"eb-tab-wrapper\" data-tab-id=\"1\" data-tab-parent-id=\"eb-advanced-tabs-0cn5qx5\"><div class=\"eb-tab-inner\">\n<div class=\"wp-block-essential-blocks-wrapper  root-eb-wrapper-6ordvtz\"><div class=\"eb-parent-wrapper eb-parent-eb-wrapper-6ordvtz\"><div class=\"eb-wrapper-outer eb-wrapper-6ordvtz\"><div class=\"eb-wrapper-inner\"><div class=\"eb-wrapper-inner-blocks eb-wrapper-align-center\">\n<div class=\"wp-block-essential-blocks-row alignfull  root-eb-row-3r1nawf\"><div class=\"eb-parent-wrapper eb-parent-eb-row-3r1nawf\"><div class=\"eb-row-root-container eb-row-3r1nawf\" data-id=\"eb-row-3r1nawf\"><div class=\"eb-row-wrapper\"><div class=\"eb-row-inner\">\n<div class=\"wp-block-essential-blocks-column  root-eb-column-e8u77c4\"><div class=\"eb-parent-wrapper eb-parent-eb-column-e8u77c4\"><div class=\"eb-column-wrapper eb-column-e8u77c4\"><div class=\"eb-column-inner\">\n<div class=\"wp-block-essential-blocks-infobox  root-eb-infobox-5xsbib7\"><div class=\"eb-parent-wrapper eb-parent-eb-infobox-5xsbib7\"><div class=\"eb-infobox-5xsbib7 eb-infobox-wrapper\"><div class=\"infobox-wrapper-inner\"><div class=\"icon-img-wrapper\"><div class=\"eb-infobox-image-wrapper\"><div class=\"eb-image-wrapper\"><div class=\"eb-image-wrapper-inner eb-infobox-image\"><img data-recalc-dims=\"1\" decoding=\"async\" src=\"https:\/\/i0.wp.com\/akatia.org\/wp-content\/uploads\/2024\/06\/DSC_2752-scaled.jpg?ssl=1\" alt=\"\"\/><\/div><\/div><\/div><\/div><div class=\"contents-wrapper\"><h2 class=\"title\">Rehabilitating chimpanzees and monkeys victims of illegal wildlife trade<\/h2><p class=\"description\">We recover chimpanzees and small monkeys confiscated by the authorities as a result of illegal trafficking and poaching, in order to rehabilitate them for life in the wild. The ultimate aim is to be able to release certain individuals into protected and suitable areas.<\/p><\/div><\/div><\/div><\/div><\/div>\n<\/div><\/div><\/div><\/div>\n<\/div><\/div><\/div><\/div><\/div>\n<\/div><\/div><\/div><\/div><\/div>\n<\/div><\/div>\n\n\n\n<div class=\"eb-tab-wrapper\" data-tab-id=\"2\" data-tab-parent-id=\"eb-advanced-tabs-0cn5qx5\"><div class=\"eb-tab-inner\">\n<div class=\"wp-block-essential-blocks-wrapper  root-eb-wrapper-d2qzq3x\"><div class=\"eb-parent-wrapper eb-parent-eb-wrapper-d2qzq3x\"><div class=\"eb-wrapper-outer eb-wrapper-d2qzq3x\"><div class=\"eb-wrapper-inner\"><div class=\"eb-wrapper-inner-blocks eb-wrapper-align-center\">\n<div class=\"wp-block-essential-blocks-row alignfull  root-eb-row-noktrw0\"><div class=\"eb-parent-wrapper eb-parent-eb-row-noktrw0\"><div class=\"eb-row-root-container eb-row-noktrw0\" data-id=\"eb-row-noktrw0\"><div class=\"eb-row-wrapper\"><div class=\"eb-row-inner\">\n<div class=\"wp-block-essential-blocks-column  root-eb-column-bps3kix\"><div class=\"eb-parent-wrapper eb-parent-eb-column-bps3kix\"><div class=\"eb-column-wrapper eb-column-bps3kix\"><div class=\"eb-column-inner\">\n<div class=\"wp-block-essential-blocks-infobox  root-eb-infobox-d9k72\"><div class=\"eb-parent-wrapper eb-parent-eb-infobox-d9k72\"><div class=\"eb-infobox-d9k72 eb-infobox-wrapper\"><div class=\"infobox-wrapper-inner\"><div class=\"icon-img-wrapper\"><div class=\"eb-infobox-image-wrapper\"><div class=\"eb-image-wrapper\"><div class=\"eb-image-wrapper-inner eb-infobox-image\"><img data-recalc-dims=\"1\" decoding=\"async\" src=\"https:\/\/i0.wp.com\/akatia.org\/wp-content\/uploads\/2024\/06\/BSSI-FORET.jpg?ssl=1\" alt=\"\"\/><\/div><\/div><\/div><\/div><div class=\"contents-wrapper\"><h2 class=\"title\">Protecting and defending the forest<\/h2><p class=\"description\">We protect over 6,000 hectares of Ivorian forest with the help of eco-guards from the Special Brigade for Surveillance and Intervention of the Ministry of Water and Forests. They patrol daily to safeguard its biodiversity, which is as precious as it is fragile.<\/p><\/div><\/div><\/div><\/div><\/div>\n<\/div><\/div><\/div><\/div>\n<\/div><\/div><\/div><\/div><\/div>\n<\/div><\/div><\/div><\/div><\/div>\n<\/div><\/div>\n\n\n\n<div class=\"eb-tab-wrapper\" data-tab-id=\"3\" data-tab-parent-id=\"eb-advanced-tabs-0cn5qx5\"><div class=\"eb-tab-inner\">\n<div class=\"wp-block-uagb-container uagb-block-2379316d alignfull uagb-is-root-container\"><div class=\"uagb-container-inner-blocks-wrap\">\n<div class=\"wp-block-uagb-container uagb-block-a15eac3e\">\n<div class=\"wp-block-uagb-container uagb-block-a78a9b10\">\n<div class=\"wp-block-essential-blocks-infobox  root-eb-infobox-orars\"><div class=\"eb-parent-wrapper eb-parent-eb-infobox-orars\"><div class=\"eb-infobox-orars eb-infobox-wrapper\"><div class=\"infobox-wrapper-inner\"><div class=\"icon-img-wrapper\"><div class=\"eb-infobox-image-wrapper\"><div class=\"eb-image-wrapper\"><div class=\"eb-image-wrapper-inner eb-infobox-image\"><img data-recalc-dims=\"1\" decoding=\"async\" src=\"https:\/\/i0.wp.com\/akatia.org\/wp-content\/uploads\/2024\/06\/braconnage-patas-edited.jpg?ssl=1\" alt=\"\"\/><\/div><\/div><\/div><\/div><div class=\"contents-wrapper\"><h2 class=\"title\">Fighting Against Trafficking and Poaching<\/h2><p class=\"description\">Primates are illegally sold as pets (often to be featured in social media videos) or consumed as bushmeat. We raise awareness among local communities and the general public to combat this devastating practice.<\/p><\/div><\/div><\/div><\/div><\/div>\n<\/div>\n<\/div>\n<\/div><\/div>\n<\/div><\/div>\n<\/div><\/div><\/div><\/div>\n\n\n\n<div style=\"height:34px\" aria-hidden=\"true\" class=\"wp-block-spacer\"><\/div>\n\n\n\n<div class=\"wp-block-essential-blocks-wrapper  root-eb-wrapper-2cjmt\"><div class=\"eb-parent-wrapper eb-parent-eb-wrapper-2cjmt\"><div class=\"eb-wrapper-outer eb-wrapper-2cjmt\"><div class=\"eb-wrapper-inner\"><div class=\"eb-wrapper-inner-blocks eb-wrapper-align-center\"><\/div><\/div><\/div><\/div><\/div>\n\n\n\n<div class=\"wp-block-uagb-container uagb-block-d2e164d2 alignfull uagb-is-root-container\"><div class=\"uagb-container-inner-blocks-wrap\">\n<div class=\"wp-block-uagb-container uagb-block-54768f85\">\n<div class=\"wp-block-uagb-icon-list uagb-block-6419c785\"><div class=\"uagb-icon-list__wrap\">\n<div class=\"wp-block-uagb-icon-list-child uagb-block-3da19111\"><a target=\"_self\" aria-label=\"\u00c9l\u00e9ment de liste\" rel=\"noopener noreferrer\" href=\"https:\/\/www.facebook.com\/akatiaCI\/?locale=fr_FR\"> <\/a><span class=\"uagb-icon-list__source-wrap\"><svg xmlns=\"https:\/\/www.w3.org\/2000\/svg\" viewbox=\"0 0 320 512\"><path d=\"M279.1 288l14.22-92.66h-88.91v-60.13c0-25.35 12.42-50.06 52.24-50.06h40.42V6.26S260.4 0 225.4 0c-73.22 0-121.1 44.38-121.1 124.7v70.62H22.89V288h81.39v224h100.2V288z\"><\/path><\/svg><\/span><\/div>\n\n\n\n<div class=\"wp-block-uagb-icon-list-child uagb-block-b480b92f\"><a target=\"_self\" aria-label=\"\u00c9l\u00e9ment de liste\" rel=\"noopener noreferrer\" href=\"https:\/\/www.linkedin.com\/company\/akatia\/?trk=similar-pages&amp;originalSubdomain=ci\"> <\/a><span class=\"uagb-icon-list__source-wrap\"><svg xmlns=\"https:\/\/www.w3.org\/2000\/svg\" viewbox=\"0 0 448 512\"><path d=\"M100.3 448H7.4V148.9h92.88zM53.79 108.1C24.09 108.1 0 83.5 0 53.8a53.79 53.79 0 0 1 107.6 0c0 29.7-24.1 54.3-53.79 54.3zM447.9 448h-92.68V302.4c0-34.7-.7-79.2-48.29-79.2-48.29 0-55.69 37.7-55.69 76.7V448h-92.78V148.9h89.08v40.8h1.3c12.4-23.5 42.69-48.3 87.88-48.3 94 0 111.3 61.9 111.3 142.3V448z\"><\/path><\/svg><\/span><\/div>\n\n\n\n<div class=\"wp-block-uagb-icon-list-child uagb-block-c432dddc\"><a target=\"_self\" aria-label=\"\u00c9l\u00e9ment de liste\" rel=\"noopener noreferrer\" href=\"https:\/\/www.instagram.com\/akatiaong\/\"> <\/a><span class=\"uagb-icon-list__source-wrap\"><svg xmlns=\"https:\/\/www.w3.org\/2000\/svg\" viewbox=\"0 0 448 512\"><path d=\"M224.1 141c-63.6 0-114.9 51.3-114.9 114.9s51.3 114.9 114.9 114.9S339 319.5 339 255.9 287.7 141 224.1 141zm0 189.6c-41.1 0-74.7-33.5-74.7-74.7s33.5-74.7 74.7-74.7 74.7 33.5 74.7 74.7-33.6 74.7-74.7 74.7zm146.4-194.3c0 14.9-12 26.8-26.8 26.8-14.9 0-26.8-12-26.8-26.8s12-26.8 26.8-26.8 26.8 12 26.8 26.8zm76.1 27.2c-1.7-35.9-9.9-67.7-36.2-93.9-26.2-26.2-58-34.4-93.9-36.2-37-2.1-147.9-2.1-184.9 0-35.8 1.7-67.6 9.9-93.9 36.1s-34.4 58-36.2 93.9c-2.1 37-2.1 147.9 0 184.9 1.7 35.9 9.9 67.7 36.2 93.9s58 34.4 93.9 36.2c37 2.1 147.9 2.1 184.9 0 35.9-1.7 67.7-9.9 93.9-36.2 26.2-26.2 34.4-58 36.2-93.9 2.1-37 2.1-147.8 0-184.8zM398.8 388c-7.8 19.6-22.9 34.7-42.6 42.6-29.5 11.7-99.5 9-132.1 9s-102.7 2.6-132.1-9c-19.6-7.8-34.7-22.9-42.6-42.6-11.7-29.5-9-99.5-9-132.1s-2.6-102.7 9-132.1c7.8-19.6 22.9-34.7 42.6-42.6 29.5-11.7 99.5-9 132.1-9s102.7-2.6 132.1 9c19.6 7.8 34.7 22.9 42.6 42.6 11.7 29.5 9 99.5 9 132.1s2.7 102.7-9 132.1z\"><\/path><\/svg><\/span><\/div>\n<\/div><\/div>\n<\/div>\n\n\n\n<div class=\"wp-block-uagb-container uagb-block-82607660\">\n<div class=\"wp-block-uagb-advanced-heading uagb-block-bbfa7be5\"><h2 class=\"uagb-heading-text\"><strong>Join us in the field<\/strong><\/h2><\/div>\n\n\n\n<div class=\"wp-block-uagb-advanced-heading uagb-block-9f62b922\"><h5 class=\"uagb-heading-text\"><strong>Are you a carer, a handyman, or just a passionate person with a valuable skill that could strengthen our work in the field? Then we need you!<\/strong><\/h5><\/div>\n\n\n\n<div class=\"wp-block-uagb-advanced-heading uagb-block-d395ed27\"><p class=\"uagb-heading-text\">Akatia has two forest sanctuaries and works with the Ivorian Ministry of Water and Forests to protect the forest and its biodiversity. Your contribution is essential to achieve our objectives. <br><br>Contact us today to get involved and make a difference. Your commitment is our strength!<\/p><\/div>\n\n\n\n<div class=\"wp-block-uagb-buttons uagb-buttons__outer-wrap uagb-btn__default-btn uagb-btn-tablet__default-btn uagb-btn-mobile__default-btn uagb-block-bd33a6f4\"><div class=\"uagb-buttons__wrap uagb-buttons-layout-wrap\">\n<div class=\"wp-block-uagb-buttons-child uagb-buttons__outer-wrap uagb-block-42af359f wp-block-button\"><div class=\"uagb-button__wrapper\"><a class=\"uagb-buttons-repeater wp-block-button__link\" aria-label=\"\" href=\"\/\/akatia.org\/en\/devenir-volontaire-sur-le-terrain\/\" rel=\"follow noopener\" target=\"_blank\" role=\"button\"><div class=\"uagb-button__link\">Join us<\/div><span class=\"uagb-button__icon uagb-button__icon-position-after\"><svg xmlns=\"https:\/\/www.w3.org\/2000\/svg\" viewbox=\"0 0 448 512\" aria-hidden=\"true\" focussable=\"false\"><path d=\"M438.6 278.6l-160 160C272.4 444.9 264.2 448 256 448s-16.38-3.125-22.62-9.375c-12.5-12.5-12.5-32.75 0-45.25L338.8 288H32C14.33 288 .0016 273.7 .0016 256S14.33 224 32 224h306.8l-105.4-105.4c-12.5-12.5-12.5-32.75 0-45.25s32.75-12.5 45.25 0l160 160C451.1 245.9 451.1 266.1 438.6 278.6z\"><\/path><\/svg><\/span><\/a><\/div><\/div>\n<\/div><\/div>\n<\/div>\n<\/div><\/div>","protected":false},"excerpt":{"rendered":"<p>&lt; On parle pas, on agit. &gt; Nous sommes dans l\u2019action concr\u00e8te sur le terrain. Nous vivons en campement en for\u00eat, sans \u00e9lectricit\u00e9, sans acc\u00e8s \u00e0 l\u2019eau potable, sans r\u00e9seau internet. Nous sommes au plus pr\u00e8s de l\u2019environnement naturel des animaux afin de les r\u00e9habiliter et de les prot\u00e9ger. Votre soutien est indispensable Rejoignez-nous sur [&hellip;]<\/p>\n","protected":false},"author":1,"featured_media":0,"parent":0,"menu_order":0,"comment_status":"closed","ping_status":"closed","template":"","meta":{"_eb_attr":"","_uag_custom_page_level_css":"","_monsterinsights_skip_tracking":false,"_monsterinsights_sitenote_active":false,"_monsterinsights_sitenote_note":"","_monsterinsights_sitenote_category":0,"site-sidebar-layout":"no-sidebar","site-content-layout":"page-builder","ast-site-content-layout":"full-width-container","site-content-style":"unboxed","site-sidebar-style":"unboxed","ast-global-header-display":"","ast-banner-title-visibility":"","ast-main-header-display":"","ast-hfb-above-header-display":"","ast-hfb-below-header-display":"","ast-hfb-mobile-header-display":"","site-post-title":"disabled","ast-breadcrumbs-content":"","ast-featured-img":"","footer-sml-layout":"","theme-transparent-header-meta":"enabled","adv-header-id-meta":"","stick-header-meta":"","header-above-stick-meta":"","header-main-stick-meta":"","header-below-stick-meta":"","astra-migrate-meta-layouts":"set","ast-page-background-enabled":"default","ast-page-background-meta":{"desktop":{"background-color":"","background-image":"","background-repeat":"repeat","background-position":"center center","background-size":"auto","background-attachment":"scroll","background-type":"","background-media":"","overlay-type":"","overlay-color":"","overlay-opacity":"","overlay-gradient":""},"tablet":{"background-color":"","background-image":"","background-repeat":"repeat","background-position":"center center","background-size":"auto","background-attachment":"scroll","background-type":"","background-media":"","overlay-type":"","overlay-color":"","overlay-opacity":"","overlay-gradient":""},"mobile":{"background-color":"","background-image":"","background-repeat":"repeat","background-position":"center center","background-size":"auto","background-attachment":"scroll","background-type":"","background-media":"","overlay-type":"","overlay-color":"","overlay-opacity":"","overlay-gradient":""}},"ast-content-background-meta":{"desktop":{"background-color":"var(--ast-global-color-5)","background-image":"","background-repeat":"repeat","background-position":"center center","background-size":"auto","background-attachment":"scroll","background-type":"","background-media":"","overlay-type":"","overlay-color":"","overlay-opacity":"","overlay-gradient":""},"tablet":{"background-color":"var(--ast-global-color-5)","background-image":"","background-repeat":"repeat","background-position":"center center","background-size":"auto","background-attachment":"scroll","background-type":"","background-media":"","overlay-type":"","overlay-color":"","overlay-opacity":"","overlay-gradient":""},"mobile":{"background-color":"var(--ast-global-color-5)","background-image":"","background-repeat":"repeat","background-position":"center center","background-size":"auto","background-attachment":"scroll","background-type":"","background-media":"","overlay-type":"","overlay-color":"","overlay-opacity":"","overlay-gradient":""}},"footnotes":""},"class_list":["post-556","page","type-page","status-publish","hentry"],"aioseo_notices":[],"uagb_featured_image_src":{"full":false,"thumbnail":false,"medium":false,"medium_large":false,"large":false,"1536x1536":false,"2048x2048":false,"trp-custom-language-flag":false},"uagb_author_info":{"display_name":"hmingui","author_link":"https:\/\/akatia.org\/en\/author\/hmingui\/"},"uagb_comment_info":0,"uagb_excerpt":"&lt; On parle pas, on agit. &gt; Nous sommes dans l\u2019action concr\u00e8te sur le terrain. Nous vivons en campement en for\u00eat, sans \u00e9lectricit\u00e9, sans acc\u00e8s \u00e0 l\u2019eau potable, sans r\u00e9seau internet. Nous sommes au plus pr\u00e8s de l\u2019environnement naturel des animaux afin de les r\u00e9habiliter et de les prot\u00e9ger. Votre soutien est indispensable Rejoignez-nous sur&hellip;","_links":{"self":[{"href":"https:\/\/akatia.org\/en\/wp-json\/wp\/v2\/pages\/556","targetHints":{"allow":["GET"]}}],"collection":[{"href":"https:\/\/akatia.org\/en\/wp-json\/wp\/v2\/pages"}],"about":[{"href":"https:\/\/akatia.org\/en\/wp-json\/wp\/v2\/types\/page"}],"author":[{"embeddable":true,"href":"https:\/\/akatia.org\/en\/wp-json\/wp\/v2\/users\/1"}],"replies":[{"embeddable":true,"href":"https:\/\/akatia.org\/en\/wp-json\/wp\/v2\/comments?post=556"}],"version-history":[{"count":197,"href":"https:\/\/akatia.org\/en\/wp-json\/wp\/v2\/pages\/556\/revisions"}],"predecessor-version":[{"id":4516,"href":"https:\/\/akatia.org\/en\/wp-json\/wp\/v2\/pages\/556\/revisions\/4516"}],"wp:attachment":[{"href":"https:\/\/akatia.org\/en\/wp-json\/wp\/v2\/media?parent=556"}],"curies":[{"name":"wp","href":"https:\/\/api.w.org\/{rel}","templated":true}]}}