{"id":2354,"date":"2024-06-28T17:29:28","date_gmt":"2024-06-28T15:29:28","guid":{"rendered":"https:\/\/akatia.org\/?page_id=2354"},"modified":"2024-07-31T08:32:37","modified_gmt":"2024-07-31T06:32:37","slug":"proteger-et-defendre-la-foret","status":"publish","type":"page","link":"https:\/\/akatia.org\/fr\/proteger-et-defendre-la-foret\/","title":{"rendered":"Prot\u00e9ger et d\u00e9fendre la for\u00eat"},"content":{"rendered":"\n<div style=\"height:100px\" aria-hidden=\"true\" class=\"wp-block-spacer\"><\/div>\n\n\n\n<div class=\"wp-block-uagb-container uagb-block-kim4p634 alignfull uagb-is-root-container\"><div class=\"uagb-container-inner-blocks-wrap\">\n<div class=\"wp-block-uagb-info-box uagb-block-w2yodray uagb-infobox__content-wrap  uagb-infobox-icon-above-title uagb-infobox-image-valign-top\"><div class=\"uagb-ifb-content\"><div class=\"uagb-ifb-title-wrap\"><h1 class=\"uagb-ifb-title\">La for\u00eat, notre pilier <\/h1><\/div><\/div><\/div>\n<\/div><\/div>\n\n\n\n<div class=\"wp-block-uagb-container uagb-block-em8xwpgp alignfull uagb-is-root-container\"><div class=\"uagb-container-inner-blocks-wrap\">\n<div class=\"wp-block-uagb-container uagb-block-vpofsgtd\">\n<div class=\"wp-block-uagb-info-box uagb-block-yw3dmzi2 uagb-infobox__content-wrap  uagb-infobox-icon-above-title uagb-infobox-image-valign-top\"><div class=\"uagb-ifb-content\"><div class=\"uagb-ifb-title-wrap\"><h2 class=\"uagb-ifb-title\">Plus de 90% de la for\u00eat ivoirienne a disparu&#8230;<\/h2><\/div><\/div><\/div>\n<\/div>\n\n\n\n<div class=\"wp-block-uagb-container uagb-block-bkvwyc3x\">\n<div class=\"wp-block-uagb-image alignleft uagb-block-kagj5kgo wp-block-uagb-image--layout-default wp-block-uagb-image--effect-static wp-block-uagb-image--align-left\"><figure class=\"wp-block-uagb-image__figure\"><img data-recalc-dims=\"1\" decoding=\"async\" srcset=\"https:\/\/akatia.org\/wp-content\/uploads\/2024\/07\/foret-1.jpg ,https:\/\/akatia.org\/wp-content\/uploads\/2024\/07\/foret-1.jpg 780w, https:\/\/akatia.org\/wp-content\/uploads\/2024\/07\/foret-1.jpg 360w\" sizes=\"auto, (max-width: 480px) 150px\" src=\"https:\/\/i0.wp.com\/akatia.org\/wp-content\/uploads\/2024\/07\/foret-1.jpg?resize=564%2C500&#038;ssl=1\" alt=\"\" class=\"uag-image-3497\" width=\"564\" height=\"500\" title=\"foret 1\" loading=\"lazy\" role=\"img\"\/><\/figure><\/div>\n\n\n\n<div class=\"wp-block-uagb-container uagb-block-tawq9iof\">\n<div class=\"wp-block-uagb-container uagb-block-wkhptjxt\">\n<div class=\"wp-block-uagb-info-box uagb-block-ve8k4pyx uagb-infobox__content-wrap  uagb-infobox-icon-above-title uagb-infobox-image-valign-top\"><div class=\"uagb-ifb-content\"><div class=\"uagb-ifb-title-wrap\"><\/div><p class=\"uagb-ifb-desc\">En 1960, la C\u00f4te d\u2019Ivoire disposait d\u2019une des biodiversit\u00e9s les plus riches d\u2019Afrique, allant des for\u00eats tropicales humides aux vastes savanes et esp\u00e8ces animales end\u00e9miques. Pr\u00e8s de soixante ans plus tard, 90% de ses for\u00eats ont disparu. <br><br>La destruction de la for\u00eat met en p\u00e9ril non seulement la biodiversit\u00e9 unique de la r\u00e9gion, mais aussi les moyens de subsistance de millions de personnes. Les causes principales de cette disparition sont principalement <strong>la d\u00e9forestation pour l&rsquo;industrie du cacao et d&rsquo;huile de palme, suivie l&rsquo;exploitation ill\u00e9gale du bois et de l&rsquo;urbanisation. <br><\/strong><br>Cette d\u00e9gradation de l&rsquo;habitat menace la survie de nombreuses esp\u00e8ces v\u00e9g\u00e9tales et animales ! <strong>Prot\u00e9ger l&rsquo;habitat naturel est donc la cl\u00e9 de voute \u00e0 la conservation<\/strong> de cette biodiversit\u00e9 exceptionnelle. <strong>Chimpanz\u00e9s, pangolins, hocheurs \u00e0 nez-blancs..<\/strong>. autant d&rsquo;esp\u00e8ces class\u00e9es comme en danger critique d&rsquo;extinction sur la liste rouge de <a href=\"http:\/\/www.iucnredlist.org\/details\/15935\/0\">l&rsquo;UICN<\/a>.<br><br>Pr\u00e9server les for\u00eats, c&rsquo;est aussi <strong>lutter contre le changement climatique et ses impacts sur les soci\u00e9t\u00e9s humaines <\/strong>: catastrophes naturelles, d\u00e9r\u00e8glement du cycle de l&rsquo;eau, ins\u00e9curit\u00e9 alimentaire, conflits&#8230;<\/p><\/div><\/div>\n<\/div>\n<\/div>\n<\/div>\n<\/div><\/div>\n\n\n\n<div class=\"wp-block-uagb-container uagb-block-dd583d6f alignfull uagb-is-root-container\"><div class=\"uagb-container-inner-blocks-wrap\">\n<div class=\"wp-block-uagb-container uagb-block-41548733\">\n<div class=\"wp-block-uagb-info-box uagb-block-2f852ae3 uagb-infobox__content-wrap  uagb-infobox-icon-above-title uagb-infobox-image-valign-top\"><div class=\"uagb-ifb-content\"><div class=\"uagb-ifb-title-wrap\"><h2 class=\"uagb-ifb-title\">Mais nous nous battons pour conserver le reste !<\/h2><\/div><\/div><\/div>\n<\/div>\n\n\n\n<div class=\"wp-block-uagb-container uagb-block-de43f23d\">\n<div class=\"wp-block-uagb-image alignleft uagb-block-2ebd9fa6 wp-block-uagb-image--layout-default wp-block-uagb-image--effect-static wp-block-uagb-image--align-left\"><figure class=\"wp-block-uagb-image__figure\"><img data-recalc-dims=\"1\" decoding=\"async\" srcset=\"https:\/\/akatia.org\/wp-content\/uploads\/2024\/06\/photo-bssi-propre-1024x640.jpeg ,https:\/\/akatia.org\/wp-content\/uploads\/2024\/06\/photo-bssi-propre.jpeg 780w, https:\/\/akatia.org\/wp-content\/uploads\/2024\/06\/photo-bssi-propre.jpeg 360w\" sizes=\"auto, (max-width: 480px) 150px\" src=\"https:\/\/i0.wp.com\/akatia.org\/wp-content\/uploads\/2024\/06\/photo-bssi-propre.jpeg?resize=564%2C500&#038;ssl=1\" alt=\"\" class=\"uag-image-2542\" width=\"564\" height=\"500\" title=\"photo bssi propre\" loading=\"lazy\" role=\"img\"\/><\/figure><\/div>\n\n\n\n<div class=\"wp-block-uagb-container uagb-block-05d1edbe\">\n<div class=\"wp-block-uagb-container uagb-block-d4500349\">\n<div class=\"wp-block-uagb-info-box uagb-block-c030eebd uagb-infobox__content-wrap  uagb-infobox-icon-above-title uagb-infobox-image-valign-top\"><div class=\"uagb-ifb-content\"><div class=\"uagb-ifb-title-wrap\"><\/div><p class=\"uagb-ifb-desc\">Dans un accord historique, le Minist\u00e8re de l&rsquo;Eau et des For\u00eats de C\u00f4te d&rsquo;Ivoire a octroy\u00e9 deux for\u00eats class\u00e9es \u00e0 AKATIA. <br><br><strong>La f\u00f4ret de Yapo- Abb\u00e9 <\/strong>(4 500 ha), o\u00f9 se trouve notre sanctuaire pour petits singes, et <strong>la f\u00f4ret Como\u00e9 1 <\/strong>(1 200 ha) avec le sanctuaire des chimpanz\u00e9s. <br><br>Pour mener \u00e0 bien notre mission, <strong>nous collaborons \u00e9troitement avec la BSSI, Brigade Sp\u00e9ciale de Surveillance et d\u2019Intervention<\/strong>. Une \u00e9quipe d\u00e9di\u00e9e, le Service Faune, a \u00e9t\u00e9 cr\u00e9e afin de prot\u00e9ger concr\u00e8tement ces for\u00eats. Pr\u00e9sents avec nous sur le terrain, <strong>ces \u00e9cogardes prot\u00e8gent nos camps et effectuent des patrouilles quotidiennes visant \u00e0 arr\u00eater les braconniers, chasseurs et d\u00e9fricheurs<\/strong> <strong>(<\/strong>des personnes d\u00e9frichant des esp\u00e8ces de for\u00eat pour y faire des plantations sauvages ou y prendre du bois de mani\u00e8re ill\u00e9gale).<br><br>Cette brigade a \u00e9t\u00e9 form\u00e9e par l&rsquo;ONG <a href=\"https:\/\/crowngo.org\">C.R.O.W,<\/a> une organisation am\u00e9ricaine sp\u00e9cialis\u00e9e dans la formation de rangers luttant contre braconnage et pour la conservation dans le monde entier, en particulier dans les zones \u00e0 risque. <strong>Ces \u00e9cogardes sont les gardiens de la for\u00eat.<\/strong><\/p><\/div><\/div>\n<\/div>\n<\/div>\n<\/div>\n<\/div><\/div>\n\n\n\n<div class=\"wp-block-uagb-container uagb-block-cplpndye alignfull uagb-is-root-container\"><div class=\"uagb-container-inner-blocks-wrap\">\n<div class=\"wp-block-uagb-info-box uagb-block-vchwzgvs uagb-infobox__content-wrap  uagb-infobox-icon-above-title uagb-infobox-image-valign-top\"><div class=\"uagb-ifb-content\"><div class=\"uagb-ifb-title-wrap\"><h2 class=\"uagb-ifb-title\">Le suivi comme outil de protection suppl\u00e9mentaire<\/h2><\/div><\/div><\/div>\n\n\n\n<div class=\"wp-block-uagb-container uagb-block-acwpxnrz\">\n<div class=\"wp-block-uagb-info-box uagb-block-lbfxwvn9 uagb-infobox__content-wrap  uagb-infobox-icon-above-title uagb-infobox-image-valign-top\"><div class=\"uagb-ifb-content\"><div class=\"uagb-ifb-title-wrap\"><\/div><p class=\"uagb-ifb-desc\">La for\u00eat de Yappo-Abb\u00e9 est un v\u00e9ritable tr\u00e9sor en termes de biodiversit\u00e9. Particuli\u00e8rement sujette au braconnage, nous avons u<strong>n technicien-chercheur<\/strong> pr\u00e9sent sur place afin de <strong>suivre les groupes de chimpanz\u00e9s sauvages et de petits singes<\/strong> (identification du territoire, du nombre d\u2019individus, des comportements&#8230;). <strong>Il positionne des cam\u00e9ras trap pour confirmer la pr\u00e9sence des animaux et d&rsquo;en faire l&rsquo;inventaire<\/strong>. Il identifie aussi les zones de conflits potentiels entre les humains et les primates.<\/p><\/div><\/div>\n\n\n\n<div class=\"wp-block-uagb-info-box uagb-block-qhnjl384 uagb-infobox__content-wrap  uagb-infobox-icon-above-title uagb-infobox-image-valign-top\"><div class=\"uagb-ifb-content\"><div class=\"uagb-ifb-title-wrap\"><\/div><p class=\"uagb-ifb-desc\">Dans notre objectif de sensibilisation, <strong>il forme des anciens chasseurs repentis \u00e0 ce travail afin d<\/strong>&lsquo;<strong>alerter les communaut\u00e9s locales \u00e0 l&rsquo;importance de prot\u00e9ger la faune sauvage.<\/strong><\/p><\/div><\/div>\n<\/div>\n<\/div><\/div>\n\n\n\n<p><\/p>\n\n\n\n<div class=\"wp-block-uagb-container uagb-block-75329821 alignfull uagb-is-root-container\"><div class=\"uagb-container-inner-blocks-wrap\">\n<div class=\"wp-block-uagb-container uagb-block-de477319\">\n<div class=\"wp-block-uagb-image uagb-block-1f73d0ce wp-block-uagb-image--layout-overlay wp-block-uagb-image--effect-static wp-block-uagb-image--align-none\"><figure class=\"wp-block-uagb-image__figure\"><img data-recalc-dims=\"1\" decoding=\"async\" srcset=\"https:\/\/akatia.org\/wp-content\/uploads\/2024\/06\/Capture-decran-2024-06-29-a-16.05.58.jpg ,https:\/\/akatia.org\/wp-content\/uploads\/2024\/06\/Capture-decran-2024-06-29-a-16.05.58.jpg 780w, https:\/\/akatia.org\/wp-content\/uploads\/2024\/06\/Capture-decran-2024-06-29-a-16.05.58.jpg 360w\" sizes=\"auto, (max-width: 480px) 150px\" src=\"https:\/\/i0.wp.com\/akatia.org\/wp-content\/uploads\/2024\/06\/Capture-decran-2024-06-29-a-16.05.58.jpg?resize=353%2C188&#038;ssl=1\" alt=\"\" class=\"uag-image-2559\" width=\"353\" height=\"188\" title=\"Capture-decran-2024-06-29-a-16.05.58\" loading=\"lazy\" role=\"img\"\/><div class=\"wp-block-uagb-image--layout-overlay__color-wrapper\"><\/div><div class=\"wp-block-uagb-image--layout-overlay__inner center-center\"><h4 class=\"uagb-image-heading\">Pangolin \u00e0 ventre blanc<\/h4><\/div><\/figure><\/div>\n<\/div>\n\n\n\n<div class=\"wp-block-uagb-container uagb-block-fbae04c8\">\n<div class=\"wp-block-uagb-image uagb-block-a86a0400 wp-block-uagb-image--layout-overlay wp-block-uagb-image--effect-static wp-block-uagb-image--align-none\"><figure class=\"wp-block-uagb-image__figure\"><img data-recalc-dims=\"1\" decoding=\"async\" srcset=\"https:\/\/akatia.org\/wp-content\/uploads\/2024\/07\/mangoustre-brune-Crossarchus-obscurus-e1722407341890-edited.jpeg ,https:\/\/akatia.org\/wp-content\/uploads\/2024\/07\/mangoustre-brune-Crossarchus-obscurus-e1722407341890.jpeg 780w, https:\/\/akatia.org\/wp-content\/uploads\/2024\/07\/mangoustre-brune-Crossarchus-obscurus-e1722407341890.jpeg 360w\" sizes=\"auto, (max-width: 480px) 150px\" src=\"https:\/\/i0.wp.com\/akatia.org\/wp-content\/uploads\/2024\/07\/mangoustre-brune-Crossarchus-obscurus-e1722407341890-edited.jpeg?resize=363%2C216&#038;ssl=1\" alt=\"\" class=\"uag-image-3728\" width=\"363\" height=\"216\" title=\"mangoustre brune Crossarchus obscurus\" loading=\"lazy\" role=\"img\"\/><div class=\"wp-block-uagb-image--layout-overlay__color-wrapper\"><\/div><div class=\"wp-block-uagb-image--layout-overlay__inner center-center\"><h4 class=\"uagb-image-heading\">Mangouste brune<\/h4><\/div><\/figure><\/div>\n<\/div>\n\n\n\n<div class=\"wp-block-uagb-container uagb-block-5c06b1d9\">\n<div class=\"wp-block-uagb-image uagb-block-a18e693e wp-block-uagb-image--layout-overlay wp-block-uagb-image--effect-static wp-block-uagb-image--align-none\"><figure class=\"wp-block-uagb-image__figure\"><img data-recalc-dims=\"1\" decoding=\"async\" srcset=\"https:\/\/akatia.org\/wp-content\/uploads\/2024\/06\/guib-harnache-edited-1024x576.jpg ,https:\/\/akatia.org\/wp-content\/uploads\/2024\/06\/guib-harnache-edited.jpg 780w, https:\/\/akatia.org\/wp-content\/uploads\/2024\/06\/guib-harnache-edited.jpg 360w\" sizes=\"auto, (max-width: 480px) 150px\" src=\"https:\/\/i0.wp.com\/akatia.org\/wp-content\/uploads\/2024\/06\/guib-harnache-edited-1024x576.jpg?resize=367%2C206&#038;ssl=1\" alt=\"\" class=\"uag-image-2563\" width=\"367\" height=\"206\" title=\"guib-harnache\" loading=\"lazy\" role=\"img\"\/><div class=\"wp-block-uagb-image--layout-overlay__color-wrapper\"><\/div><div class=\"wp-block-uagb-image--layout-overlay__inner center-center\"><h4 class=\"uagb-image-heading\">Guib harnach\u00e9<\/h4><\/div><\/figure><\/div>\n<\/div>\n\n\n\n<div class=\"wp-block-uagb-container uagb-block-52e212d4\">\n<div class=\"wp-block-uagb-image uagb-block-ce80fd9b wp-block-uagb-image--layout-overlay wp-block-uagb-image--effect-static wp-block-uagb-image--align-none\"><figure class=\"wp-block-uagb-image__figure\"><img data-recalc-dims=\"1\" decoding=\"async\" srcset=\"https:\/\/akatia.org\/wp-content\/uploads\/2024\/06\/calao-a-tete-blanche-edited-1024x576.jpg ,https:\/\/akatia.org\/wp-content\/uploads\/2024\/06\/calao-a-tete-blanche-edited.jpg 780w, https:\/\/akatia.org\/wp-content\/uploads\/2024\/06\/calao-a-tete-blanche-edited.jpg 360w\" sizes=\"auto, (max-width: 480px) 150px\" src=\"https:\/\/i0.wp.com\/akatia.org\/wp-content\/uploads\/2024\/06\/calao-a-tete-blanche-edited-1024x576.jpg?resize=358%2C201&#038;ssl=1\" alt=\"Calao \u00e0 t\u00eate blanche\" class=\"uag-image-2564\" width=\"358\" height=\"201\" title=\"calao-a-tete-blanche\" loading=\"lazy\" role=\"img\"\/><div class=\"wp-block-uagb-image--layout-overlay__color-wrapper\"><\/div><div class=\"wp-block-uagb-image--layout-overlay__inner center-center\"><h4 class=\"uagb-image-heading\">Calao \u00e0 t\u00eate blanche<\/h4><\/div><\/figure><\/div>\n<\/div>\n<\/div><\/div>\n\n\n\n<div style=\"height:100px\" aria-hidden=\"true\" class=\"wp-block-spacer\"><\/div>\n\n\n\n<div class=\"wp-block-uagb-container uagb-block-ibkyrjnr alignwide uagb-is-root-container\">\n<div class=\"wp-block-uagb-info-box uagb-block-4dhsdag3 uagb-infobox__content-wrap  uagb-infobox-icon-above-title uagb-infobox-image-valign-top\"><div class=\"uagb-ifb-content\"><div class=\"uagb-ifb-title-wrap\"><p class=\"uagb-ifb-title-prefix\">agir maintenant<\/p><h2 class=\"uagb-ifb-title\">Prot\u00e9gez la for\u00eat \u00e0 nos c\u00f4t\u00e9s<\/h2><\/div><p class=\"uagb-ifb-desc\">Rejoignez-nous dans cette mission et contribuez \u00e0 la protection du vivant.<\/p><\/div><\/div>\n\n\n\n<div class=\"wp-block-uagb-buttons uagb-buttons__outer-wrap uagb-btn__default-btn uagb-btn-tablet__default-btn uagb-btn-mobile__default-btn uagb-block-qdj5ky3l\"><div class=\"uagb-buttons__wrap uagb-buttons-layout-wrap \">\n<div class=\"wp-block-uagb-buttons-child uagb-buttons__outer-wrap uagb-block-ut2xbtfu wp-block-button\"><div class=\"uagb-button__wrapper\"><a class=\"uagb-buttons-repeater wp-block-button__link\" aria-label=\"\" href=\"\/\/www.helloasso.com\/associations\/akatia-international\" rel=\"follow noopener\" target=\"_self\" role=\"button\"><div class=\"uagb-button__link\">faire un don<\/div><span class=\"uagb-button__icon uagb-button__icon-position-after\"><svg xmlns=\"https:\/\/www.w3.org\/2000\/svg\" viewBox=\"0 0 448 512\" aria-hidden=\"true\" focussable=\"false\"><path d=\"M438.6 278.6l-160 160C272.4 444.9 264.2 448 256 448s-16.38-3.125-22.62-9.375c-12.5-12.5-12.5-32.75 0-45.25L338.8 288H32C14.33 288 .0016 273.7 .0016 256S14.33 224 32 224h306.8l-105.4-105.4c-12.5-12.5-12.5-32.75 0-45.25s32.75-12.5 45.25 0l160 160C451.1 245.9 451.1 266.1 438.6 278.6z\"><\/path><\/svg><\/span><\/a><\/div><\/div>\n<\/div><\/div>\n<\/div>\n","protected":false},"excerpt":{"rendered":"","protected":false},"author":1,"featured_media":0,"parent":0,"menu_order":0,"comment_status":"closed","ping_status":"closed","template":"","meta":{"_eb_attr":"","_uag_custom_page_level_css":"","_monsterinsights_skip_tracking":false,"_monsterinsights_sitenote_active":false,"_monsterinsights_sitenote_note":"","_monsterinsights_sitenote_category":0,"site-sidebar-layout":"default","site-content-layout":"","ast-site-content-layout":"default","site-content-style":"default","site-sidebar-style":"default","ast-global-header-display":"","ast-banner-title-visibility":"","ast-main-header-display":"","ast-hfb-above-header-display":"","ast-hfb-below-header-display":"","ast-hfb-mobile-header-display":"","site-post-title":"disabled","ast-breadcrumbs-content":"","ast-featured-img":"","footer-sml-layout":"","theme-transparent-header-meta":"","adv-header-id-meta":"","stick-header-meta":"","header-above-stick-meta":"","header-main-stick-meta":"","header-below-stick-meta":"","astra-migrate-meta-layouts":"set","ast-page-background-enabled":"default","ast-page-background-meta":{"desktop":{"background-color":"","background-image":"","background-repeat":"repeat","background-position":"center center","background-size":"auto","background-attachment":"scroll","background-type":"","background-media":"","overlay-type":"","overlay-color":"","overlay-opacity":"","overlay-gradient":""},"tablet":{"background-color":"","background-image":"","background-repeat":"repeat","background-position":"center center","background-size":"auto","background-attachment":"scroll","background-type":"","background-media":"","overlay-type":"","overlay-color":"","overlay-opacity":"","overlay-gradient":""},"mobile":{"background-color":"","background-image":"","background-repeat":"repeat","background-position":"center center","background-size":"auto","background-attachment":"scroll","background-type":"","background-media":"","overlay-type":"","overlay-color":"","overlay-opacity":"","overlay-gradient":""}},"ast-content-background-meta":{"desktop":{"background-color":"var(--ast-global-color-5)","background-image":"","background-repeat":"repeat","background-position":"center center","background-size":"auto","background-attachment":"scroll","background-type":"","background-media":"","overlay-type":"","overlay-color":"","overlay-opacity":"","overlay-gradient":""},"tablet":{"background-color":"var(--ast-global-color-5)","background-image":"","background-repeat":"repeat","background-position":"center center","background-size":"auto","background-attachment":"scroll","background-type":"","background-media":"","overlay-type":"","overlay-color":"","overlay-opacity":"","overlay-gradient":""},"mobile":{"background-color":"var(--ast-global-color-5)","background-image":"","background-repeat":"repeat","background-position":"center center","background-size":"auto","background-attachment":"scroll","background-type":"","background-media":"","overlay-type":"","overlay-color":"","overlay-opacity":"","overlay-gradient":""}},"footnotes":""},"class_list":["post-2354","page","type-page","status-publish","hentry"],"aioseo_notices":[],"uagb_featured_image_src":{"full":false,"thumbnail":false,"medium":false,"medium_large":false,"large":false,"1536x1536":false,"2048x2048":false,"trp-custom-language-flag":false},"uagb_author_info":{"display_name":"hmingui","author_link":"https:\/\/akatia.org\/fr\/author\/hmingui\/"},"uagb_comment_info":0,"uagb_excerpt":null,"_links":{"self":[{"href":"https:\/\/akatia.org\/fr\/wp-json\/wp\/v2\/pages\/2354","targetHints":{"allow":["GET"]}}],"collection":[{"href":"https:\/\/akatia.org\/fr\/wp-json\/wp\/v2\/pages"}],"about":[{"href":"https:\/\/akatia.org\/fr\/wp-json\/wp\/v2\/types\/page"}],"author":[{"embeddable":true,"href":"https:\/\/akatia.org\/fr\/wp-json\/wp\/v2\/users\/1"}],"replies":[{"embeddable":true,"href":"https:\/\/akatia.org\/fr\/wp-json\/wp\/v2\/comments?post=2354"}],"version-history":[{"count":53,"href":"https:\/\/akatia.org\/fr\/wp-json\/wp\/v2\/pages\/2354\/revisions"}],"predecessor-version":[{"id":3729,"href":"https:\/\/akatia.org\/fr\/wp-json\/wp\/v2\/pages\/2354\/revisions\/3729"}],"wp:attachment":[{"href":"https:\/\/akatia.org\/fr\/wp-json\/wp\/v2\/media?parent=2354"}],"curies":[{"name":"wp","href":"https:\/\/api.w.org\/{rel}","templated":true}]}}