{"id":2360,"date":"2024-06-28T17:32:42","date_gmt":"2024-06-28T15:32:42","guid":{"rendered":"https:\/\/akatia.org\/?page_id=2360"},"modified":"2024-12-06T14:53:18","modified_gmt":"2024-12-06T13:53:18","slug":"parrainer-un-primate","status":"publish","type":"page","link":"https:\/\/akatia.org\/fr\/parrainer-un-primate\/","title":{"rendered":"Parrainer un primate"},"content":{"rendered":"\n<div style=\"height:100px\" aria-hidden=\"true\" class=\"wp-block-spacer\"><\/div>\n\n\n\n<div class=\"wp-block-uagb-container uagb-block-k201ncwn alignfull uagb-is-root-container\"><div class=\"uagb-container-inner-blocks-wrap\">\n<div class=\"wp-block-uagb-info-box uagb-block-zpq5ml9q uagb-infobox__content-wrap  uagb-infobox-icon-above-title uagb-infobox-image-valign-top\"><div class=\"uagb-ifb-content\"><div class=\"uagb-ifb-title-wrap\"><h2 class=\"uagb-ifb-title\">Rejoignez la grande famille d&rsquo;AKATIA en parrainant un primate  !<\/h2><\/div><\/div><\/div>\n\n\n\n<div id=\"gspb_text-id-gsbp-21218a7\" class=\"gspb_text gspb_text-id-gsbp-21218a7 \">Ces primates sont des orphelins victimes du commerce ill\u00e9gal de la viande de brousse et du trafic d&rsquo;esp\u00e8ces sauvages. Ils sont dans un processus de r\u00e9habilitation au sein de nos sanctuaires. Aidez-nous \u00e0 les aider et \u00e0 leur assurer une nouvelle vie dans un environnement qu&rsquo;il n&rsquo;aurait jamais du quitter. <br><\/div>\n\n\n\n<div id=\"gspb_text-id-gsbp-74c440e\" class=\"gspb_text gspb_text-id-gsbp-74c440e \"> <strong>En parrainant l&rsquo;un de nos rescap\u00e9s :<\/strong><br> Vous agissez concr\u00e8tement \u00e0 la conservation des primates <br>&#8211; Vous \u00eates le maillon essentiel \u00e0 la survie de ces animaux <br>&#8211; Vous appartiendrez \u00e0 notre communaut\u00e9 engag\u00e9e<br>&#8211; Vous recevrez des nouvelles de son \u00e9volution que trimestre <br>&#8211; Vous en apprendrez plus sur la vie en f\u00f4ret et sur le quotidien d&rsquo;un processus de r\u00e9habilitation <\/div>\n\n\n\n<div class=\"wp-block-uagb-buttons uagb-buttons__outer-wrap uagb-btn__default-btn uagb-btn-tablet__default-btn uagb-btn-mobile__default-btn uagb-block-94e85f57\"><div class=\"uagb-buttons__wrap uagb-buttons-layout-wrap \">\n<div class=\"wp-block-uagb-buttons-child uagb-buttons__outer-wrap uagb-block-2879cfbc wp-block-button\"><div class=\"uagb-button__wrapper\"><a class=\"uagb-buttons-repeater wp-block-button__link\" aria-label=\"\" href=\"#\" rel=\"follow noopener\" target=\"_self\" role=\"button\"><div class=\"uagb-button__link\">PARRAINER<\/div><span class=\"uagb-button__icon uagb-button__icon-position-after\"><svg xmlns=\"https:\/\/www.w3.org\/2000\/svg\" viewBox=\"0 0 448 512\" aria-hidden=\"true\" focussable=\"false\"><path d=\"M438.6 278.6l-160 160C272.4 444.9 264.2 448 256 448s-16.38-3.125-22.62-9.375c-12.5-12.5-12.5-32.75 0-45.25L338.8 288H32C14.33 288 .0016 273.7 .0016 256S14.33 224 32 224h306.8l-105.4-105.4c-12.5-12.5-12.5-32.75 0-45.25s32.75-12.5 45.25 0l160 160C451.1 245.9 451.1 266.1 438.6 278.6z\"><\/path><\/svg><\/span><\/a><\/div><\/div>\n<\/div><\/div>\n\n\n\n<h3 class=\"wp-block-heading\">Les chimpanz\u00e9s<\/h3>\n\n\n\n<div class=\"wp-block-uagb-container uagb-block-2af7tjfr\">\n<div class=\"wp-block-uagb-container uagb-block-zbjavdmr\">\n<div class=\"wp-block-uagb-image alignleft uagb-block-rnlx6sce wp-block-uagb-image--layout-overlay wp-block-uagb-image--effect-static wp-block-uagb-image--align-left\"><figure class=\"wp-block-uagb-image__figure\"><a class=\"\" href=\"https:\/\/akatia.org\/fr\/banjo\/\" target=\"\" rel=\"noopener\"><img data-recalc-dims=\"1\" decoding=\"async\" srcset=\"https:\/\/akatia.org\/wp-content\/uploads\/2024\/12\/WhatsApp-Image-2024-12-06-at-13.16.09-768x1024.jpeg ,https:\/\/akatia.org\/wp-content\/uploads\/2024\/12\/WhatsApp-Image-2024-12-06-at-13.16.09.jpeg 780w, https:\/\/akatia.org\/wp-content\/uploads\/2024\/12\/WhatsApp-Image-2024-12-06-at-13.16.09.jpeg 360w\" sizes=\"auto, (max-width: 480px) 150px\" src=\"https:\/\/i0.wp.com\/akatia.org\/wp-content\/uploads\/2024\/12\/WhatsApp-Image-2024-12-06-at-13.16.09.jpeg?resize=352%2C260&#038;ssl=1\" alt=\"\" class=\"uag-image-3893\" width=\"352\" height=\"260\" title=\"WhatsApp Image 2024-12-06 at 13.16.09\" loading=\"lazy\" role=\"img\"\/><\/a><div class=\"wp-block-uagb-image--layout-overlay__color-wrapper\"><\/div><div class=\"wp-block-uagb-image--layout-overlay__inner center-center\"><a class=\"wp-block-uagb-image--layout-overlay-link \" href=\"https:\/\/akatia.org\/fr\/banjo\/\" target=\"\" rel=\"noopener\"><\/a><h2 class=\"uagb-image-heading\"><a href=\"https:\/\/akatia.org\/fr\/banjo\/\" target=\"_blank\" rel=\"noopener\" title=\"\">Banjo<\/a><\/h2><\/div><\/figure><\/div>\n<\/div>\n\n\n\n<div class=\"wp-block-uagb-container uagb-block-cvpnrotz\">\n<div class=\"wp-block-uagb-image alignleft uagb-block-5zhcwhgm wp-block-uagb-image--layout-overlay wp-block-uagb-image--effect-static wp-block-uagb-image--align-left\"><figure class=\"wp-block-uagb-image__figure\"><a class=\"\" href=\"https:\/\/akatia.org\/fr\/parrainer-un-primate\/neka\/\" target=\"\" rel=\"noopener\"><img data-recalc-dims=\"1\" decoding=\"async\" srcset=\"https:\/\/akatia.org\/wp-content\/uploads\/2024\/06\/Frame-31.jpg ,https:\/\/akatia.org\/wp-content\/uploads\/2024\/06\/Frame-31.jpg 780w, https:\/\/akatia.org\/wp-content\/uploads\/2024\/06\/Frame-31.jpg 360w\" sizes=\"auto, (max-width: 480px) 150px\" src=\"https:\/\/i0.wp.com\/akatia.org\/wp-content\/uploads\/2024\/06\/Frame-31.jpg?resize=352%2C260&#038;ssl=1\" alt=\"\" class=\"uag-image-2736\" width=\"352\" height=\"260\" title=\"Frame 31\" loading=\"lazy\" role=\"img\"\/><\/a><div class=\"wp-block-uagb-image--layout-overlay__color-wrapper\"><\/div><div class=\"wp-block-uagb-image--layout-overlay__inner center-center\"><a class=\"wp-block-uagb-image--layout-overlay-link \" href=\"https:\/\/akatia.org\/fr\/parrainer-un-primate\/neka\/\" target=\"\" rel=\"noopener\"><\/a><h2 class=\"uagb-image-heading\"><a href=\"https:\/\/akatia.org\/fr\/parrainer-un-primate\/neka\/\" title=\"\">Neka<\/a><\/h2><\/div><\/figure><\/div>\n<\/div>\n\n\n\n<div class=\"wp-block-uagb-container uagb-block-bxgyawoc\">\n<div class=\"wp-block-uagb-image alignleft uagb-block-srjrdqva wp-block-uagb-image--layout-overlay wp-block-uagb-image--effect-static wp-block-uagb-image--align-left\"><figure class=\"wp-block-uagb-image__figure\"><a class=\"\" href=\"https:\/\/akatia.org\/fr\/akouba\/\" target=\"\" rel=\"noopener\"><img data-recalc-dims=\"1\" decoding=\"async\" srcset=\"https:\/\/akatia.org\/wp-content\/uploads\/2024\/06\/\u00a9polmoujo-914x1024.png ,https:\/\/akatia.org\/wp-content\/uploads\/2024\/06\/\u00a9polmoujo.png 780w, https:\/\/akatia.org\/wp-content\/uploads\/2024\/06\/\u00a9polmoujo.png 360w\" sizes=\"auto, (max-width: 480px) 150px\" src=\"https:\/\/i0.wp.com\/akatia.org\/wp-content\/uploads\/2024\/06\/%C2%A9polmoujo.png?resize=352%2C260&#038;ssl=1\" alt=\"\" class=\"uag-image-17\" width=\"352\" height=\"260\" title=\"\u00a9polmoujo\" loading=\"lazy\" role=\"img\"\/><\/a><div class=\"wp-block-uagb-image--layout-overlay__color-wrapper\"><\/div><div class=\"wp-block-uagb-image--layout-overlay__inner center-center\"><a class=\"wp-block-uagb-image--layout-overlay-link \" href=\"https:\/\/akatia.org\/fr\/akouba\/\" target=\"\" rel=\"noopener\"><\/a><h2 class=\"uagb-image-heading\"><a href=\"https:\/\/akatia.org\/fr\/akouba\/\" title=\"\">Akouba<\/a><\/h2><\/div><\/figure><\/div>\n<\/div>\n<\/div>\n\n\n\n<h3 class=\"wp-block-heading\">Les petits singes<\/h3>\n\n\n\n<div class=\"wp-block-uagb-container uagb-block-b567ac4f\">\n<div class=\"wp-block-uagb-container uagb-block-cd12c46c\">\n<div class=\"wp-block-uagb-image alignleft uagb-block-6c137626 wp-block-uagb-image--layout-overlay wp-block-uagb-image--effect-static wp-block-uagb-image--align-left\"><figure class=\"wp-block-uagb-image__figure\"><a class=\"\" href=\"https:\/\/akatia.org\/fr\/parrainer-un-primate\/esia\/\" target=\"\" rel=\"noopener\"><img data-recalc-dims=\"1\" decoding=\"async\" srcset=\"https:\/\/akatia.org\/wp-content\/uploads\/2024\/07\/Esia-768x1024.jpg ,https:\/\/akatia.org\/wp-content\/uploads\/2024\/07\/Esia.jpg 780w, https:\/\/akatia.org\/wp-content\/uploads\/2024\/07\/Esia.jpg 360w\" sizes=\"auto, (max-width: 480px) 150px\" src=\"https:\/\/i0.wp.com\/akatia.org\/wp-content\/uploads\/2024\/07\/Esia.jpg?resize=352%2C260&#038;ssl=1\" alt=\"\" class=\"uag-image-3587\" width=\"352\" height=\"260\" title=\"Esia\" loading=\"lazy\" role=\"img\"\/><\/a><div class=\"wp-block-uagb-image--layout-overlay__color-wrapper\"><\/div><div class=\"wp-block-uagb-image--layout-overlay__inner center-center\"><a class=\"wp-block-uagb-image--layout-overlay-link \" href=\"https:\/\/akatia.org\/fr\/parrainer-un-primate\/esia\/\" target=\"\" rel=\"noopener\"><\/a><h2 class=\"uagb-image-heading\"><a href=\"https:\/\/akatia.org\/fr\/parrainer-un-primate\/esia\/\" title=\"\">Esia<\/a><\/h2><\/div><\/figure><\/div>\n<\/div>\n\n\n\n<div class=\"wp-block-uagb-container uagb-block-8b4d3a72\">\n<div class=\"wp-block-uagb-image alignleft uagb-block-4b626b80 wp-block-uagb-image--layout-overlay wp-block-uagb-image--effect-static wp-block-uagb-image--align-left\"><figure class=\"wp-block-uagb-image__figure\"><a class=\"\" href=\"https:\/\/akatia.org\/coco\/\" target=\"\" rel=\"noopener\"><img data-recalc-dims=\"1\" decoding=\"async\" srcset=\"https:\/\/akatia.org\/wp-content\/uploads\/2024\/07\/Frame-65.jpg ,https:\/\/akatia.org\/wp-content\/uploads\/2024\/07\/Frame-65.jpg 780w, https:\/\/akatia.org\/wp-content\/uploads\/2024\/07\/Frame-65.jpg 360w\" sizes=\"auto, (max-width: 480px) 150px\" src=\"https:\/\/i0.wp.com\/akatia.org\/wp-content\/uploads\/2024\/07\/Frame-65.jpg?resize=352%2C260&#038;ssl=1\" alt=\"\" class=\"uag-image-3236\" width=\"352\" height=\"260\" title=\"Frame 65\" loading=\"lazy\" role=\"img\"\/><\/a><div class=\"wp-block-uagb-image--layout-overlay__color-wrapper\"><\/div><div class=\"wp-block-uagb-image--layout-overlay__inner center-center\"><a class=\"wp-block-uagb-image--layout-overlay-link \" href=\"https:\/\/akatia.org\/coco\/\" target=\"\" rel=\"noopener\"><\/a><h2 class=\"uagb-image-heading\"><a href=\"https:\/\/akatia.org\/parrainer-un-primate\/coco\/\" data-type=\"page\" data-id=\"3267\">Coco<\/a><\/h2><\/div><\/figure><\/div>\n<\/div>\n\n\n\n<div class=\"wp-block-uagb-container uagb-block-52e4f717\">\n<div class=\"wp-block-uagb-image alignleft uagb-block-c20c0072 wp-block-uagb-image--layout-overlay wp-block-uagb-image--effect-static wp-block-uagb-image--align-left\"><figure class=\"wp-block-uagb-image__figure\"><a class=\"\" href=\"https:\/\/akatia.org\/fr\/bissap-2\/\" target=\"\" rel=\"noopener\"><img data-recalc-dims=\"1\" decoding=\"async\" srcset=\"https:\/\/akatia.org\/wp-content\/uploads\/2024\/08\/bissap-684x1024.jpg ,https:\/\/akatia.org\/wp-content\/uploads\/2024\/08\/bissap.jpg 780w, https:\/\/akatia.org\/wp-content\/uploads\/2024\/08\/bissap.jpg 360w\" sizes=\"auto, (max-width: 480px) 150px\" src=\"https:\/\/i0.wp.com\/akatia.org\/wp-content\/uploads\/2024\/08\/bissap.jpg?resize=352%2C260&#038;ssl=1\" alt=\"\" class=\"uag-image-3743\" width=\"352\" height=\"260\" title=\"bissap\" loading=\"lazy\" role=\"img\"\/><\/a><div class=\"wp-block-uagb-image--layout-overlay__color-wrapper\"><\/div><div class=\"wp-block-uagb-image--layout-overlay__inner center-center\"><a class=\"wp-block-uagb-image--layout-overlay-link \" href=\"https:\/\/akatia.org\/fr\/bissap-2\/\" target=\"\" rel=\"noopener\"><\/a><h2 class=\"uagb-image-heading\"><a href=\"https:\/\/akatia.org\/fr\/bissap-2\/\" title=\"\">Bissap<\/a><\/h2><\/div><\/figure><\/div>\n<\/div>\n<\/div>\n\n\n\n<div class=\"wp-block-uagb-container uag-hide-desktop uag-hide-tab uag-hide-mob uagb-block-1aaa64db\">\n<div class=\"wp-block-uagb-container uagb-block-2948a7e0\">\n<div class=\"wp-block-uagb-image alignleft uagb-block-06151a68 wp-block-uagb-image--layout-overlay wp-block-uagb-image--effect-static wp-block-uagb-image--align-left\"><figure class=\"wp-block-uagb-image__figure\"><a class=\"\" href=\"https:\/\/akatia.org\/emma\/\" target=\"\" rel=\"noopener\"><img data-recalc-dims=\"1\" decoding=\"async\" srcset=\"https:\/\/akatia.org\/wp-content\/uploads\/2024\/07\/Capture-decran-2024-07-02-a-01.10.53.jpg ,https:\/\/akatia.org\/wp-content\/uploads\/2024\/07\/Capture-decran-2024-07-02-a-01.10.53.jpg 780w, https:\/\/akatia.org\/wp-content\/uploads\/2024\/07\/Capture-decran-2024-07-02-a-01.10.53.jpg 360w\" sizes=\"auto, (max-width: 480px) 150px\" src=\"https:\/\/i0.wp.com\/akatia.org\/wp-content\/uploads\/2024\/07\/Capture-decran-2024-07-02-a-01.10.53.jpg?resize=352%2C260&#038;ssl=1\" alt=\"\" class=\"uag-image-3234\" width=\"352\" height=\"260\" title=\"Capture d\u2019e\u0301cran 2024-07-02 a\u0300 01.10.53\" loading=\"lazy\" role=\"img\"\/><\/a><div class=\"wp-block-uagb-image--layout-overlay__color-wrapper\"><\/div><div class=\"wp-block-uagb-image--layout-overlay__inner center-center\"><a class=\"wp-block-uagb-image--layout-overlay-link \" href=\"https:\/\/akatia.org\/emma\/\" target=\"\" rel=\"noopener\"><\/a><h2 class=\"uagb-image-heading\"><a href=\"https:\/\/akatia.org\/parrainer-un-primate\/emma\/\" data-type=\"page\" data-id=\"3284\">Emma<\/a><\/h2><\/div><\/figure><\/div>\n\n\n\n<div class=\"wp-block-uagb-image alignleft uagb-block-320b9dde wp-block-uagb-image--layout-overlay wp-block-uagb-image--effect-static wp-block-uagb-image--align-left\"><figure class=\"wp-block-uagb-image__figure\"><a class=\"\" href=\"https:\/\/akatia.org\/parrainer-un-primate\/neka\/\" target=\"\" rel=\"noopener\"><img data-recalc-dims=\"1\" decoding=\"async\" srcset=\"https:\/\/akatia.org\/wp-content\/uploads\/2024\/06\/Frame-31.jpg ,https:\/\/akatia.org\/wp-content\/uploads\/2024\/06\/Frame-31.jpg 780w, https:\/\/akatia.org\/wp-content\/uploads\/2024\/06\/Frame-31.jpg 360w\" sizes=\"auto, (max-width: 480px) 150px\" src=\"https:\/\/i0.wp.com\/akatia.org\/wp-content\/uploads\/2024\/06\/Frame-31.jpg?resize=352%2C260&#038;ssl=1\" alt=\"\" class=\"uag-image-2736\" width=\"352\" height=\"260\" title=\"Frame 31\" loading=\"lazy\" role=\"img\"\/><\/a><div class=\"wp-block-uagb-image--layout-overlay__color-wrapper\"><\/div><div class=\"wp-block-uagb-image--layout-overlay__inner center-center\"><a class=\"wp-block-uagb-image--layout-overlay-link \" href=\"https:\/\/akatia.org\/parrainer-un-primate\/neka\/\" target=\"\" rel=\"noopener\"><\/a><h2 class=\"uagb-image-heading\"><a href=\"https:\/\/akatia.org\/parrainer-un-primate\/neka\/\" title=\"\">Neka<\/a><\/h2><\/div><\/figure><\/div>\n<\/div>\n\n\n\n<div class=\"wp-block-uagb-container uagb-block-8f2a53db\">\n<div class=\"wp-block-uagb-image alignleft uagb-block-6f03df06 wp-block-uagb-image--layout-overlay wp-block-uagb-image--effect-static wp-block-uagb-image--align-left\"><figure class=\"wp-block-uagb-image__figure\"><a class=\"\" href=\"https:\/\/akatia.org\/judith\/\" target=\"\" rel=\"noopener\"><img data-recalc-dims=\"1\" decoding=\"async\" srcset=\"https:\/\/akatia.org\/wp-content\/uploads\/2024\/07\/Frame-64-1024x1024.jpg ,https:\/\/akatia.org\/wp-content\/uploads\/2024\/07\/Frame-64.jpg 780w, https:\/\/akatia.org\/wp-content\/uploads\/2024\/07\/Frame-64.jpg 360w\" sizes=\"auto, (max-width: 480px) 150px\" src=\"https:\/\/i0.wp.com\/akatia.org\/wp-content\/uploads\/2024\/07\/Frame-64.jpg?resize=352%2C260&#038;ssl=1\" alt=\"\" class=\"uag-image-3235\" width=\"352\" height=\"260\" title=\"Frame 64\" loading=\"lazy\" role=\"img\"\/><\/a><div class=\"wp-block-uagb-image--layout-overlay__color-wrapper\"><\/div><div class=\"wp-block-uagb-image--layout-overlay__inner center-center\"><a class=\"wp-block-uagb-image--layout-overlay-link \" href=\"https:\/\/akatia.org\/judith\/\" target=\"\" rel=\"noopener\"><\/a><h2 class=\"uagb-image-heading\"><a href=\"https:\/\/akatia.org\/parrainer-un-primate\/judith\/\" data-type=\"page\" data-id=\"3289\">Judith<\/a><\/h2><\/div><\/figure><\/div>\n\n\n\n<div class=\"wp-block-uagb-image alignleft uagb-block-b94ed5e9 wp-block-uagb-image--layout-overlay wp-block-uagb-image--effect-static wp-block-uagb-image--align-left\"><figure class=\"wp-block-uagb-image__figure\"><a class=\"\" href=\"https:\/\/akatia.org\/parrainer-un-primate\/esia\/\" target=\"\" rel=\"noopener\"><img data-recalc-dims=\"1\" decoding=\"async\" srcset=\"https:\/\/akatia.org\/wp-content\/uploads\/2024\/07\/Esia-768x1024.jpg ,https:\/\/akatia.org\/wp-content\/uploads\/2024\/07\/Esia.jpg 780w, https:\/\/akatia.org\/wp-content\/uploads\/2024\/07\/Esia.jpg 360w\" sizes=\"auto, (max-width: 480px) 150px\" src=\"https:\/\/i0.wp.com\/akatia.org\/wp-content\/uploads\/2024\/07\/Esia.jpg?resize=352%2C260&#038;ssl=1\" alt=\"\" class=\"uag-image-3587\" width=\"352\" height=\"260\" title=\"Esia\" loading=\"lazy\" role=\"img\"\/><\/a><div class=\"wp-block-uagb-image--layout-overlay__color-wrapper\"><\/div><div class=\"wp-block-uagb-image--layout-overlay__inner center-center\"><a class=\"wp-block-uagb-image--layout-overlay-link \" href=\"https:\/\/akatia.org\/parrainer-un-primate\/esia\/\" target=\"\" rel=\"noopener\"><\/a><h2 class=\"uagb-image-heading\"><a href=\"https:\/\/akatia.org\/parrainer-un-primate\/esia\/\" title=\"\">Esia<\/a><\/h2><\/div><\/figure><\/div>\n<\/div>\n\n\n\n<div class=\"wp-block-uagb-container uagb-block-5cf19581\">\n<div class=\"wp-block-uagb-image alignleft uagb-block-06cda58b wp-block-uagb-image--layout-overlay wp-block-uagb-image--effect-static wp-block-uagb-image--align-left\"><figure class=\"wp-block-uagb-image__figure\"><a class=\"\" href=\"https:\/\/akatia.org\/jules\/\" target=\"\" rel=\"noopener\"><img data-recalc-dims=\"1\" decoding=\"async\" srcset=\"https:\/\/akatia.org\/wp-content\/uploads\/2024\/07\/Jules1-1024x933.jpg ,https:\/\/akatia.org\/wp-content\/uploads\/2024\/07\/Jules1.jpg 780w, https:\/\/akatia.org\/wp-content\/uploads\/2024\/07\/Jules1.jpg 360w\" sizes=\"auto, (max-width: 480px) 150px\" src=\"https:\/\/i0.wp.com\/akatia.org\/wp-content\/uploads\/2024\/07\/Jules1.jpg?resize=352%2C260&#038;ssl=1\" alt=\"\" class=\"uag-image-3297\" width=\"352\" height=\"260\" title=\"Jules1\" loading=\"lazy\" role=\"img\"\/><\/a><div class=\"wp-block-uagb-image--layout-overlay__color-wrapper\"><\/div><div class=\"wp-block-uagb-image--layout-overlay__inner center-center\"><a class=\"wp-block-uagb-image--layout-overlay-link \" href=\"https:\/\/akatia.org\/jules\/\" target=\"\" rel=\"noopener\"><\/a><h2 class=\"uagb-image-heading\"><a href=\"https:\/\/akatia.org\/parrainer-un-primate\/jules\/\" data-type=\"page\" data-id=\"3295\">Jules<\/a><\/h2><\/div><\/figure><\/div>\n<\/div>\n<\/div>\n\n\n\n<div class=\"wp-block-uagb-container uag-hide-desktop uag-hide-tab uag-hide-mob uagb-block-1b05a6e0\">\n<div class=\"wp-block-uagb-container uagb-block-425f361b\">\n<div class=\"wp-block-uagb-image alignleft uagb-block-23f32e6f wp-block-uagb-image--layout-overlay wp-block-uagb-image--effect-static wp-block-uagb-image--align-left\"><figure class=\"wp-block-uagb-image__figure\"><img data-recalc-dims=\"1\" decoding=\"async\" srcset=\"https:\/\/akatia.org\/wp-content\/uploads\/2024\/06\/\u00a9polmoujo-914x1024.png ,https:\/\/akatia.org\/wp-content\/uploads\/2024\/06\/\u00a9polmoujo.png 780w, https:\/\/akatia.org\/wp-content\/uploads\/2024\/06\/\u00a9polmoujo.png 360w\" sizes=\"auto, (max-width: 480px) 150px\" src=\"https:\/\/i0.wp.com\/akatia.org\/wp-content\/uploads\/2024\/06\/%C2%A9polmoujo.png?resize=352%2C260&#038;ssl=1\" alt=\"\" class=\"uag-image-17\" width=\"352\" height=\"260\" title=\"\u00a9polmoujo\" loading=\"lazy\" role=\"img\"\/><div class=\"wp-block-uagb-image--layout-overlay__color-wrapper\"><\/div><div class=\"wp-block-uagb-image--layout-overlay__inner center-center\"><h2 class=\"uagb-image-heading\"><a href=\"https:\/\/akatia.org\/parrainer-un-primate\/akouba\/\" title=\"a\">Akouba<\/a><\/h2><\/div><\/figure><\/div>\n<\/div>\n\n\n\n<div class=\"wp-block-uagb-container uagb-block-f20b9f1a\"><\/div>\n\n\n\n<div class=\"wp-block-uagb-container uagb-block-b42b3dd9\"><\/div>\n<\/div>\n<\/div><\/div>\n","protected":false},"excerpt":{"rendered":"<p>Ces primates sont des orphelins victimes du commerce ill\u00e9gal de la viande de brousse et du trafic d&rsquo;esp\u00e8ces sauvages. Ils sont dans un processus de r\u00e9habilitation au sein de nos sanctuaires. Aidez-nous \u00e0 les aider et \u00e0 leur assurer une nouvelle vie dans un environnement qu&rsquo;il n&rsquo;aurait jamais du quitter. En parrainant l&rsquo;un de nos [&hellip;]<\/p>\n","protected":false},"author":1,"featured_media":0,"parent":0,"menu_order":0,"comment_status":"closed","ping_status":"closed","template":"","meta":{"_eb_attr":"","_uag_custom_page_level_css":"","_monsterinsights_skip_tracking":false,"_monsterinsights_sitenote_active":false,"_monsterinsights_sitenote_note":"","_monsterinsights_sitenote_category":0,"site-sidebar-layout":"default","site-content-layout":"","ast-site-content-layout":"default","site-content-style":"default","site-sidebar-style":"default","ast-global-header-display":"","ast-banner-title-visibility":"","ast-main-header-display":"","ast-hfb-above-header-display":"","ast-hfb-below-header-display":"","ast-hfb-mobile-header-display":"","site-post-title":"disabled","ast-breadcrumbs-content":"","ast-featured-img":"","footer-sml-layout":"","theme-transparent-header-meta":"","adv-header-id-meta":"","stick-header-meta":"","header-above-stick-meta":"","header-main-stick-meta":"","header-below-stick-meta":"","astra-migrate-meta-layouts":"set","ast-page-background-enabled":"default","ast-page-background-meta":{"desktop":{"background-color":"","background-image":"","background-repeat":"repeat","background-position":"center center","background-size":"auto","background-attachment":"scroll","background-type":"","background-media":"","overlay-type":"","overlay-color":"","overlay-opacity":"","overlay-gradient":""},"tablet":{"background-color":"","background-image":"","background-repeat":"repeat","background-position":"center center","background-size":"auto","background-attachment":"scroll","background-type":"","background-media":"","overlay-type":"","overlay-color":"","overlay-opacity":"","overlay-gradient":""},"mobile":{"background-color":"","background-image":"","background-repeat":"repeat","background-position":"center center","background-size":"auto","background-attachment":"scroll","background-type":"","background-media":"","overlay-type":"","overlay-color":"","overlay-opacity":"","overlay-gradient":""}},"ast-content-background-meta":{"desktop":{"background-color":"var(--ast-global-color-5)","background-image":"","background-repeat":"repeat","background-position":"center center","background-size":"auto","background-attachment":"scroll","background-type":"","background-media":"","overlay-type":"","overlay-color":"","overlay-opacity":"","overlay-gradient":""},"tablet":{"background-color":"var(--ast-global-color-5)","background-image":"","background-repeat":"repeat","background-position":"center center","background-size":"auto","background-attachment":"scroll","background-type":"","background-media":"","overlay-type":"","overlay-color":"","overlay-opacity":"","overlay-gradient":""},"mobile":{"background-color":"var(--ast-global-color-5)","background-image":"","background-repeat":"repeat","background-position":"center center","background-size":"auto","background-attachment":"scroll","background-type":"","background-media":"","overlay-type":"","overlay-color":"","overlay-opacity":"","overlay-gradient":""}},"footnotes":""},"class_list":["post-2360","page","type-page","status-publish","hentry"],"aioseo_notices":[],"uagb_featured_image_src":{"full":false,"thumbnail":false,"medium":false,"medium_large":false,"large":false,"1536x1536":false,"2048x2048":false,"trp-custom-language-flag":false},"uagb_author_info":{"display_name":"hmingui","author_link":"https:\/\/akatia.org\/fr\/author\/hmingui\/"},"uagb_comment_info":0,"uagb_excerpt":"Ces primates sont des orphelins victimes du commerce ill\u00e9gal de la viande de brousse et du trafic d&rsquo;esp\u00e8ces sauvages. Ils sont dans un processus de r\u00e9habilitation au sein de nos sanctuaires. Aidez-nous \u00e0 les aider et \u00e0 leur assurer une nouvelle vie dans un environnement qu&rsquo;il n&rsquo;aurait jamais du quitter. En parrainant l&rsquo;un de nos\u2026","_links":{"self":[{"href":"https:\/\/akatia.org\/fr\/wp-json\/wp\/v2\/pages\/2360","targetHints":{"allow":["GET"]}}],"collection":[{"href":"https:\/\/akatia.org\/fr\/wp-json\/wp\/v2\/pages"}],"about":[{"href":"https:\/\/akatia.org\/fr\/wp-json\/wp\/v2\/types\/page"}],"author":[{"embeddable":true,"href":"https:\/\/akatia.org\/fr\/wp-json\/wp\/v2\/users\/1"}],"replies":[{"embeddable":true,"href":"https:\/\/akatia.org\/fr\/wp-json\/wp\/v2\/comments?post=2360"}],"version-history":[{"count":37,"href":"https:\/\/akatia.org\/fr\/wp-json\/wp\/v2\/pages\/2360\/revisions"}],"predecessor-version":[{"id":3904,"href":"https:\/\/akatia.org\/fr\/wp-json\/wp\/v2\/pages\/2360\/revisions\/3904"}],"wp:attachment":[{"href":"https:\/\/akatia.org\/fr\/wp-json\/wp\/v2\/media?parent=2360"}],"curies":[{"name":"wp","href":"https:\/\/api.w.org\/{rel}","templated":true}]}}