{"id":2362,"date":"2024-06-28T17:33:11","date_gmt":"2024-06-28T15:33:11","guid":{"rendered":"https:\/\/akatia.org\/?page_id=2362"},"modified":"2025-11-23T11:35:38","modified_gmt":"2025-11-23T10:35:38","slug":"devenir-volontaire-sur-le-terrain","status":"publish","type":"page","link":"https:\/\/akatia.org\/fr\/devenir-volontaire-sur-le-terrain\/","title":{"rendered":"Devenir volontaire sur le terrain"},"content":{"rendered":"\n<div class=\"wp-block-uagb-container uagb-block-8kemhrfd alignfull uagb-is-root-container\"><div class=\"uagb-container-inner-blocks-wrap\">\n<div style=\"height:100px\" aria-hidden=\"true\" class=\"wp-block-spacer\"><\/div>\n\n\n\n<div class=\"wp-block-uagb-info-box uagb-block-dsnegil0 uagb-infobox__content-wrap  uagb-infobox-icon-above-title uagb-infobox-image-valign-top\"><div class=\"uagb-ifb-content\"><div class=\"uagb-ifb-title-wrap\"><h1 class=\"uagb-ifb-title\">Devenez volontaire sur le terrain<\/h1><\/div><p class=\"uagb-ifb-desc\"><strong> Chaque geste compte, chaque volontaire fait la diff\u00e9rence. <br>Ensemble, contribuons \u00e0 la conservation des primates et de leurs for\u00eats.<\/strong><\/p><\/div><\/div>\n<\/div><\/div>\n\n\n\n<div class=\"wp-block-uagb-container uagb-block-gwhdm61h alignfull uagb-is-root-container\"><div class=\"uagb-container-inner-blocks-wrap\">\n<div class=\"wp-block-uagb-container uagb-block-jtbwt54j\">\n<div class=\"wp-block-uagb-info-box uagb-block-abepizvq uagb-infobox__content-wrap  uagb-infobox-icon-above-title uagb-infobox-image-valign-top\"><div class=\"uagb-ifb-content\"><div class=\"uagb-ifb-title-wrap\"><h2 class=\"uagb-ifb-title\">Une aventure unique<\/h2><\/div><\/div><\/div>\n\n\n\n<div class=\"wp-block-uagb-info-box uagb-block-vrhqiavu uagb-infobox__content-wrap  uagb-infobox-icon-above-title uagb-infobox-image-valign-top\"><div class=\"uagb-ifb-content\"><div class=\"uagb-ifb-title-wrap\"><\/div><p class=\"uagb-ifb-desc\">Bien plus qu&rsquo;un simple engagement b\u00e9n\u00e9vole, c&rsquo;est une immersion totale dans un environnement unique, o\u00f9 chaque journ\u00e9e apporte son lot de d\u00e9couvertes et de d\u00e9fis. Rejoindre AKATIA, c&rsquo;est choisir de vivre une exp\u00e9rience inoubliable qui marquera votre vie et celle des primates que vous aiderez.<\/p><\/div><\/div>\n<\/div>\n\n\n\n<div class=\"wp-block-uagb-image alignleft uagb-block-fiw9jvyf wp-block-uagb-image--layout-default wp-block-uagb-image--effect-static wp-block-uagb-image--align-left\"><figure class=\"wp-block-uagb-image__figure\"><img data-recalc-dims=\"1\" decoding=\"async\" srcset=\"https:\/\/akatia.org\/wp-content\/uploads\/2024\/06\/IMG_699-1024x576.jpg ,https:\/\/akatia.org\/wp-content\/uploads\/2024\/06\/IMG_699-scaled.jpg 780w, https:\/\/akatia.org\/wp-content\/uploads\/2024\/06\/IMG_699-scaled.jpg 360w\" sizes=\"auto, (max-width: 480px) 150px\" src=\"https:\/\/i0.wp.com\/akatia.org\/wp-content\/uploads\/2024\/06\/IMG_699.jpg?resize=1200%2C350&#038;ssl=1\" alt=\"\" class=\"uag-image-1526\" width=\"1200\" height=\"350\" title=\"IMG_699\" loading=\"lazy\" role=\"img\"\/><\/figure><\/div>\n\n\n\n<div class=\"wp-block-uagb-container uagb-block-nis6sjxk\">\n<div class=\"wp-block-uagb-info-box uagb-block-ozvwszis uagb-infobox__content-wrap  uagb-infobox-icon-above-title uagb-infobox-image-valign-top\"><div class=\"uagb-ifb-content\"><div class=\"uagb-ifb-title-wrap\"><h3 class=\"uagb-ifb-title\">Avoir un impact positif et concret<\/h3><\/div><p class=\"uagb-ifb-desc\">Les volontaires jouent un r\u00f4le crucial dans la protection des chimpanz\u00e9s et des petits singes. En participant aux activit\u00e9s quotidiennes comme le sauvetage des primates, leur r\u00e9habilitation et l&rsquo;entretien des sanctuaires, vous contribuez directement \u00e0 la pr\u00e9servation de ces esp\u00e8ces en danger\u200b.<\/p><\/div><\/div>\n\n\n\n<div class=\"wp-block-uagb-info-box uagb-block-fhjdgims uagb-infobox__content-wrap  uagb-infobox-icon-above-title uagb-infobox-image-valign-top\"><div class=\"uagb-ifb-content\"><div class=\"uagb-ifb-title-wrap\"><h3 class=\"uagb-ifb-title\">Apprendre et grandir  <\/h3><\/div><p class=\"uagb-ifb-desc\">En \u00e9tant sur le terrain, vous d\u00e9velopperez des comp\u00e9tences vari\u00e9es, allant de la gestion des animaux \u00e0 la construction et \u00e0 la maintenance des infrastructures du sanctuaire. Vous apprendrez \u00e9galement \u00e0 travailler en \u00e9quipe dans des conditions parfois rudimentaires mais toujours enrichissantes. Chaque journ\u00e9e est une opportunit\u00e9 d&rsquo;apprendre quelque chose de nouveau sur la faune et la flore locale.<\/p><\/div><\/div>\n\n\n\n<div class=\"wp-block-uagb-info-box uagb-block-udomyn8b uagb-infobox__content-wrap  uagb-infobox-icon-above-title uagb-infobox-image-valign-top\"><div class=\"uagb-ifb-content\"><div class=\"uagb-ifb-title-wrap\"><h3 class=\"uagb-ifb-title\">Une exp\u00e9rience humaine multiculturelle<\/h3><\/div><p class=\"uagb-ifb-desc\">La vie au camp est une v\u00e9ritable immersion dans la nature. Les conditions de vie simples, vous reconnectent \u00e0 l&rsquo;essentiel. Vous allez exp\u00e9rimentez la vie en for\u00eat et  allez vivre dans une grande richesse culturelle et humaine en cr\u00e9ant des liens inoubliables. <\/p><\/div><\/div>\n\n\n\n<div class=\"wp-block-uagb-info-box uagb-block-n6sg9cz4 uagb-infobox__content-wrap  uagb-infobox-icon-above-title uagb-infobox-image-valign-top\"><div class=\"uagb-ifb-content\"><div class=\"uagb-ifb-title-wrap\"><h3 class=\"uagb-ifb-title\">Contribuer \u00e0 un projet global <\/h3><\/div><p class=\"uagb-ifb-desc\">En rejoignant AKATIA, vous devenez une part essentielle d&rsquo;un projet de conservation de grande envergure. Vous contribuerez \u00e0 des actions concr\u00e8tes contre le braconnage et la destruction des habitats, et vous aiderez \u00e0 sensibiliser le public \u00e0 la n\u00e9cessit\u00e9 de prot\u00e9ger les primates et leurs \u00e9cosyst\u00e8mes\u200b.<\/p><\/div><\/div>\n<\/div>\n<\/div><\/div>\n\n\n\n<div class=\"wp-block-uagb-container uagb-block-cc774504 alignfull uagb-is-root-container\"><div class=\"uagb-container-inner-blocks-wrap\">\n<div class=\"wp-block-uagb-image uagb-block-ce374a76 wp-block-uagb-image--layout-default wp-block-uagb-image--effect-static wp-block-uagb-image--align-none\"><figure class=\"wp-block-uagb-image__figure\"><img data-recalc-dims=\"1\" decoding=\"async\" srcset=\"https:\/\/akatia.org\/wp-content\/uploads\/2025\/11\/Capture-decran-2025-11-23-a-11.31.01-1024x616.webp ,https:\/\/akatia.org\/wp-content\/uploads\/2025\/11\/Capture-decran-2025-11-23-a-11.31.01.webp 780w, https:\/\/akatia.org\/wp-content\/uploads\/2025\/11\/Capture-decran-2025-11-23-a-11.31.01.webp 360w\" sizes=\"auto, (max-width: 480px) 150px\" src=\"https:\/\/i0.wp.com\/akatia.org\/wp-content\/uploads\/2025\/11\/Capture-decran-2025-11-23-a-11.31.01.webp?resize=751%2C452&#038;ssl=1\" alt=\"\" class=\"uag-image-4664\" width=\"751\" height=\"452\" title=\"Capture d\u2019\u00e9cran 2025-11-23 \u00e0 11.31.01\" loading=\"lazy\" role=\"img\"\/><\/figure><\/div>\n<\/div><\/div>\n\n\n\n<div class=\"wp-block-uagb-container uagb-block-6bhxf9vu alignfull uagb-is-root-container\"><div class=\"uagb-container-inner-blocks-wrap\">\n<div class=\"wp-block-uagb-container uagb-block-vvc4fw17 alignfull uagb-is-root-container\"><div class=\"uagb-container-inner-blocks-wrap\">\n<div class=\"wp-block-uagb-info-box uagb-block-ltizwehf uagb-infobox__content-wrap  uagb-infobox-icon-above-title uagb-infobox-image-valign-top\"><div class=\"uagb-ifb-content\"><div class=\"uagb-ifb-title-wrap\"><h3 class=\"uagb-ifb-title\"><strong>Pr\u00eat.e pour l&rsquo;aventure ?<\/strong>                <br>Envoyez votre candidature \u00e0  <br>volontariat.akatia@gmail.com<\/h3><\/div><p class=\"uagb-ifb-desc\">Conditions requises : <br>&#8211; \u00catre passionn\u00e9.e<br>&#8211; Avoir au moins 20 ans<br><\/p><\/div><\/div>\n<\/div><\/div>\n<\/div><\/div>\n\n\n\n<div class=\"wp-block-uagb-container uagb-block-luhdm2bz alignfull uagb-is-root-container\"><div class=\"uagb-container-inner-blocks-wrap\">\n<div class=\"wp-block-uagb-image alignleft uagb-block-ngvodqey wp-block-uagb-image--layout-default wp-block-uagb-image--effect-static wp-block-uagb-image--align-left\"><figure class=\"wp-block-uagb-image__figure\"><img data-recalc-dims=\"1\" decoding=\"async\" srcset=\"https:\/\/akatia.org\/wp-content\/uploads\/2024\/06\/IMG-20240307-WA0019-682x1024.jpg ,https:\/\/akatia.org\/wp-content\/uploads\/2024\/06\/IMG-20240307-WA0019.jpg 780w, https:\/\/akatia.org\/wp-content\/uploads\/2024\/06\/IMG-20240307-WA0019.jpg 360w\" sizes=\"auto, (max-width: 480px) 150px\" src=\"https:\/\/i0.wp.com\/akatia.org\/wp-content\/uploads\/2024\/06\/IMG-20240307-WA0019.jpg?resize=564%2C500&#038;ssl=1\" alt=\"\" class=\"uag-image-11\" width=\"564\" height=\"500\" title=\"IMG-20240307-WA0019\" loading=\"lazy\" role=\"img\"\/><\/figure><\/div>\n\n\n\n<div class=\"wp-block-uagb-info-box uagb-block-rhlzc5sb uagb-infobox__content-wrap  uagb-infobox-icon-above-title uagb-infobox-image-valign-top\"><div class=\"uagb-ifb-content\"><div class=\"uagb-ifb-icon-wrap\"><svg xmlns=\"https:\/\/www.w3.org\/2000\/svg\" viewBox=\"0 0 448 512\"><path d=\"M96 224C84.72 224 74.05 226.3 64 229.9V224c0-35.3 28.7-64 64-64c17.67 0 32-14.33 32-32S145.7 96 128 96C57.42 96 0 153.4 0 224v96c0 53.02 42.98 96 96 96s96-42.98 96-96S149 224 96 224zM352 224c-11.28 0-21.95 2.305-32 5.879V224c0-35.3 28.7-64 64-64c17.67 0 32-14.33 32-32s-14.33-32-32-32c-70.58 0-128 57.42-128 128v96c0 53.02 42.98 96 96 96s96-42.98 96-96S405 224 352 224z\"><\/path><\/svg><\/div><div class=\"uagb-ifb-title-wrap\"><p class=\"uagb-ifb-title\">N&rsquo;ayez jamais peur de faire ce qui est juste, surtout si le bien-\u00eatre d&rsquo;un animal ou d&rsquo;un \u00e9cosyst\u00e8me est en jeu.<br><br><strong>Martin Luther King Jr.<\/strong><\/p><\/div><\/div><\/div>\n<\/div><\/div>\n","protected":false},"excerpt":{"rendered":"","protected":false},"author":1,"featured_media":0,"parent":0,"menu_order":0,"comment_status":"closed","ping_status":"closed","template":"","meta":{"_eb_attr":"","_uag_custom_page_level_css":"","_monsterinsights_skip_tracking":false,"_monsterinsights_sitenote_active":false,"_monsterinsights_sitenote_note":"","_monsterinsights_sitenote_category":0,"site-sidebar-layout":"default","site-content-layout":"","ast-site-content-layout":"default","site-content-style":"default","site-sidebar-style":"default","ast-global-header-display":"","ast-banner-title-visibility":"","ast-main-header-display":"","ast-hfb-above-header-display":"","ast-hfb-below-header-display":"","ast-hfb-mobile-header-display":"","site-post-title":"disabled","ast-breadcrumbs-content":"","ast-featured-img":"","footer-sml-layout":"","theme-transparent-header-meta":"","adv-header-id-meta":"","stick-header-meta":"","header-above-stick-meta":"","header-main-stick-meta":"","header-below-stick-meta":"","astra-migrate-meta-layouts":"set","ast-page-background-enabled":"default","ast-page-background-meta":{"desktop":{"background-color":"","background-image":"","background-repeat":"repeat","background-position":"center center","background-size":"auto","background-attachment":"scroll","background-type":"","background-media":"","overlay-type":"","overlay-color":"","overlay-opacity":"","overlay-gradient":""},"tablet":{"background-color":"","background-image":"","background-repeat":"repeat","background-position":"center center","background-size":"auto","background-attachment":"scroll","background-type":"","background-media":"","overlay-type":"","overlay-color":"","overlay-opacity":"","overlay-gradient":""},"mobile":{"background-color":"","background-image":"","background-repeat":"repeat","background-position":"center center","background-size":"auto","background-attachment":"scroll","background-type":"","background-media":"","overlay-type":"","overlay-color":"","overlay-opacity":"","overlay-gradient":""}},"ast-content-background-meta":{"desktop":{"background-color":"var(--ast-global-color-5)","background-image":"","background-repeat":"repeat","background-position":"center center","background-size":"auto","background-attachment":"scroll","background-type":"","background-media":"","overlay-type":"","overlay-color":"","overlay-opacity":"","overlay-gradient":""},"tablet":{"background-color":"var(--ast-global-color-5)","background-image":"","background-repeat":"repeat","background-position":"center center","background-size":"auto","background-attachment":"scroll","background-type":"","background-media":"","overlay-type":"","overlay-color":"","overlay-opacity":"","overlay-gradient":""},"mobile":{"background-color":"var(--ast-global-color-5)","background-image":"","background-repeat":"repeat","background-position":"center center","background-size":"auto","background-attachment":"scroll","background-type":"","background-media":"","overlay-type":"","overlay-color":"","overlay-opacity":"","overlay-gradient":""}},"footnotes":""},"class_list":["post-2362","page","type-page","status-publish","hentry"],"aioseo_notices":[],"uagb_featured_image_src":{"full":false,"thumbnail":false,"medium":false,"medium_large":false,"large":false,"1536x1536":false,"2048x2048":false,"trp-custom-language-flag":false},"uagb_author_info":{"display_name":"hmingui","author_link":"https:\/\/akatia.org\/fr\/author\/hmingui\/"},"uagb_comment_info":0,"uagb_excerpt":null,"_links":{"self":[{"href":"https:\/\/akatia.org\/fr\/wp-json\/wp\/v2\/pages\/2362","targetHints":{"allow":["GET"]}}],"collection":[{"href":"https:\/\/akatia.org\/fr\/wp-json\/wp\/v2\/pages"}],"about":[{"href":"https:\/\/akatia.org\/fr\/wp-json\/wp\/v2\/types\/page"}],"author":[{"embeddable":true,"href":"https:\/\/akatia.org\/fr\/wp-json\/wp\/v2\/users\/1"}],"replies":[{"embeddable":true,"href":"https:\/\/akatia.org\/fr\/wp-json\/wp\/v2\/comments?post=2362"}],"version-history":[{"count":17,"href":"https:\/\/akatia.org\/fr\/wp-json\/wp\/v2\/pages\/2362\/revisions"}],"predecessor-version":[{"id":4666,"href":"https:\/\/akatia.org\/fr\/wp-json\/wp\/v2\/pages\/2362\/revisions\/4666"}],"wp:attachment":[{"href":"https:\/\/akatia.org\/fr\/wp-json\/wp\/v2\/media?parent=2362"}],"curies":[{"name":"wp","href":"https:\/\/api.w.org\/{rel}","templated":true}]}}