{"id":2987,"date":"2024-07-01T01:17:05","date_gmt":"2024-06-30T23:17:05","guid":{"rendered":"https:\/\/akatia.org\/?page_id=2987"},"modified":"2024-07-08T16:15:40","modified_gmt":"2024-07-08T14:15:40","slug":"a-propos","status":"publish","type":"page","link":"https:\/\/akatia.org\/fr\/a-propos\/","title":{"rendered":"\u00c0 propos"},"content":{"rendered":"\n<div style=\"height:70px\" aria-hidden=\"true\" class=\"wp-block-spacer\"><\/div>\n\n\n\n<div class=\"wp-block-uagb-container uagb-block-nlrl5v1z alignfull uagb-is-root-container\">\n<div class=\"wp-block-uagb-info-box uagb-block-iaaetgbq uagb-infobox__content-wrap  uagb-infobox-icon-above-title uagb-infobox-image-valign-top\"><div class=\"uagb-ifb-content\"><div class=\"uagb-ifb-title-wrap\"><h2 class=\"uagb-ifb-title\">\u00c0 propos<\/h2><\/div><\/div><\/div>\n\n\n\n<div class=\"wp-block-columns is-layout-flex wp-container-core-columns-is-layout-28f84493 wp-block-columns-is-layout-flex\">\n<div class=\"wp-block-column is-layout-flow wp-block-column-is-layout-flow\" style=\"flex-basis:100%\">\n<div data-style-id=\"gsbp-5c0838d\">\n<div class=\"wp-block-uagb-info-box uagb-block-yysq4gdu uagb-infobox__content-wrap  uagb-infobox-icon-above-title uagb-infobox-image-valign-top wp-block-uagb-info-box--has-margin\"><div class=\"uagb-infobox-margin-wrapper\"><div class=\"uagb-ifb-content\"><div class=\"uagb-ifb-title-wrap\"><p class=\"uagb-ifb-title\"><strong>Fond\u00e9e en 2017, par Estelle Raballand et Sarah Crawford, Akatia est une ONG ivoirienne qui se consacre \u00e0 la conservation des primates \u00e0 la protection de la for\u00eat. Nous r\u00e9cup\u00e9rons des chimpanz\u00e9s et des petits singes issus du trafic ill\u00e9gal et du braconnage afin de les r\u00e9habiliter \u00e0 la vie sauvage au sein de nos deux sanctuaires.<\/strong> <\/p><\/div><\/div><\/div><\/div>\n<\/div>\n<\/div>\n<\/div>\n\n\n\n<div class=\"wp-block-uagb-container uagb-block-1f44cd3d\"><\/div>\n<\/div>\n\n\n\n<div class=\"wp-block-uagb-container uagb-block-f690aaa8 alignfull uagb-is-root-container\">\n<div class=\"wp-block-uagb-info-box uagb-block-6fb4de92 uagb-infobox__content-wrap  uagb-infobox-icon-above-title uagb-infobox-image-valign-top\"><div class=\"uagb-ifb-content\"><div class=\"uagb-ifb-title-wrap\"><h2 class=\"uagb-ifb-title\">Notre histoire<\/h2><\/div><\/div><\/div>\n\n\n\n<div class=\"wp-block-columns is-layout-flex wp-container-core-columns-is-layout-28f84493 wp-block-columns-is-layout-flex\">\n<div class=\"wp-block-column is-layout-flow wp-block-column-is-layout-flow\" style=\"flex-basis:100%\">\n<div data-style-id=\"gsbp-5c53a30\">\n<div class=\"wp-block-columns is-layout-flex wp-container-core-columns-is-layout-28f84493 wp-block-columns-is-layout-flex\">\n<div class=\"wp-block-column is-layout-flow wp-block-column-is-layout-flow\" style=\"flex-basis:100%\">\n<div class=\"wp-block-uagb-info-box uagb-block-096c5d52 uagb-infobox__content-wrap  uagb-infobox-icon-above-title uagb-infobox-image-valign-top wp-block-uagb-info-box--has-margin\"><div class=\"uagb-infobox-margin-wrapper\"><div class=\"uagb-ifb-content\"><div class=\"uagb-ifb-title-wrap\"><p class=\"uagb-ifb-title\"><strong><strong>Tout commence avec Nemley Junior, un b\u00e9b\u00e9 chimpanz\u00e9 victime du trafic d&rsquo;animaux sauvages, secouru par Interpol dans des conditions dramatiques. Malheureusement, en l&rsquo;absence d&rsquo;un centre de r\u00e9habilitation appropri\u00e9 en C\u00f4te d&rsquo;Ivoire, il est d\u00e9c\u00e9d\u00e9 six mois apr\u00e8s son sauvetage.<\/strong><br><strong><br>Cette histoire d\u00e9chirante et r\u00e9voltante met en lumi\u00e8re un probl\u00e8me crucial dans ce pays, devenu la plateforme strat\u00e9gique du trafic ill\u00e9gal d&rsquo;esp\u00e8ces sauvages et menac\u00e9es en Afrique de l&rsquo;Ouest.<\/strong><br><strong><br>Face \u00e0 cette situation injuste et dramatique pour l&rsquo;avenir de notre plan\u00e8te, Estelle Raballand et Sarah Crawford, nos deux co-fondatrices, ont pris une d\u00e9cision sans pr\u00e9c\u00e9dent : cr\u00e9er les deux premiers sanctuaires de C\u00f4te d&rsquo;Ivoire pour les primates. Ainsi, en 2017, est n\u00e9e Akatia, la premi\u00e8re et, \u00e0 ce jour, la seule structure offrant un refuge vital pour les primates et la biodiversit\u00e9 locale.<\/strong><br><strong><br><\/strong>Depuis lors, nous nous effor\u00e7ons de faire tout ce qui est en notre possible pour qu&rsquo;il n&rsquo;y ait plus jamais de Nemley Junior. <br><\/strong><br><br><br><br><br><br><br><br><br><br><br><\/p><\/div><\/div><\/div><\/div>\n<\/div>\n<\/div>\n<\/div>\n<\/div>\n<\/div>\n\n\n\n<div class=\"wp-block-uagb-image uagb-block-62c9376c wp-block-uagb-image--layout-default wp-block-uagb-image--effect-static wp-block-uagb-image--align-none uag-hide-mob\"><figure class=\"wp-block-uagb-image__figure\"><img data-recalc-dims=\"1\" decoding=\"async\" srcset=\"https:\/\/akatia.org\/wp-content\/uploads\/2024\/07\/histoire-768x1024.jpeg ,https:\/\/akatia.org\/wp-content\/uploads\/2024\/07\/histoire-768x1024.jpeg 780w, https:\/\/akatia.org\/wp-content\/uploads\/2024\/07\/histoire.jpeg 360w\" sizes=\"auto, (max-width: 480px) 150px\" src=\"https:\/\/i0.wp.com\/akatia.org\/wp-content\/uploads\/2024\/07\/histoire.jpeg?resize=768%2C1024&#038;ssl=1\" alt=\"\" class=\"uag-image-3000\" width=\"768\" height=\"1024\" title=\"histoire\" loading=\"lazy\" role=\"img\"\/><\/figure><\/div>\n<\/div>\n\n\n\n<div style=\"height:287px\" aria-hidden=\"true\" class=\"wp-block-spacer\"><\/div>\n\n\n\n<div style=\"height:162px\" aria-hidden=\"true\" class=\"wp-block-spacer\"><\/div>\n","protected":false},"excerpt":{"rendered":"","protected":false},"author":2,"featured_media":0,"parent":0,"menu_order":0,"comment_status":"closed","ping_status":"closed","template":"","meta":{"_eb_attr":"","_uag_custom_page_level_css":"","_monsterinsights_skip_tracking":false,"_monsterinsights_sitenote_active":false,"_monsterinsights_sitenote_note":"","_monsterinsights_sitenote_category":0,"site-sidebar-layout":"default","site-content-layout":"","ast-site-content-layout":"default","site-content-style":"default","site-sidebar-style":"default","ast-global-header-display":"","ast-banner-title-visibility":"","ast-main-header-display":"","ast-hfb-above-header-display":"","ast-hfb-below-header-display":"","ast-hfb-mobile-header-display":"","site-post-title":"disabled","ast-breadcrumbs-content":"","ast-featured-img":"","footer-sml-layout":"","theme-transparent-header-meta":"","adv-header-id-meta":"","stick-header-meta":"","header-above-stick-meta":"","header-main-stick-meta":"","header-below-stick-meta":"","astra-migrate-meta-layouts":"set","ast-page-background-enabled":"default","ast-page-background-meta":{"desktop":{"background-color":"","background-image":"","background-repeat":"repeat","background-position":"center center","background-size":"auto","background-attachment":"scroll","background-type":"","background-media":"","overlay-type":"","overlay-color":"","overlay-opacity":"","overlay-gradient":""},"tablet":{"background-color":"","background-image":"","background-repeat":"repeat","background-position":"center center","background-size":"auto","background-attachment":"scroll","background-type":"","background-media":"","overlay-type":"","overlay-color":"","overlay-opacity":"","overlay-gradient":""},"mobile":{"background-color":"","background-image":"","background-repeat":"repeat","background-position":"center center","background-size":"auto","background-attachment":"scroll","background-type":"","background-media":"","overlay-type":"","overlay-color":"","overlay-opacity":"","overlay-gradient":""}},"ast-content-background-meta":{"desktop":{"background-color":"var(--ast-global-color-5)","background-image":"","background-repeat":"repeat","background-position":"center center","background-size":"auto","background-attachment":"scroll","background-type":"","background-media":"","overlay-type":"","overlay-color":"","overlay-opacity":"","overlay-gradient":""},"tablet":{"background-color":"var(--ast-global-color-5)","background-image":"","background-repeat":"repeat","background-position":"center center","background-size":"auto","background-attachment":"scroll","background-type":"","background-media":"","overlay-type":"","overlay-color":"","overlay-opacity":"","overlay-gradient":""},"mobile":{"background-color":"var(--ast-global-color-5)","background-image":"","background-repeat":"repeat","background-position":"center center","background-size":"auto","background-attachment":"scroll","background-type":"","background-media":"","overlay-type":"","overlay-color":"","overlay-opacity":"","overlay-gradient":""}},"footnotes":""},"class_list":["post-2987","page","type-page","status-publish","hentry"],"aioseo_notices":[],"uagb_featured_image_src":{"full":false,"thumbnail":false,"medium":false,"medium_large":false,"large":false,"1536x1536":false,"2048x2048":false,"trp-custom-language-flag":false},"uagb_author_info":{"display_name":"atherond","author_link":"https:\/\/akatia.org\/fr\/author\/atherond\/"},"uagb_comment_info":0,"uagb_excerpt":null,"_links":{"self":[{"href":"https:\/\/akatia.org\/fr\/wp-json\/wp\/v2\/pages\/2987","targetHints":{"allow":["GET"]}}],"collection":[{"href":"https:\/\/akatia.org\/fr\/wp-json\/wp\/v2\/pages"}],"about":[{"href":"https:\/\/akatia.org\/fr\/wp-json\/wp\/v2\/types\/page"}],"author":[{"embeddable":true,"href":"https:\/\/akatia.org\/fr\/wp-json\/wp\/v2\/users\/2"}],"replies":[{"embeddable":true,"href":"https:\/\/akatia.org\/fr\/wp-json\/wp\/v2\/comments?post=2987"}],"version-history":[{"count":52,"href":"https:\/\/akatia.org\/fr\/wp-json\/wp\/v2\/pages\/2987\/revisions"}],"predecessor-version":[{"id":4842,"href":"https:\/\/akatia.org\/fr\/wp-json\/wp\/v2\/pages\/2987\/revisions\/4842"}],"wp:attachment":[{"href":"https:\/\/akatia.org\/fr\/wp-json\/wp\/v2\/media?parent=2987"}],"curies":[{"name":"wp","href":"https:\/\/api.w.org\/{rel}","templated":true}]}}