{"id":3250,"date":"2024-07-02T01:38:26","date_gmt":"2024-07-01T23:38:26","guid":{"rendered":"https:\/\/akatia.org\/?page_id=3250"},"modified":"2024-07-02T02:45:18","modified_gmt":"2024-07-02T00:45:18","slug":"bintou","status":"publish","type":"page","link":"https:\/\/akatia.org\/fr\/parrainer-un-primate\/bintou\/","title":{"rendered":"Bintou"},"content":{"rendered":"\n<div style=\"height:100px\" aria-hidden=\"true\" class=\"wp-block-spacer\"><\/div>\n\n\n\n<div class=\"wp-block-uagb-container uagb-block-3uedqsul alignfull uagb-is-root-container\"><div class=\"uagb-container-inner-blocks-wrap\">\n<div class=\"wp-block-uagb-container uagb-block-k7gnjwsr\">\n<div class=\"wp-block-uagb-info-box uagb-block-g4soun4f uagb-infobox__content-wrap  uagb-infobox-icon-above-title uagb-infobox-image-valign-top wp-block-uagb-info-box--has-margin\"><div class=\"uagb-infobox-margin-wrapper\"><div class=\"uagb-ifb-content\"><div class=\"uagb-ifb-title-wrap\"><h2 class=\"uagb-ifb-title\">BINTOU, L\u2019AVENTURI\u00c8RE<\/h2><\/div><p class=\"uagb-ifb-desc\">Haute comme trois pommes, mais puissante comme l\u2019\u00e9clair ! Bintou est une vraie aventuri\u00e8re. Pourtant, sa vie a commenc\u00e9 tragiquement. Saisie lors de l&rsquo;arrestation d&rsquo;un trafiquant de chimpanz\u00e9 en d\u00e9but 2024, elle fait partie des nombreux orphelins victimes de ce r\u00e9seau qui s\u00e9vit depuis des dizaines d&rsquo;ann\u00e9es. <br><br>Bintou adore les bananes plantains, un peu moins les l\u00e9gumes. Elle a son sacr\u00e9 caract\u00e8re pour cette juv\u00e9nile de m\u00eame pas un an ! Elle adore grimper dans les arbres et pr\u00e9f\u00e8re les hommes soigneurs que les femmes soigneuses ! \u00c7a promet \ud83d\ude42<\/p><\/div><\/div><\/div>\n\n\n\n<div class=\"wp-block-uagb-image uagb-block-ycd34z72 wp-block-uagb-image--layout-default wp-block-uagb-image--effect-static wp-block-uagb-image--align-none alignleft\"><figure class=\"wp-block-uagb-image__figure\"><img data-recalc-dims=\"1\" decoding=\"async\" srcset=\"https:\/\/akatia.org\/wp-content\/uploads\/2024\/07\/Capture-decran-2024-07-01-a-22.43.05.jpg ,https:\/\/akatia.org\/wp-content\/uploads\/2024\/07\/Capture-decran-2024-07-01-a-22.43.05.jpg 780w, https:\/\/akatia.org\/wp-content\/uploads\/2024\/07\/Capture-decran-2024-07-01-a-22.43.05.jpg 360w\" sizes=\"auto, (max-width: 480px) 150px\" src=\"https:\/\/i0.wp.com\/akatia.org\/wp-content\/uploads\/2024\/07\/Capture-decran-2024-07-01-a-22.43.05.jpg?resize=600%2C600&#038;ssl=1\" alt=\"\" class=\"uag-image-3251\" width=\"600\" height=\"600\" title=\"bintou\" loading=\"lazy\" role=\"img\"\/><\/figure><\/div>\n<\/div>\n\n\n\n<div class=\"wp-block-uagb-container uagb-block-9i1erhsa\">\n<div class=\"wp-block-uagb-image alignleft uagb-block-xvye6hln wp-block-uagb-image--layout-default wp-block-uagb-image--effect-static wp-block-uagb-image--align-left\"><figure class=\"wp-block-uagb-image__figure\"><img data-recalc-dims=\"1\" decoding=\"async\" srcset=\"https:\/\/akatia.org\/wp-content\/uploads\/2024\/07\/Capture-decran-2024-07-01-a-22.42.57-1024x940.jpg ,https:\/\/akatia.org\/wp-content\/uploads\/2024\/07\/Capture-decran-2024-07-01-a-22.42.57.jpg 780w, https:\/\/akatia.org\/wp-content\/uploads\/2024\/07\/Capture-decran-2024-07-01-a-22.42.57.jpg 360w\" sizes=\"auto, (max-width: 480px) 150px\" src=\"https:\/\/i0.wp.com\/akatia.org\/wp-content\/uploads\/2024\/07\/Capture-decran-2024-07-01-a-22.42.57.jpg?resize=564%2C376&#038;ssl=1\" alt=\"\" class=\"uag-image-3252\" width=\"564\" height=\"376\" title=\"bintou\" loading=\"lazy\" role=\"img\"\/><\/figure><\/div>\n\n\n\n<div class=\"wp-block-uagb-image alignleft uagb-block-ldiaeonk wp-block-uagb-image--layout-default wp-block-uagb-image--effect-static wp-block-uagb-image--align-left\"><figure class=\"wp-block-uagb-image__figure\"><img data-recalc-dims=\"1\" decoding=\"async\" srcset=\"https:\/\/akatia.org\/wp-content\/uploads\/2024\/07\/Capture-decran-2024-07-01-a-22.43.12-1019x1024.jpg ,https:\/\/akatia.org\/wp-content\/uploads\/2024\/07\/Capture-decran-2024-07-01-a-22.43.12.jpg 780w, https:\/\/akatia.org\/wp-content\/uploads\/2024\/07\/Capture-decran-2024-07-01-a-22.43.12.jpg 360w\" sizes=\"auto, (max-width: 480px) 150px\" src=\"https:\/\/i0.wp.com\/akatia.org\/wp-content\/uploads\/2024\/07\/Capture-decran-2024-07-01-a-22.43.12.jpg?resize=564%2C376&#038;ssl=1\" alt=\"\" class=\"uag-image-3253\" width=\"564\" height=\"376\" title=\"bintou\" loading=\"lazy\" role=\"img\"\/><\/figure><\/div>\n<\/div>\n<\/div><\/div>\n\n\n\t\t\t<iframe\n\t\t\t\tid=\"idIframe\"\n\t\t\t\tsrc=\"https:\/\/www.helloasso.com\/associations\/akatia-international\/adhesions\/parrainage-de-bintou\/widget\"\n\t\t\t\theight=750px\"\t\t\t\twidth=100%\"\t\t\t\tframeborder=\"0\"\n\t\t\t\tloading=\"lazy\"\n\t\t\t\tallowtransparency=\"true\"\n\t\t\t\tonload=\"resizeIframeMessage()\"><\/iframe>\n\n","protected":false},"excerpt":{"rendered":"","protected":false},"author":1,"featured_media":0,"parent":2360,"menu_order":0,"comment_status":"closed","ping_status":"closed","template":"","meta":{"_eb_attr":"","_uag_custom_page_level_css":"","_monsterinsights_skip_tracking":false,"_monsterinsights_sitenote_active":false,"_monsterinsights_sitenote_note":"","_monsterinsights_sitenote_category":0,"site-sidebar-layout":"default","site-content-layout":"","ast-site-content-layout":"default","site-content-style":"default","site-sidebar-style":"default","ast-global-header-display":"","ast-banner-title-visibility":"","ast-main-header-display":"","ast-hfb-above-header-display":"","ast-hfb-below-header-display":"","ast-hfb-mobile-header-display":"","site-post-title":"disabled","ast-breadcrumbs-content":"","ast-featured-img":"","footer-sml-layout":"","theme-transparent-header-meta":"","adv-header-id-meta":"","stick-header-meta":"","header-above-stick-meta":"","header-main-stick-meta":"","header-below-stick-meta":"","astra-migrate-meta-layouts":"set","ast-page-background-enabled":"default","ast-page-background-meta":{"desktop":{"background-color":"","background-image":"","background-repeat":"repeat","background-position":"center center","background-size":"auto","background-attachment":"scroll","background-type":"","background-media":"","overlay-type":"","overlay-color":"","overlay-opacity":"","overlay-gradient":""},"tablet":{"background-color":"","background-image":"","background-repeat":"repeat","background-position":"center center","background-size":"auto","background-attachment":"scroll","background-type":"","background-media":"","overlay-type":"","overlay-color":"","overlay-opacity":"","overlay-gradient":""},"mobile":{"background-color":"","background-image":"","background-repeat":"repeat","background-position":"center center","background-size":"auto","background-attachment":"scroll","background-type":"","background-media":"","overlay-type":"","overlay-color":"","overlay-opacity":"","overlay-gradient":""}},"ast-content-background-meta":{"desktop":{"background-color":"var(--ast-global-color-5)","background-image":"","background-repeat":"repeat","background-position":"center center","background-size":"auto","background-attachment":"scroll","background-type":"","background-media":"","overlay-type":"","overlay-color":"","overlay-opacity":"","overlay-gradient":""},"tablet":{"background-color":"var(--ast-global-color-5)","background-image":"","background-repeat":"repeat","background-position":"center center","background-size":"auto","background-attachment":"scroll","background-type":"","background-media":"","overlay-type":"","overlay-color":"","overlay-opacity":"","overlay-gradient":""},"mobile":{"background-color":"var(--ast-global-color-5)","background-image":"","background-repeat":"repeat","background-position":"center center","background-size":"auto","background-attachment":"scroll","background-type":"","background-media":"","overlay-type":"","overlay-color":"","overlay-opacity":"","overlay-gradient":""}},"footnotes":""},"class_list":["post-3250","page","type-page","status-publish","hentry"],"aioseo_notices":[],"uagb_featured_image_src":{"full":false,"thumbnail":false,"medium":false,"medium_large":false,"large":false,"1536x1536":false,"2048x2048":false,"trp-custom-language-flag":false},"uagb_author_info":{"display_name":"hmingui","author_link":"https:\/\/akatia.org\/fr\/author\/hmingui\/"},"uagb_comment_info":0,"uagb_excerpt":null,"_links":{"self":[{"href":"https:\/\/akatia.org\/fr\/wp-json\/wp\/v2\/pages\/3250","targetHints":{"allow":["GET"]}}],"collection":[{"href":"https:\/\/akatia.org\/fr\/wp-json\/wp\/v2\/pages"}],"about":[{"href":"https:\/\/akatia.org\/fr\/wp-json\/wp\/v2\/types\/page"}],"author":[{"embeddable":true,"href":"https:\/\/akatia.org\/fr\/wp-json\/wp\/v2\/users\/1"}],"replies":[{"embeddable":true,"href":"https:\/\/akatia.org\/fr\/wp-json\/wp\/v2\/comments?post=3250"}],"version-history":[{"count":11,"href":"https:\/\/akatia.org\/fr\/wp-json\/wp\/v2\/pages\/3250\/revisions"}],"predecessor-version":[{"id":3598,"href":"https:\/\/akatia.org\/fr\/wp-json\/wp\/v2\/pages\/3250\/revisions\/3598"}],"up":[{"embeddable":true,"href":"https:\/\/akatia.org\/fr\/wp-json\/wp\/v2\/pages\/2360"}],"wp:attachment":[{"href":"https:\/\/akatia.org\/fr\/wp-json\/wp\/v2\/media?parent=3250"}],"curies":[{"name":"wp","href":"https:\/\/api.w.org\/{rel}","templated":true}]}}