{"id":3284,"date":"2024-07-02T02:02:12","date_gmt":"2024-07-02T00:02:12","guid":{"rendered":"https:\/\/akatia.org\/?page_id=3284"},"modified":"2024-07-02T02:46:32","modified_gmt":"2024-07-02T00:46:32","slug":"emma","status":"publish","type":"page","link":"https:\/\/akatia.org\/fr\/parrainer-un-primate\/emma\/","title":{"rendered":"Emma"},"content":{"rendered":"\n<div style=\"height:100px\" aria-hidden=\"true\" class=\"wp-block-spacer\"><\/div>\n\n\n\n<div class=\"wp-block-uagb-container uagb-block-tq7a8coh alignfull uagb-is-root-container\"><div class=\"uagb-container-inner-blocks-wrap\">\n<div class=\"wp-block-uagb-container uagb-block-sdvui360\">\n<div class=\"wp-block-uagb-info-box uagb-block-0tcynjr2 uagb-infobox__content-wrap  uagb-infobox-icon-above-title uagb-infobox-image-valign-top wp-block-uagb-info-box--has-margin\"><div class=\"uagb-infobox-margin-wrapper\"><div class=\"uagb-ifb-content\"><div class=\"uagb-ifb-title-wrap\"><h2 class=\"uagb-ifb-title\"><strong>EMMA, La pr\u00e9cieuse<\/strong><\/h2><\/div><p class=\"uagb-ifb-desc\">N\u00e9e en d\u00e9cembre 2018, Emma a \u00e9t\u00e9 confisqu\u00e9e \u00e0 un producteur de cacao en mars 2020 juste \u00e0 l&rsquo;ext\u00e9rieur d&rsquo;Agboville. Elle avait un morceau de balle en dessous du menton \u00e0 son arriv\u00e9e; nous en avons conclu qu&rsquo;Emma \u00e9tait probablement sur le dos de sa m\u00e8re lorsque celle-ci a \u00e9t\u00e9 tu\u00e9e. Emma \u00e9tait assez timide et r\u00e9serv\u00e9e quand elle est arriv\u00e9e pour la premi\u00e8re fois mais elle est rapidement sortie de sa coquille. <br><br>Elle a pass\u00e9 3 mois en quarantaine et a gagn\u00e9 en force avant de d\u00e9m\u00e9nager pour \u00eatre avec Hawa. Emma est une jeune chimpanz\u00e9 d\u2019une personnalit\u00e9 tr\u00e8s calme, elle est pr\u00e9cieuse. Souvent dans sa bulle, elle a tendance \u00e0 s\u2019attarder sur les petits d\u00e9tails, comme une t\u00e2che, ou une branche qu\u2019elle va tripoter et retourner dans tous les sens. Elle aime aussi qu\u2019on s\u2019occupe d\u2019elle.<br><br>C\u2019est souvent elle qui d\u00e9couvre des choses (une feuille diff\u00e9rente, une branche un peu plus grosse que les autres, un insecte, \u2026), jusqu\u2019\u00e0 pr\u00e9sent,&nbsp; elle se les faisait voler instantan\u00e9ment par les autres mais depuis, elle a pris du caract\u00e8re et il est d\u00e9sormais hors de question qu\u2019on lui prenne quoique ce soit.&nbsp; Avec son regard per\u00e7ant, l&rsquo;\u00e9quipe l&rsquo;a surnomm\u00e9 \u00ab les yeux r\u00e9volvers \u00bb car lorsqu\u2019elle n\u2019est pas contente, son regard parle !<br>&nbsp;<strong><br>Fun fact \u00e0 propos d\u2019Emma :<\/strong> elle ne supporte pas d\u2019\u00eatre sale ou ni que les autres le soit, elle n\u2019h\u00e9site donc pas \u00e0 les nettoyer !<\/p><\/div><\/div><\/div>\n\n\n\n<div class=\"wp-block-uagb-image alignleft uagb-block-qzlxovea wp-block-uagb-image--layout-default wp-block-uagb-image--effect-static wp-block-uagb-image--align-left\"><figure class=\"wp-block-uagb-image__figure\"><img data-recalc-dims=\"1\" decoding=\"async\" srcset=\"https:\/\/akatia.org\/wp-content\/uploads\/2024\/07\/emma1-1024x860.jpg ,https:\/\/akatia.org\/wp-content\/uploads\/2024\/07\/emma1.jpg 780w, https:\/\/akatia.org\/wp-content\/uploads\/2024\/07\/emma1.jpg 360w\" sizes=\"auto, (max-width: 480px) 150px\" src=\"https:\/\/i0.wp.com\/akatia.org\/wp-content\/uploads\/2024\/07\/emma1.jpg?resize=564%2C376&#038;ssl=1\" alt=\"\" class=\"uag-image-3287\" width=\"564\" height=\"376\" title=\"emma1\" loading=\"lazy\" role=\"img\"\/><\/figure><\/div>\n<\/div>\n\n\n\n<div class=\"wp-block-uagb-container uagb-block-gnf9uont\">\n<div class=\"wp-block-uagb-image alignleft uagb-block-ve04ttau wp-block-uagb-image--layout-default wp-block-uagb-image--effect-static wp-block-uagb-image--align-left\"><figure class=\"wp-block-uagb-image__figure\"><img data-recalc-dims=\"1\" decoding=\"async\" srcset=\"https:\/\/akatia.org\/wp-content\/uploads\/2024\/07\/emma-1024x712.jpg ,https:\/\/akatia.org\/wp-content\/uploads\/2024\/07\/emma.jpg 780w, https:\/\/akatia.org\/wp-content\/uploads\/2024\/07\/emma.jpg 360w\" sizes=\"auto, (max-width: 480px) 150px\" src=\"https:\/\/i0.wp.com\/akatia.org\/wp-content\/uploads\/2024\/07\/emma.jpg?resize=564%2C376&#038;ssl=1\" alt=\"\" class=\"uag-image-3285\" width=\"564\" height=\"376\" title=\"emma\" loading=\"lazy\" role=\"img\"\/><\/figure><\/div>\n\n\n\n<div class=\"wp-block-uagb-image alignleft uagb-block-vxatk2a6 wp-block-uagb-image--layout-default wp-block-uagb-image--effect-static wp-block-uagb-image--align-left\"><figure class=\"wp-block-uagb-image__figure\"><img data-recalc-dims=\"1\" decoding=\"async\" srcset=\"https:\/\/akatia.org\/wp-content\/uploads\/2024\/07\/emma2-1024x806.jpg ,https:\/\/akatia.org\/wp-content\/uploads\/2024\/07\/emma2.jpg 780w, https:\/\/akatia.org\/wp-content\/uploads\/2024\/07\/emma2.jpg 360w\" sizes=\"auto, (max-width: 480px) 150px\" src=\"https:\/\/i0.wp.com\/akatia.org\/wp-content\/uploads\/2024\/07\/emma2.jpg?resize=564%2C376&#038;ssl=1\" alt=\"\" class=\"uag-image-3286\" width=\"564\" height=\"376\" title=\"emma2\" loading=\"lazy\" role=\"img\"\/><\/figure><\/div>\n<\/div>\n<\/div><\/div>\n\n\n\t\t\t<iframe\n\t\t\t\tid=\"idIframe\"\n\t\t\t\tsrc=\"https:\/\/www.helloasso.com\/associations\/akatia-international\/adhesions\/parrainage-d-emma\/widget\"\n\t\t\t\theight=750px\"\t\t\t\twidth=100%\"\t\t\t\tframeborder=\"0\"\n\t\t\t\tloading=\"lazy\"\n\t\t\t\tallowtransparency=\"true\"\n\t\t\t\tonload=\"resizeIframeMessage()\"><\/iframe>\n\n","protected":false},"excerpt":{"rendered":"","protected":false},"author":1,"featured_media":0,"parent":2360,"menu_order":0,"comment_status":"closed","ping_status":"closed","template":"","meta":{"_eb_attr":"","_uag_custom_page_level_css":"","_monsterinsights_skip_tracking":false,"_monsterinsights_sitenote_active":false,"_monsterinsights_sitenote_note":"","_monsterinsights_sitenote_category":0,"site-sidebar-layout":"default","site-content-layout":"","ast-site-content-layout":"default","site-content-style":"default","site-sidebar-style":"default","ast-global-header-display":"","ast-banner-title-visibility":"","ast-main-header-display":"","ast-hfb-above-header-display":"","ast-hfb-below-header-display":"","ast-hfb-mobile-header-display":"","site-post-title":"disabled","ast-breadcrumbs-content":"","ast-featured-img":"","footer-sml-layout":"","theme-transparent-header-meta":"","adv-header-id-meta":"","stick-header-meta":"","header-above-stick-meta":"","header-main-stick-meta":"","header-below-stick-meta":"","astra-migrate-meta-layouts":"set","ast-page-background-enabled":"default","ast-page-background-meta":{"desktop":{"background-color":"","background-image":"","background-repeat":"repeat","background-position":"center center","background-size":"auto","background-attachment":"scroll","background-type":"","background-media":"","overlay-type":"","overlay-color":"","overlay-opacity":"","overlay-gradient":""},"tablet":{"background-color":"","background-image":"","background-repeat":"repeat","background-position":"center center","background-size":"auto","background-attachment":"scroll","background-type":"","background-media":"","overlay-type":"","overlay-color":"","overlay-opacity":"","overlay-gradient":""},"mobile":{"background-color":"","background-image":"","background-repeat":"repeat","background-position":"center center","background-size":"auto","background-attachment":"scroll","background-type":"","background-media":"","overlay-type":"","overlay-color":"","overlay-opacity":"","overlay-gradient":""}},"ast-content-background-meta":{"desktop":{"background-color":"var(--ast-global-color-5)","background-image":"","background-repeat":"repeat","background-position":"center center","background-size":"auto","background-attachment":"scroll","background-type":"","background-media":"","overlay-type":"","overlay-color":"","overlay-opacity":"","overlay-gradient":""},"tablet":{"background-color":"var(--ast-global-color-5)","background-image":"","background-repeat":"repeat","background-position":"center center","background-size":"auto","background-attachment":"scroll","background-type":"","background-media":"","overlay-type":"","overlay-color":"","overlay-opacity":"","overlay-gradient":""},"mobile":{"background-color":"var(--ast-global-color-5)","background-image":"","background-repeat":"repeat","background-position":"center center","background-size":"auto","background-attachment":"scroll","background-type":"","background-media":"","overlay-type":"","overlay-color":"","overlay-opacity":"","overlay-gradient":""}},"footnotes":""},"class_list":["post-3284","page","type-page","status-publish","hentry"],"aioseo_notices":[],"uagb_featured_image_src":{"full":false,"thumbnail":false,"medium":false,"medium_large":false,"large":false,"1536x1536":false,"2048x2048":false,"trp-custom-language-flag":false},"uagb_author_info":{"display_name":"hmingui","author_link":"https:\/\/akatia.org\/fr\/author\/hmingui\/"},"uagb_comment_info":0,"uagb_excerpt":null,"_links":{"self":[{"href":"https:\/\/akatia.org\/fr\/wp-json\/wp\/v2\/pages\/3284","targetHints":{"allow":["GET"]}}],"collection":[{"href":"https:\/\/akatia.org\/fr\/wp-json\/wp\/v2\/pages"}],"about":[{"href":"https:\/\/akatia.org\/fr\/wp-json\/wp\/v2\/types\/page"}],"author":[{"embeddable":true,"href":"https:\/\/akatia.org\/fr\/wp-json\/wp\/v2\/users\/1"}],"replies":[{"embeddable":true,"href":"https:\/\/akatia.org\/fr\/wp-json\/wp\/v2\/comments?post=3284"}],"version-history":[{"count":2,"href":"https:\/\/akatia.org\/fr\/wp-json\/wp\/v2\/pages\/3284\/revisions"}],"predecessor-version":[{"id":3307,"href":"https:\/\/akatia.org\/fr\/wp-json\/wp\/v2\/pages\/3284\/revisions\/3307"}],"up":[{"embeddable":true,"href":"https:\/\/akatia.org\/fr\/wp-json\/wp\/v2\/pages\/2360"}],"wp:attachment":[{"href":"https:\/\/akatia.org\/fr\/wp-json\/wp\/v2\/media?parent=3284"}],"curies":[{"name":"wp","href":"https:\/\/api.w.org\/{rel}","templated":true}]}}