{"id":3289,"date":"2024-07-02T02:08:27","date_gmt":"2024-07-02T00:08:27","guid":{"rendered":"https:\/\/akatia.org\/?page_id=3289"},"modified":"2024-07-02T02:46:53","modified_gmt":"2024-07-02T00:46:53","slug":"judith","status":"publish","type":"page","link":"https:\/\/akatia.org\/fr\/parrainer-un-primate\/judith\/","title":{"rendered":"Judith"},"content":{"rendered":"\n<div style=\"height:100px\" aria-hidden=\"true\" class=\"wp-block-spacer\"><\/div>\n\n\n\n<div class=\"wp-block-uagb-container uagb-block-idhejedy alignfull uagb-is-root-container\"><div class=\"uagb-container-inner-blocks-wrap\">\n<div class=\"wp-block-uagb-container uagb-block-nkjl9lm5\">\n<div class=\"wp-block-uagb-info-box uagb-block-vk8j0ca7 uagb-infobox__content-wrap  uagb-infobox-icon-above-title uagb-infobox-image-valign-top\"><div class=\"uagb-ifb-content\"><div class=\"uagb-ifb-title-wrap\"><h2 class=\"uagb-ifb-title\">JUDITH, La daronne<\/h2><\/div><p class=\"uagb-ifb-desc\">D\u00e9couverte enferm\u00e9e et gard\u00e9e dans une cage dans un \u00e9tat de faiblesse, n&rsquo;\u00e9tant pas soign\u00e9e comme elle aurait d\u00fb par manque de connaissance du propri\u00e9taire, Judith a \u00e9t\u00e9 lib\u00e9r\u00e9e de sa cha\u00eene par Akatia en avril 2023 pour rejoindre le Sanctuaire des Chimpanz\u00e9s \u00e0 Comoe1.<br>Ag\u00e9e de 29 ans, Judith avait pass\u00e9 une partie de sa vie au zoo de Bouak\u00e9 avant cela.<br><br>Les \u00e9quipes d&rsquo;Akatia s&rsquo;\u00e9taient alors mobilis\u00e9es pour lui venir en aide, en fournissant nourritures et produits d&rsquo;entretien en attendant de lui trouver une solution d&rsquo;accueil. Nous tenons \u00e9galement \u00e0 pr\u00e9ciser que sans l&rsquo;aide pr\u00e9cieuse des donneurs et notamment de Franscesca qui a lanc\u00e9 l&rsquo;alerte et la demande de fonds, le sauvetage de Judith n&rsquo;aurait probablement pas \u00e9t\u00e9 possible.<br><br>Judith est bien arriv\u00e9e au sanctuaire, une nouvelle \u00e9tape primordiale pour l&rsquo;autre moiti\u00e9 de sa vie.<br><br>La priorit\u00e9 est d\u00e9sormais de permettre \u00e0 Judith de reprendre des forces, de retrouver peu \u00e0 peu confiance et de pouvoir vivre dans les meilleures conditions de vie possible.&nbsp;<br><br>Judith incarne sans aucun doute la force, la d\u00e9termination mais aussi une tr\u00e8s tr\u00e8s grande gentillesse. Nous lui souhaitons d\u00e9sormais son \u00e9panouissement et une vie apais\u00e9e au sanctuaire.<\/p><\/div><\/div>\n<\/div>\n\n\n\n<div class=\"wp-block-uagb-container uagb-block-jejmnp60\">\n<div class=\"wp-block-uagb-image alignleft uagb-block-x8d0qb4a wp-block-uagb-image--layout-default wp-block-uagb-image--effect-static wp-block-uagb-image--align-left\"><figure class=\"wp-block-uagb-image__figure\"><img data-recalc-dims=\"1\" decoding=\"async\" srcset=\"https:\/\/akatia.org\/wp-content\/uploads\/2024\/07\/judith1-576x1024.jpg ,https:\/\/akatia.org\/wp-content\/uploads\/2024\/07\/judith1-scaled.jpg 780w, https:\/\/akatia.org\/wp-content\/uploads\/2024\/07\/judith1-scaled.jpg 360w\" sizes=\"auto, (max-width: 480px) 150px\" src=\"https:\/\/i0.wp.com\/akatia.org\/wp-content\/uploads\/2024\/07\/judith1.jpg?resize=270%2C360&#038;ssl=1\" alt=\"\" class=\"uag-image-3290\" width=\"270\" height=\"360\" title=\"judith1\" loading=\"lazy\" role=\"img\"\/><\/figure><\/div>\n\n\n\n<div class=\"wp-block-uagb-image alignleft uagb-block-u7da0loh wp-block-uagb-image--layout-default wp-block-uagb-image--effect-static wp-block-uagb-image--align-left\"><figure class=\"wp-block-uagb-image__figure\"><img data-recalc-dims=\"1\" decoding=\"async\" srcset=\"https:\/\/akatia.org\/wp-content\/uploads\/2024\/07\/judith2-692x1024.jpg ,https:\/\/akatia.org\/wp-content\/uploads\/2024\/07\/judith2.jpg 780w, https:\/\/akatia.org\/wp-content\/uploads\/2024\/07\/judith2.jpg 360w\" sizes=\"auto, (max-width: 480px) 150px\" src=\"https:\/\/i0.wp.com\/akatia.org\/wp-content\/uploads\/2024\/07\/judith2.jpg?resize=270%2C360&#038;ssl=1\" alt=\"\" class=\"uag-image-3291\" width=\"270\" height=\"360\" title=\"judith2\" loading=\"lazy\" role=\"img\"\/><\/figure><\/div>\n<\/div>\n<\/div><\/div>\n\n\n\t\t\t<iframe\n\t\t\t\tid=\"idIframe\"\n\t\t\t\tsrc=\"https:\/\/www.helloasso.com\/associations\/akatia-international\/adhesions\/parrainage-de-judith\/widget\"\n\t\t\t\theight=750px\"\t\t\t\twidth=100%\"\t\t\t\tframeborder=\"0\"\n\t\t\t\tloading=\"lazy\"\n\t\t\t\tallowtransparency=\"true\"\n\t\t\t\tonload=\"resizeIframeMessage()\"><\/iframe>\n\n","protected":false},"excerpt":{"rendered":"","protected":false},"author":1,"featured_media":0,"parent":2360,"menu_order":0,"comment_status":"closed","ping_status":"closed","template":"","meta":{"_eb_attr":"","_uag_custom_page_level_css":"","_monsterinsights_skip_tracking":false,"_monsterinsights_sitenote_active":false,"_monsterinsights_sitenote_note":"","_monsterinsights_sitenote_category":0,"site-sidebar-layout":"default","site-content-layout":"","ast-site-content-layout":"default","site-content-style":"default","site-sidebar-style":"default","ast-global-header-display":"","ast-banner-title-visibility":"","ast-main-header-display":"","ast-hfb-above-header-display":"","ast-hfb-below-header-display":"","ast-hfb-mobile-header-display":"","site-post-title":"disabled","ast-breadcrumbs-content":"","ast-featured-img":"","footer-sml-layout":"","theme-transparent-header-meta":"","adv-header-id-meta":"","stick-header-meta":"","header-above-stick-meta":"","header-main-stick-meta":"","header-below-stick-meta":"","astra-migrate-meta-layouts":"set","ast-page-background-enabled":"default","ast-page-background-meta":{"desktop":{"background-color":"","background-image":"","background-repeat":"repeat","background-position":"center center","background-size":"auto","background-attachment":"scroll","background-type":"","background-media":"","overlay-type":"","overlay-color":"","overlay-opacity":"","overlay-gradient":""},"tablet":{"background-color":"","background-image":"","background-repeat":"repeat","background-position":"center center","background-size":"auto","background-attachment":"scroll","background-type":"","background-media":"","overlay-type":"","overlay-color":"","overlay-opacity":"","overlay-gradient":""},"mobile":{"background-color":"","background-image":"","background-repeat":"repeat","background-position":"center center","background-size":"auto","background-attachment":"scroll","background-type":"","background-media":"","overlay-type":"","overlay-color":"","overlay-opacity":"","overlay-gradient":""}},"ast-content-background-meta":{"desktop":{"background-color":"var(--ast-global-color-5)","background-image":"","background-repeat":"repeat","background-position":"center center","background-size":"auto","background-attachment":"scroll","background-type":"","background-media":"","overlay-type":"","overlay-color":"","overlay-opacity":"","overlay-gradient":""},"tablet":{"background-color":"var(--ast-global-color-5)","background-image":"","background-repeat":"repeat","background-position":"center center","background-size":"auto","background-attachment":"scroll","background-type":"","background-media":"","overlay-type":"","overlay-color":"","overlay-opacity":"","overlay-gradient":""},"mobile":{"background-color":"var(--ast-global-color-5)","background-image":"","background-repeat":"repeat","background-position":"center center","background-size":"auto","background-attachment":"scroll","background-type":"","background-media":"","overlay-type":"","overlay-color":"","overlay-opacity":"","overlay-gradient":""}},"footnotes":""},"class_list":["post-3289","page","type-page","status-publish","hentry"],"aioseo_notices":[],"uagb_featured_image_src":{"full":false,"thumbnail":false,"medium":false,"medium_large":false,"large":false,"1536x1536":false,"2048x2048":false,"trp-custom-language-flag":false},"uagb_author_info":{"display_name":"hmingui","author_link":"https:\/\/akatia.org\/fr\/author\/hmingui\/"},"uagb_comment_info":0,"uagb_excerpt":null,"_links":{"self":[{"href":"https:\/\/akatia.org\/fr\/wp-json\/wp\/v2\/pages\/3289","targetHints":{"allow":["GET"]}}],"collection":[{"href":"https:\/\/akatia.org\/fr\/wp-json\/wp\/v2\/pages"}],"about":[{"href":"https:\/\/akatia.org\/fr\/wp-json\/wp\/v2\/types\/page"}],"author":[{"embeddable":true,"href":"https:\/\/akatia.org\/fr\/wp-json\/wp\/v2\/users\/1"}],"replies":[{"embeddable":true,"href":"https:\/\/akatia.org\/fr\/wp-json\/wp\/v2\/comments?post=3289"}],"version-history":[{"count":2,"href":"https:\/\/akatia.org\/fr\/wp-json\/wp\/v2\/pages\/3289\/revisions"}],"predecessor-version":[{"id":3309,"href":"https:\/\/akatia.org\/fr\/wp-json\/wp\/v2\/pages\/3289\/revisions\/3309"}],"up":[{"embeddable":true,"href":"https:\/\/akatia.org\/fr\/wp-json\/wp\/v2\/pages\/2360"}],"wp:attachment":[{"href":"https:\/\/akatia.org\/fr\/wp-json\/wp\/v2\/media?parent=3289"}],"curies":[{"name":"wp","href":"https:\/\/api.w.org\/{rel}","templated":true}]}}