{"id":3295,"date":"2024-07-02T02:23:08","date_gmt":"2024-07-02T00:23:08","guid":{"rendered":"https:\/\/akatia.org\/?page_id=3295"},"modified":"2024-07-02T02:47:02","modified_gmt":"2024-07-02T00:47:02","slug":"jules","status":"publish","type":"page","link":"https:\/\/akatia.org\/fr\/parrainer-un-primate\/jules\/","title":{"rendered":"Jules"},"content":{"rendered":"\n<div style=\"height:100px\" aria-hidden=\"true\" class=\"wp-block-spacer\"><\/div>\n\n\n\n<div class=\"wp-block-uagb-container uagb-block-m6e3lgyx alignfull uagb-is-root-container\"><div class=\"uagb-container-inner-blocks-wrap\">\n<div class=\"wp-block-uagb-container uagb-block-j4yvbzql\">\n<div class=\"wp-block-uagb-info-box uagb-block-g5rlai90 uagb-infobox__content-wrap  uagb-infobox-icon-above-title uagb-infobox-image-valign-top wp-block-uagb-info-box--has-margin\"><div class=\"uagb-infobox-margin-wrapper\"><div class=\"uagb-ifb-content\"><div class=\"uagb-ifb-title-wrap\"><h2 class=\"uagb-ifb-title\">JULES, Le faux bandit<\/h2><\/div><p class=\"uagb-ifb-desc\">Vous avez peut-\u00eatre aper\u00e7u sur les r\u00e9seaux sociaux, il y a quelques jours, un chimpanz\u00e9 habill\u00e9 en Jean blouson, pantalon et basket avec un verre de Coca \u00e0 la main ! (photo de gauche).&nbsp;<br><br>Ce chimpanz\u00e9 est maintenant parmi nous (photo de droite), avec la collaboration de Eaglenetwork et gr\u00e2ce au Minist\u00e8re des Eaux et for\u00eats de C\u00f4te D&rsquo;Ivoire qui l&rsquo;a saisi pour le confier \u00e0 notre ONG Akatia.<br>&nbsp;<br>Jules est un m\u00e2le de 3 ans, en sous poids par rapport \u00e0 son \u00e2ge, il fait la taille d&rsquo;un chimpanz\u00e9 de 2 ans alors qu&rsquo;il doit avoir entre 3 et 4 ans.&nbsp;<br>Il n&rsquo;accepte pas la nourriture normale que l&rsquo;on donne aux chimpanz\u00e9s car il \u00e9tait malheureusement mal aliment\u00e9, essentiellement \u00e0 base de Fanta, Coca Cola, cookies entra\u00eenant en plus une dentition cari\u00e9e.<br><br>C&rsquo;est donc un v\u00e9ritable challenge pour nous de lui faire reprendre du poids et accepter des aliments qui lui permettront de se d\u00e9velopper et grandir dans de bonne condition.<br><br>Depuis son arriv\u00e9e, il passe son temps \u00e0 provoquer les soigneurs ! En v\u00e9rit\u00e9, c\u2019est un gros b\u00e9b\u00e9 qui a besoin d\u2019\u00e9norm\u00e9ment d\u2019attention et d\u2019amour. \u00c0 cause des violents traumatismes qu\u2019il a subi, Jules est un jeune chimpanz\u00e9 qui r\u00e9-apprend les codes de la vie en for\u00eat.&nbsp; Sa passion : les morceaux de bois.<br><\/p><\/div><\/div><\/div>\n\n\n\n<div class=\"wp-block-uagb-image alignleft uagb-block-xrxvsjvi wp-block-uagb-image--layout-default wp-block-uagb-image--effect-static wp-block-uagb-image--align-left\"><figure class=\"wp-block-uagb-image__figure\"><img data-recalc-dims=\"1\" decoding=\"async\" srcset=\"https:\/\/akatia.org\/wp-content\/uploads\/2024\/07\/Jules.jpg ,https:\/\/akatia.org\/wp-content\/uploads\/2024\/07\/Jules.jpg 780w, https:\/\/akatia.org\/wp-content\/uploads\/2024\/07\/Jules.jpg 360w\" sizes=\"auto, (max-width: 480px) 150px\" src=\"https:\/\/i0.wp.com\/akatia.org\/wp-content\/uploads\/2024\/07\/Jules.jpg?resize=564%2C376&#038;ssl=1\" alt=\"\" class=\"uag-image-3296\" width=\"564\" height=\"376\" title=\"Jules\" loading=\"lazy\" role=\"img\"\/><\/figure><\/div>\n<\/div>\n\n\n\n<div class=\"wp-block-uagb-container uagb-block-srqaqw2p\">\n<div class=\"wp-block-uagb-image alignleft uagb-block-srkefu2s wp-block-uagb-image--layout-default wp-block-uagb-image--effect-static wp-block-uagb-image--align-left\"><figure class=\"wp-block-uagb-image__figure\"><img data-recalc-dims=\"1\" decoding=\"async\" srcset=\"https:\/\/akatia.org\/wp-content\/uploads\/2024\/07\/Jules2-1024x954.jpg ,https:\/\/akatia.org\/wp-content\/uploads\/2024\/07\/Jules2.jpg 780w, https:\/\/akatia.org\/wp-content\/uploads\/2024\/07\/Jules2.jpg 360w\" sizes=\"auto, (max-width: 480px) 150px\" src=\"https:\/\/i0.wp.com\/akatia.org\/wp-content\/uploads\/2024\/07\/Jules2.jpg?resize=564%2C376&#038;ssl=1\" alt=\"\" class=\"uag-image-3298\" width=\"564\" height=\"376\" title=\"Jules2\" loading=\"lazy\" role=\"img\"\/><\/figure><\/div>\n\n\n\n<div class=\"wp-block-uagb-image alignleft uagb-block-ay7nrwcj wp-block-uagb-image--layout-default wp-block-uagb-image--effect-static wp-block-uagb-image--align-left\"><figure class=\"wp-block-uagb-image__figure\"><img data-recalc-dims=\"1\" decoding=\"async\" srcset=\"https:\/\/akatia.org\/wp-content\/uploads\/2024\/07\/Jules1-1024x933.jpg ,https:\/\/akatia.org\/wp-content\/uploads\/2024\/07\/Jules1.jpg 780w, https:\/\/akatia.org\/wp-content\/uploads\/2024\/07\/Jules1.jpg 360w\" sizes=\"auto, (max-width: 480px) 150px\" src=\"https:\/\/i0.wp.com\/akatia.org\/wp-content\/uploads\/2024\/07\/Jules1.jpg?resize=564%2C376&#038;ssl=1\" alt=\"\" class=\"uag-image-3297\" width=\"564\" height=\"376\" title=\"Jules1\" loading=\"lazy\" role=\"img\"\/><\/figure><\/div>\n<\/div>\n<\/div><\/div>\n\n\n\t\t\t<iframe\n\t\t\t\tid=\"idIframe\"\n\t\t\t\tsrc=\"https:\/\/www.helloasso.com\/associations\/akatia-international\/adhesions\/parrainage-de-jules\/widget\"\n\t\t\t\theight=750px\"\t\t\t\twidth=100%\"\t\t\t\tframeborder=\"0\"\n\t\t\t\tloading=\"lazy\"\n\t\t\t\tallowtransparency=\"true\"\n\t\t\t\tonload=\"resizeIframeMessage()\"><\/iframe>\n\n","protected":false},"excerpt":{"rendered":"","protected":false},"author":1,"featured_media":0,"parent":2360,"menu_order":0,"comment_status":"closed","ping_status":"closed","template":"","meta":{"_eb_attr":"","_uag_custom_page_level_css":"","_monsterinsights_skip_tracking":false,"_monsterinsights_sitenote_active":false,"_monsterinsights_sitenote_note":"","_monsterinsights_sitenote_category":0,"site-sidebar-layout":"default","site-content-layout":"","ast-site-content-layout":"default","site-content-style":"default","site-sidebar-style":"default","ast-global-header-display":"","ast-banner-title-visibility":"","ast-main-header-display":"","ast-hfb-above-header-display":"","ast-hfb-below-header-display":"","ast-hfb-mobile-header-display":"","site-post-title":"disabled","ast-breadcrumbs-content":"","ast-featured-img":"","footer-sml-layout":"","theme-transparent-header-meta":"","adv-header-id-meta":"","stick-header-meta":"","header-above-stick-meta":"","header-main-stick-meta":"","header-below-stick-meta":"","astra-migrate-meta-layouts":"set","ast-page-background-enabled":"default","ast-page-background-meta":{"desktop":{"background-color":"","background-image":"","background-repeat":"repeat","background-position":"center center","background-size":"auto","background-attachment":"scroll","background-type":"","background-media":"","overlay-type":"","overlay-color":"","overlay-opacity":"","overlay-gradient":""},"tablet":{"background-color":"","background-image":"","background-repeat":"repeat","background-position":"center center","background-size":"auto","background-attachment":"scroll","background-type":"","background-media":"","overlay-type":"","overlay-color":"","overlay-opacity":"","overlay-gradient":""},"mobile":{"background-color":"","background-image":"","background-repeat":"repeat","background-position":"center center","background-size":"auto","background-attachment":"scroll","background-type":"","background-media":"","overlay-type":"","overlay-color":"","overlay-opacity":"","overlay-gradient":""}},"ast-content-background-meta":{"desktop":{"background-color":"var(--ast-global-color-5)","background-image":"","background-repeat":"repeat","background-position":"center center","background-size":"auto","background-attachment":"scroll","background-type":"","background-media":"","overlay-type":"","overlay-color":"","overlay-opacity":"","overlay-gradient":""},"tablet":{"background-color":"var(--ast-global-color-5)","background-image":"","background-repeat":"repeat","background-position":"center center","background-size":"auto","background-attachment":"scroll","background-type":"","background-media":"","overlay-type":"","overlay-color":"","overlay-opacity":"","overlay-gradient":""},"mobile":{"background-color":"var(--ast-global-color-5)","background-image":"","background-repeat":"repeat","background-position":"center center","background-size":"auto","background-attachment":"scroll","background-type":"","background-media":"","overlay-type":"","overlay-color":"","overlay-opacity":"","overlay-gradient":""}},"footnotes":""},"class_list":["post-3295","page","type-page","status-publish","hentry"],"aioseo_notices":[],"uagb_featured_image_src":{"full":false,"thumbnail":false,"medium":false,"medium_large":false,"large":false,"1536x1536":false,"2048x2048":false,"trp-custom-language-flag":false},"uagb_author_info":{"display_name":"hmingui","author_link":"https:\/\/akatia.org\/fr\/author\/hmingui\/"},"uagb_comment_info":0,"uagb_excerpt":null,"_links":{"self":[{"href":"https:\/\/akatia.org\/fr\/wp-json\/wp\/v2\/pages\/3295","targetHints":{"allow":["GET"]}}],"collection":[{"href":"https:\/\/akatia.org\/fr\/wp-json\/wp\/v2\/pages"}],"about":[{"href":"https:\/\/akatia.org\/fr\/wp-json\/wp\/v2\/types\/page"}],"author":[{"embeddable":true,"href":"https:\/\/akatia.org\/fr\/wp-json\/wp\/v2\/users\/1"}],"replies":[{"embeddable":true,"href":"https:\/\/akatia.org\/fr\/wp-json\/wp\/v2\/comments?post=3295"}],"version-history":[{"count":2,"href":"https:\/\/akatia.org\/fr\/wp-json\/wp\/v2\/pages\/3295\/revisions"}],"predecessor-version":[{"id":3308,"href":"https:\/\/akatia.org\/fr\/wp-json\/wp\/v2\/pages\/3295\/revisions\/3308"}],"up":[{"embeddable":true,"href":"https:\/\/akatia.org\/fr\/wp-json\/wp\/v2\/pages\/2360"}],"wp:attachment":[{"href":"https:\/\/akatia.org\/fr\/wp-json\/wp\/v2\/media?parent=3295"}],"curies":[{"name":"wp","href":"https:\/\/api.w.org\/{rel}","templated":true}]}}