{"id":3561,"date":"2024-07-08T19:16:25","date_gmt":"2024-07-08T17:16:25","guid":{"rendered":"https:\/\/akatia.org\/?page_id=3561"},"modified":"2024-12-09T13:54:43","modified_gmt":"2024-12-09T12:54:43","slug":"neka","status":"publish","type":"page","link":"https:\/\/akatia.org\/fr\/parrainer-un-primate\/neka\/","title":{"rendered":"Neka"},"content":{"rendered":"\n<div style=\"height:100px\" aria-hidden=\"true\" class=\"wp-block-spacer\"><\/div>\n\n\n\n<div class=\"wp-block-uagb-container uagb-block-9bnkkh3y alignfull uagb-is-root-container\"><div class=\"uagb-container-inner-blocks-wrap\">\n<div class=\"wp-block-uagb-container uagb-block-plobjwan\">\n<div class=\"wp-block-uagb-info-box uagb-block-3ikx63x6 uagb-infobox__content-wrap  uagb-infobox-icon-above-title uagb-infobox-image-valign-top wp-block-uagb-info-box--has-margin\"><div class=\"uagb-infobox-margin-wrapper\"><div class=\"uagb-ifb-content\"><div class=\"uagb-ifb-title-wrap\"><h2 class=\"uagb-ifb-title\">Neka, La derni\u00e8re f\u00e9e de la for\u00eat<\/h2><\/div><p class=\"uagb-ifb-desc\">Neka a \u00e9t\u00e9 retrouv\u00e9e dans une for\u00eat sacr\u00e9e, et la disparition de sa famille reste myst\u00e9rieuse. En effet, la chasse n&rsquo;existe normalement pas dans ces for\u00eats pour des raisons mystiques et culturelles. Et pourtant, apr\u00e8s plusieurs jours de recherche, il a fallu se rendre \u00e0 l&rsquo;\u00e9vidence : sa famille n&rsquo;est plus l\u00e0. Neka est orpheline, et parmi l&rsquo;une de nos plus jeunes pensionnaires. Elle devrait \u00eatre encore accroch\u00e9e au dos de sa m\u00e8re, mais c&rsquo;est l&rsquo;un de nos soigneurs qui a pris ce r\u00f4le irrempla\u00e7able et centrale. <br><br>Son d\u00e9but n&rsquo;est pas simple, elle a souffert de graves probl\u00e8mes dentaires l&#8217;emp\u00eachant de s&rsquo;alimenter correctement ! Apr\u00e8s plusieurs semaines de soins et de convalescence, elle a rejoint ses pairs au sein du sanctuaire.<br><br><\/p><\/div><\/div><\/div>\n\n\n\n<div class=\"wp-block-uagb-image alignleft uagb-block-8oia0suk wp-block-uagb-image--layout-default wp-block-uagb-image--effect-static wp-block-uagb-image--align-left\"><figure class=\"wp-block-uagb-image__figure\"><img data-recalc-dims=\"1\" decoding=\"async\" srcset=\"https:\/\/akatia.org\/wp-content\/uploads\/2024\/07\/WhatsApp-Image-2024-05-22-at-18.35.11-820x1024.jpeg ,https:\/\/akatia.org\/wp-content\/uploads\/2024\/07\/WhatsApp-Image-2024-05-22-at-18.35.11.jpeg 780w, https:\/\/akatia.org\/wp-content\/uploads\/2024\/07\/WhatsApp-Image-2024-05-22-at-18.35.11.jpeg 360w\" sizes=\"auto, (max-width: 480px) 150px\" src=\"https:\/\/i0.wp.com\/akatia.org\/wp-content\/uploads\/2024\/07\/WhatsApp-Image-2024-05-22-at-18.35.11.jpeg?resize=394%2C376&#038;ssl=1\" alt=\"\" class=\"uag-image-3603\" width=\"394\" height=\"376\" title=\"WhatsApp Image 2024-05-22 at 18.35.11\" loading=\"lazy\" role=\"img\"\/><\/figure><\/div>\n<\/div>\n\n\n\n<div class=\"wp-block-uagb-container uagb-block-ykucxhh1\">\n<div class=\"wp-block-uagb-image alignleft uagb-block-9i4tkcvl wp-block-uagb-image--layout-default wp-block-uagb-image--effect-static wp-block-uagb-image--align-left\"><figure class=\"wp-block-uagb-image__figure\"><img data-recalc-dims=\"1\" decoding=\"async\" srcset=\"https:\/\/akatia.org\/wp-content\/uploads\/2024\/06\/NEKA-1024x1024.jpeg ,https:\/\/akatia.org\/wp-content\/uploads\/2024\/06\/NEKA.jpeg 780w, https:\/\/akatia.org\/wp-content\/uploads\/2024\/06\/NEKA.jpeg 360w\" sizes=\"auto, (max-width: 480px) 150px\" src=\"https:\/\/i0.wp.com\/akatia.org\/wp-content\/uploads\/2024\/06\/NEKA.jpeg?resize=400%2C376&#038;ssl=1\" alt=\"\" class=\"uag-image-1515\" width=\"400\" height=\"376\" title=\"NEKA\" loading=\"lazy\" role=\"img\"\/><\/figure><\/div>\n<\/div>\n<\/div><\/div>\n\n\n\n<div class=\"wp-block-uagb-container uag-hide-desktop uag-hide-tab uag-hide-mob uagb-block-y7cmipzk alignfull uagb-is-root-container\"><div class=\"uagb-container-inner-blocks-wrap\">\n<div class=\"wp-block-group is-nowrap is-layout-flex wp-container-core-group-is-layout-6c531013 wp-block-group-is-layout-flex\">\n<div id=\"paypal-button-container-P-8M4080654J430401JM5DNRZI\"><\/div>\n<script src=\"https:\/\/www.paypal.com\/sdk\/js?client-id=AU54xHm4XUn6C8ho_yS2KZX45oIp58CXt_qoJBA2Z4N_FYmTT8yHIjmcUOH70Bm35DXcPdyG3yGfuVVD&#038;vault=true&#038;intent=subscription\" data-sdk-integration-source=\"button-factory\"><\/script>\n<script>\n  paypal.Buttons({\n      style: {\n          shape: 'rect',\n          color: 'gold',\n          layout: 'vertical',\n          label: 'subscribe'\n      },\n      createSubscription: function(data, actions) {\n        return actions.subscription.create({\n          \/* Creates the subscription *\/\n          plan_id: 'P-8M4080654J430401JM5DNRZI',\n          quantity: 1 \/\/ The quantity of the product for a subscription\n        });\n      },\n      onApprove: function(data, actions) {\n        alert(data.subscriptionID); \/\/ You can add optional success message for the subscriber here\n      }\n}).render('#paypal-button-container-P-8M4080654J430401JM5DNRZI'); \/\/ Renders the PayPal button\n<\/script>\n<\/div>\n\n\n\n<div id=\"paypal-button-container-P-30H65012MT180864UM5DNTBA\"><\/div>\n<script src=\"https:\/\/www.paypal.com\/sdk\/js?client-id=AU54xHm4XUn6C8ho_yS2KZX45oIp58CXt_qoJBA2Z4N_FYmTT8yHIjmcUOH70Bm35DXcPdyG3yGfuVVD&#038;vault=true&#038;intent=subscription\" data-sdk-integration-source=\"button-factory\"><\/script>\n<script>\n  paypal.Buttons({\n      style: {\n          shape: 'rect',\n          color: 'gold',\n          layout: 'vertical',\n          label: 'subscribe'\n      },\n      createSubscription: function(data, actions) {\n        return actions.subscription.create({\n          \/* Creates the subscription *\/\n          plan_id: 'P-30H65012MT180864UM5DNTBA'\n        });\n      },\n      onApprove: function(data, actions) {\n        alert(data.subscriptionID); \/\/ You can add optional success message for the subscriber here\n      }\n}).render('#paypal-button-container-P-30H65012MT180864UM5DNTBA'); \/\/ Renders the PayPal button\n<\/script>\n\n\n\n<div id=\"paypal-button-container-P-2AA881404U850814HM5DNTVA\"><\/div>\n<script src=\"https:\/\/www.paypal.com\/sdk\/js?client-id=AU54xHm4XUn6C8ho_yS2KZX45oIp58CXt_qoJBA2Z4N_FYmTT8yHIjmcUOH70Bm35DXcPdyG3yGfuVVD&#038;vault=true&#038;intent=subscription\" data-sdk-integration-source=\"button-factory\"><\/script>\n<script>\n  paypal.Buttons({\n      style: {\n          shape: 'rect',\n          color: 'gold',\n          layout: 'vertical',\n          label: 'subscribe'\n      },\n      createSubscription: function(data, actions) {\n        return actions.subscription.create({\n          \/* Creates the subscription *\/\n          plan_id: 'P-2AA881404U850814HM5DNTVA'\n        });\n      },\n      onApprove: function(data, actions) {\n        alert(data.subscriptionID); \/\/ You can add optional success message for the subscriber here\n      }\n}).render('#paypal-button-container-P-2AA881404U850814HM5DNTVA'); \/\/ Renders the PayPal button\n<\/script>\n<\/div><\/div>\n\n\n\t\t\t<iframe\n\t\t\t\tid=\"idIframe\"\n\t\t\t\tsrc=\"https:\/\/www.helloasso.com\/associations\/akatia-international\/adhesions\/parrainage-de-neka-1\/widget\"\n\t\t\t\theight=750px\"\t\t\t\twidth=100%\"\t\t\t\tframeborder=\"0\"\n\t\t\t\tloading=\"lazy\"\n\t\t\t\tallowtransparency=\"true\"\n\t\t\t\tonload=\"resizeIframeMessage()\"><\/iframe>\n\n\n\n\n<div style=\"height:100px\" aria-hidden=\"true\" class=\"wp-block-spacer\"><\/div>\n","protected":false},"excerpt":{"rendered":"","protected":false},"author":1,"featured_media":0,"parent":2360,"menu_order":0,"comment_status":"closed","ping_status":"closed","template":"","meta":{"_eb_attr":"","_uag_custom_page_level_css":"","_monsterinsights_skip_tracking":false,"_monsterinsights_sitenote_active":false,"_monsterinsights_sitenote_note":"","_monsterinsights_sitenote_category":0,"site-sidebar-layout":"default","site-content-layout":"","ast-site-content-layout":"default","site-content-style":"default","site-sidebar-style":"default","ast-global-header-display":"","ast-banner-title-visibility":"","ast-main-header-display":"","ast-hfb-above-header-display":"","ast-hfb-below-header-display":"","ast-hfb-mobile-header-display":"","site-post-title":"disabled","ast-breadcrumbs-content":"","ast-featured-img":"","footer-sml-layout":"","theme-transparent-header-meta":"","adv-header-id-meta":"","stick-header-meta":"","header-above-stick-meta":"","header-main-stick-meta":"","header-below-stick-meta":"","astra-migrate-meta-layouts":"set","ast-page-background-enabled":"default","ast-page-background-meta":{"desktop":{"background-color":"","background-image":"","background-repeat":"repeat","background-position":"center center","background-size":"auto","background-attachment":"scroll","background-type":"","background-media":"","overlay-type":"","overlay-color":"","overlay-opacity":"","overlay-gradient":""},"tablet":{"background-color":"","background-image":"","background-repeat":"repeat","background-position":"center center","background-size":"auto","background-attachment":"scroll","background-type":"","background-media":"","overlay-type":"","overlay-color":"","overlay-opacity":"","overlay-gradient":""},"mobile":{"background-color":"","background-image":"","background-repeat":"repeat","background-position":"center center","background-size":"auto","background-attachment":"scroll","background-type":"","background-media":"","overlay-type":"","overlay-color":"","overlay-opacity":"","overlay-gradient":""}},"ast-content-background-meta":{"desktop":{"background-color":"var(--ast-global-color-5)","background-image":"","background-repeat":"repeat","background-position":"center center","background-size":"auto","background-attachment":"scroll","background-type":"","background-media":"","overlay-type":"","overlay-color":"","overlay-opacity":"","overlay-gradient":""},"tablet":{"background-color":"var(--ast-global-color-5)","background-image":"","background-repeat":"repeat","background-position":"center center","background-size":"auto","background-attachment":"scroll","background-type":"","background-media":"","overlay-type":"","overlay-color":"","overlay-opacity":"","overlay-gradient":""},"mobile":{"background-color":"var(--ast-global-color-5)","background-image":"","background-repeat":"repeat","background-position":"center center","background-size":"auto","background-attachment":"scroll","background-type":"","background-media":"","overlay-type":"","overlay-color":"","overlay-opacity":"","overlay-gradient":""}},"footnotes":""},"class_list":["post-3561","page","type-page","status-publish","hentry"],"aioseo_notices":[],"uagb_featured_image_src":{"full":false,"thumbnail":false,"medium":false,"medium_large":false,"large":false,"1536x1536":false,"2048x2048":false,"trp-custom-language-flag":false},"uagb_author_info":{"display_name":"hmingui","author_link":"https:\/\/akatia.org\/fr\/author\/hmingui\/"},"uagb_comment_info":0,"uagb_excerpt":null,"_links":{"self":[{"href":"https:\/\/akatia.org\/fr\/wp-json\/wp\/v2\/pages\/3561","targetHints":{"allow":["GET"]}}],"collection":[{"href":"https:\/\/akatia.org\/fr\/wp-json\/wp\/v2\/pages"}],"about":[{"href":"https:\/\/akatia.org\/fr\/wp-json\/wp\/v2\/types\/page"}],"author":[{"embeddable":true,"href":"https:\/\/akatia.org\/fr\/wp-json\/wp\/v2\/users\/1"}],"replies":[{"embeddable":true,"href":"https:\/\/akatia.org\/fr\/wp-json\/wp\/v2\/comments?post=3561"}],"version-history":[{"count":14,"href":"https:\/\/akatia.org\/fr\/wp-json\/wp\/v2\/pages\/3561\/revisions"}],"predecessor-version":[{"id":3916,"href":"https:\/\/akatia.org\/fr\/wp-json\/wp\/v2\/pages\/3561\/revisions\/3916"}],"up":[{"embeddable":true,"href":"https:\/\/akatia.org\/fr\/wp-json\/wp\/v2\/pages\/2360"}],"wp:attachment":[{"href":"https:\/\/akatia.org\/fr\/wp-json\/wp\/v2\/media?parent=3561"}],"curies":[{"name":"wp","href":"https:\/\/api.w.org\/{rel}","templated":true}]}}