{"id":3565,"date":"2024-07-08T19:20:20","date_gmt":"2024-07-08T17:20:20","guid":{"rendered":"https:\/\/akatia.org\/?page_id=3565"},"modified":"2024-09-02T16:55:50","modified_gmt":"2024-09-02T14:55:50","slug":"esia","status":"publish","type":"page","link":"https:\/\/akatia.org\/fr\/parrainer-un-primate\/esia\/","title":{"rendered":"Esia"},"content":{"rendered":"\n<div style=\"height:119px\" aria-hidden=\"true\" class=\"wp-block-spacer\"><\/div>\n\n\n\n<div class=\"wp-block-uagb-container uagb-block-x3uycj8l alignfull uagb-is-root-container\"><div class=\"uagb-container-inner-blocks-wrap\">\n<div class=\"wp-block-uagb-container uagb-block-wh8cajc7\">\n<div class=\"wp-block-uagb-info-box uagb-block-nw1fobdi uagb-infobox__content-wrap  uagb-infobox-icon-above-title uagb-infobox-image-valign-top wp-block-uagb-info-box--has-margin\"><div class=\"uagb-infobox-margin-wrapper\"><div class=\"uagb-ifb-content\"><div class=\"uagb-ifb-title-wrap\"><h2 class=\"uagb-ifb-title\">ESIA, la belle<\/h2><\/div><p class=\"uagb-ifb-desc\">Arriv\u00e9e avec une balle dans le cr\u00e2ne, la jeune Esia a eu besoin de temps pour se remettre physiquement et mentalement de son tragique d\u00e9but de vie. C&rsquo;est une femelle Mangabey<em> <\/em>Fuligineux (<em>Cercocebus atys<\/em>)) ! Regardez son regard, elle en ferait fondre plus d&rsquo;un ! En tout cas, elle a d\u00e9j\u00e0 conquis le coeur de plusieurs de nos soigneurs et de nos b\u00e9n\u00e9voles. Difficile de r\u00e9sister \u00e0 sa petite t\u00eate malicieuse, encore plus lorsqu&rsquo;on voit \u00e0 quel point elle s&rsquo;\u00e9panouie en brousse ! <\/p><\/div><\/div><\/div>\n\n\n\n<div class=\"wp-block-uagb-image alignleft uagb-block-d85a9e8c wp-block-uagb-image--layout-default wp-block-uagb-image--effect-static wp-block-uagb-image--align-left\"><figure class=\"wp-block-uagb-image__figure\"><img data-recalc-dims=\"1\" decoding=\"async\" srcset=\"https:\/\/akatia.org\/wp-content\/uploads\/2024\/09\/Esia-archives-11-768x1024.jpg ,https:\/\/akatia.org\/wp-content\/uploads\/2024\/09\/Esia-archives-11.jpg 780w, https:\/\/akatia.org\/wp-content\/uploads\/2024\/09\/Esia-archives-11.jpg 360w\" sizes=\"auto, (max-width: 480px) 150px\" src=\"https:\/\/i0.wp.com\/akatia.org\/wp-content\/uploads\/2024\/09\/Esia-archives-11.jpg?resize=409%2C376&#038;ssl=1\" alt=\"\" class=\"uag-image-3835\" width=\"409\" height=\"376\" title=\"Esia archives (11)\" loading=\"lazy\" role=\"img\"\/><\/figure><\/div>\n\n\n\n<div class=\"wp-block-uagb-image alignleft uagb-block-glu25lyq wp-block-uagb-image--layout-default wp-block-uagb-image--effect-static wp-block-uagb-image--align-left\"><figure class=\"wp-block-uagb-image__figure\"><img data-recalc-dims=\"1\" decoding=\"async\" srcset=\"https:\/\/akatia.org\/wp-content\/uploads\/2024\/06\/ESIA.jpg ,https:\/\/akatia.org\/wp-content\/uploads\/2024\/06\/ESIA.jpg 780w, https:\/\/akatia.org\/wp-content\/uploads\/2024\/06\/ESIA.jpg 360w\" sizes=\"auto, (max-width: 480px) 150px\" src=\"https:\/\/i0.wp.com\/akatia.org\/wp-content\/uploads\/2024\/06\/ESIA.jpg?resize=415%2C376&#038;ssl=1\" alt=\"\" class=\"uag-image-1504\" width=\"415\" height=\"376\" title=\"ESIA\" loading=\"lazy\" role=\"img\"\/><\/figure><\/div>\n<\/div>\n\n\n\n<div class=\"wp-block-uagb-container uagb-block-wi6qtsni\">\n<div class=\"wp-block-uagb-image alignleft uagb-block-aoi4kffg wp-block-uagb-image--layout-default wp-block-uagb-image--effect-static wp-block-uagb-image--align-left\"><figure class=\"wp-block-uagb-image__figure\"><img data-recalc-dims=\"1\" decoding=\"async\" srcset=\"https:\/\/akatia.org\/wp-content\/uploads\/2024\/07\/Esia-archives-5-576x1024.jpg ,https:\/\/akatia.org\/wp-content\/uploads\/2024\/07\/Esia-archives-5.jpg 780w, https:\/\/akatia.org\/wp-content\/uploads\/2024\/07\/Esia-archives-5.jpg 360w\" sizes=\"auto, (max-width: 480px) 150px\" src=\"https:\/\/i0.wp.com\/akatia.org\/wp-content\/uploads\/2024\/07\/Esia-archives-5.jpg?resize=408%2C376&#038;ssl=1\" alt=\"\" class=\"uag-image-3692\" width=\"408\" height=\"376\" title=\"Esia archives (5)\" loading=\"lazy\" role=\"img\"\/><\/figure><\/div>\n\n\n\n<div class=\"wp-block-uagb-image alignleft uagb-block-cth4beno wp-block-uagb-image--layout-default wp-block-uagb-image--effect-static wp-block-uagb-image--align-left\"><figure class=\"wp-block-uagb-image__figure\"><img data-recalc-dims=\"1\" decoding=\"async\" srcset=\"https:\/\/akatia.org\/wp-content\/uploads\/2024\/07\/Esia-768x1024.jpg ,https:\/\/akatia.org\/wp-content\/uploads\/2024\/07\/Esia.jpg 780w, https:\/\/akatia.org\/wp-content\/uploads\/2024\/07\/Esia.jpg 360w\" sizes=\"auto, (max-width: 480px) 150px\" src=\"https:\/\/i0.wp.com\/akatia.org\/wp-content\/uploads\/2024\/07\/Esia.jpg?resize=426%2C376&#038;ssl=1\" alt=\"\" class=\"uag-image-3587\" width=\"426\" height=\"376\" title=\"Esia\" loading=\"lazy\" role=\"img\"\/><\/figure><\/div>\n<\/div>\n<\/div><\/div>\n\n\n\n<div class=\"wp-block-uagb-container uagb-block-98c10dbe alignfull uagb-is-root-container\"><div class=\"uagb-container-inner-blocks-wrap\">\t\t\t<iframe\n\t\t\t\tid=\"idIframe\"\n\t\t\t\tsrc=\"https:\/\/www.helloasso.com\/associations\/akatia-international\/adhesions\/parrainage-de-esia-1\/widget\"\n\t\t\t\theight=750px\"\t\t\t\twidth=100%\"\t\t\t\tframeborder=\"0\"\n\t\t\t\tloading=\"lazy\"\n\t\t\t\tallowtransparency=\"true\"\n\t\t\t\tonload=\"resizeIframeMessage()\"><\/iframe>\n\n<\/div><\/div>\n\n\n\n<div style=\"height:100px\" aria-hidden=\"true\" class=\"wp-block-spacer\"><\/div>\n","protected":false},"excerpt":{"rendered":"","protected":false},"author":1,"featured_media":0,"parent":2360,"menu_order":0,"comment_status":"closed","ping_status":"closed","template":"","meta":{"_eb_attr":"","_uag_custom_page_level_css":"","_monsterinsights_skip_tracking":false,"_monsterinsights_sitenote_active":false,"_monsterinsights_sitenote_note":"","_monsterinsights_sitenote_category":0,"site-sidebar-layout":"default","site-content-layout":"","ast-site-content-layout":"default","site-content-style":"default","site-sidebar-style":"default","ast-global-header-display":"","ast-banner-title-visibility":"","ast-main-header-display":"","ast-hfb-above-header-display":"","ast-hfb-below-header-display":"","ast-hfb-mobile-header-display":"","site-post-title":"disabled","ast-breadcrumbs-content":"","ast-featured-img":"","footer-sml-layout":"","theme-transparent-header-meta":"","adv-header-id-meta":"","stick-header-meta":"","header-above-stick-meta":"","header-main-stick-meta":"","header-below-stick-meta":"","astra-migrate-meta-layouts":"set","ast-page-background-enabled":"default","ast-page-background-meta":{"desktop":{"background-color":"","background-image":"","background-repeat":"repeat","background-position":"center center","background-size":"auto","background-attachment":"scroll","background-type":"","background-media":"","overlay-type":"","overlay-color":"","overlay-opacity":"","overlay-gradient":""},"tablet":{"background-color":"","background-image":"","background-repeat":"repeat","background-position":"center center","background-size":"auto","background-attachment":"scroll","background-type":"","background-media":"","overlay-type":"","overlay-color":"","overlay-opacity":"","overlay-gradient":""},"mobile":{"background-color":"","background-image":"","background-repeat":"repeat","background-position":"center center","background-size":"auto","background-attachment":"scroll","background-type":"","background-media":"","overlay-type":"","overlay-color":"","overlay-opacity":"","overlay-gradient":""}},"ast-content-background-meta":{"desktop":{"background-color":"var(--ast-global-color-5)","background-image":"","background-repeat":"repeat","background-position":"center center","background-size":"auto","background-attachment":"scroll","background-type":"","background-media":"","overlay-type":"","overlay-color":"","overlay-opacity":"","overlay-gradient":""},"tablet":{"background-color":"var(--ast-global-color-5)","background-image":"","background-repeat":"repeat","background-position":"center center","background-size":"auto","background-attachment":"scroll","background-type":"","background-media":"","overlay-type":"","overlay-color":"","overlay-opacity":"","overlay-gradient":""},"mobile":{"background-color":"var(--ast-global-color-5)","background-image":"","background-repeat":"repeat","background-position":"center center","background-size":"auto","background-attachment":"scroll","background-type":"","background-media":"","overlay-type":"","overlay-color":"","overlay-opacity":"","overlay-gradient":""}},"footnotes":""},"class_list":["post-3565","page","type-page","status-publish","hentry"],"aioseo_notices":[],"uagb_featured_image_src":{"full":false,"thumbnail":false,"medium":false,"medium_large":false,"large":false,"1536x1536":false,"2048x2048":false,"trp-custom-language-flag":false},"uagb_author_info":{"display_name":"hmingui","author_link":"https:\/\/akatia.org\/fr\/author\/hmingui\/"},"uagb_comment_info":0,"uagb_excerpt":null,"_links":{"self":[{"href":"https:\/\/akatia.org\/fr\/wp-json\/wp\/v2\/pages\/3565","targetHints":{"allow":["GET"]}}],"collection":[{"href":"https:\/\/akatia.org\/fr\/wp-json\/wp\/v2\/pages"}],"about":[{"href":"https:\/\/akatia.org\/fr\/wp-json\/wp\/v2\/types\/page"}],"author":[{"embeddable":true,"href":"https:\/\/akatia.org\/fr\/wp-json\/wp\/v2\/users\/1"}],"replies":[{"embeddable":true,"href":"https:\/\/akatia.org\/fr\/wp-json\/wp\/v2\/comments?post=3565"}],"version-history":[{"count":14,"href":"https:\/\/akatia.org\/fr\/wp-json\/wp\/v2\/pages\/3565\/revisions"}],"predecessor-version":[{"id":3837,"href":"https:\/\/akatia.org\/fr\/wp-json\/wp\/v2\/pages\/3565\/revisions\/3837"}],"up":[{"embeddable":true,"href":"https:\/\/akatia.org\/fr\/wp-json\/wp\/v2\/pages\/2360"}],"wp:attachment":[{"href":"https:\/\/akatia.org\/fr\/wp-json\/wp\/v2\/media?parent=3565"}],"curies":[{"name":"wp","href":"https:\/\/api.w.org\/{rel}","templated":true}]}}