{"id":3738,"date":"2024-08-09T18:13:41","date_gmt":"2024-08-09T16:13:41","guid":{"rendered":"https:\/\/akatia.org\/?page_id=3738"},"modified":"2024-12-06T14:44:58","modified_gmt":"2024-12-06T13:44:58","slug":"akouba","status":"publish","type":"page","link":"https:\/\/akatia.org\/fr\/parrainer-un-primate\/akouba\/","title":{"rendered":"Akouba"},"content":{"rendered":"\n<div style=\"height:100px\" aria-hidden=\"true\" class=\"wp-block-spacer\"><\/div>\n\n\n\n<div class=\"wp-block-uagb-container uagb-block-3uedqsul alignfull uagb-is-root-container\"><div class=\"uagb-container-inner-blocks-wrap\">\n<div class=\"wp-block-uagb-container uagb-block-k7gnjwsr\">\n<div class=\"wp-block-uagb-info-box uagb-block-g4soun4f uagb-infobox__content-wrap  uagb-infobox-icon-above-title uagb-infobox-image-valign-top wp-block-uagb-info-box--has-margin\"><div class=\"uagb-infobox-margin-wrapper\"><div class=\"uagb-ifb-content\"><div class=\"uagb-ifb-title-wrap\"><h2 class=\"uagb-ifb-title\">AKOUBA, la r\u00e9siliente<\/h2><\/div><p class=\"uagb-ifb-desc\">Akouba a \u00e9t\u00e9 sauv\u00e9e par Eagle C\u00f4te d\u2019Ivoire \u00e0 Abidjan alors qu\u2019elle n\u2019avait qu\u2019environ 3 ans. Au d\u00e9part, les agents \u00e9taient l\u00e0 pour sauver un autre b\u00e9b\u00e9 chimpanz\u00e9, mais ils ont d\u00e9couvert Akouba, une autre orpheline, vivant dans des conditions horribles. Elle \u00e9tait enferm\u00e9e dans une pi\u00e8ce sombre et souffrait de malnutrition s\u00e9v\u00e8re. Malheureusement, ce ne sont pas les seuls traumatismes qu\u2019elle a subis. La personne qui la d\u00e9tenait avait \u00e9galement un singe adulte qui l\u2019attaquait r\u00e9guli\u00e8rement. Lorsque Akatia l\u2019a recueillie, Akouba \u00e9tait couverte de lac\u00e9rations dues \u00e0 ces attaques et avait une blessure au poignet, probablement caus\u00e9e lors de la mort de sa m\u00e8re.<br><br>Mais Akouba est une battante, elle est un concentr\u00e9 d\u2019amour et d\u2019intelligence \u00e9motionnelle, m\u00e9langeant ruse, maladresse et une pointe de folie.<br><br>Et puis c&rsquo;est une v\u00e9ritable gourmande !Elle ne peut peut jamais r\u00e9sister \u00e0 une papaye, une mangue ou une cabosse de cacao. C\u2019est sans doute pour cela que l\u2019une de ses activit\u00e9s pr\u00e9f\u00e9r\u00e9es est de jouer avec la peau et le gras du ventre de ses soigneurs ! D\u00e8s qu\u2019elle rep\u00e8re un morceau de peau, elle se pr\u00e9cipite pour le toucher, le caresser, le p\u00e9trir, taper dessus avec sa main et coller son corps contre lui. Derri\u00e8re ce besoin visc\u00e9ral de contact peau \u00e0 peau se cache son besoin vital de cr\u00e9er des liens et de se sentir rassur\u00e9e.<\/p><\/div><\/div><\/div>\n\n\n\n<div class=\"wp-block-uagb-image uagb-block-ycd34z72 wp-block-uagb-image--layout-default wp-block-uagb-image--effect-static wp-block-uagb-image--align-none alignleft\"><figure class=\"wp-block-uagb-image__figure\"><img data-recalc-dims=\"1\" decoding=\"async\" srcset=\"https:\/\/akatia.org\/wp-content\/uploads\/2024\/06\/DSC_3237-1024x683.jpg ,https:\/\/akatia.org\/wp-content\/uploads\/2024\/06\/DSC_3237-scaled.jpg 780w, https:\/\/akatia.org\/wp-content\/uploads\/2024\/06\/DSC_3237-scaled.jpg 360w\" sizes=\"auto, (max-width: 480px) 150px\" src=\"https:\/\/i0.wp.com\/akatia.org\/wp-content\/uploads\/2024\/06\/DSC_3237.jpg?resize=564%2C376&#038;ssl=1\" alt=\"\" class=\"uag-image-1220\" width=\"564\" height=\"376\" title=\"DSC_3237\" loading=\"lazy\" role=\"img\"\/><\/figure><\/div>\n<\/div>\n\n\n\n<div class=\"wp-block-uagb-container uagb-block-9i1erhsa\">\n<div class=\"wp-block-uagb-image alignleft uagb-block-xvye6hln wp-block-uagb-image--layout-default wp-block-uagb-image--effect-static wp-block-uagb-image--align-left\"><figure class=\"wp-block-uagb-image__figure\"><img data-recalc-dims=\"1\" decoding=\"async\" srcset=\"https:\/\/akatia.org\/wp-content\/uploads\/2024\/06\/DSC_3217-1-683x1024.jpg ,https:\/\/akatia.org\/wp-content\/uploads\/2024\/06\/DSC_3217-1-scaled.jpg 780w, https:\/\/akatia.org\/wp-content\/uploads\/2024\/06\/DSC_3217-1-scaled.jpg 360w\" sizes=\"auto, (max-width: 480px) 150px\" src=\"https:\/\/i0.wp.com\/akatia.org\/wp-content\/uploads\/2024\/06\/DSC_3217-1.jpg?resize=564%2C376&#038;ssl=1\" alt=\"\" class=\"uag-image-1219\" width=\"564\" height=\"376\" title=\"DSC_3217 (1)\" loading=\"lazy\" role=\"img\"\/><\/figure><\/div>\n\n\n\n<div class=\"wp-block-uagb-image alignleft uagb-block-ldiaeonk wp-block-uagb-image--layout-default wp-block-uagb-image--effect-static wp-block-uagb-image--align-left\"><figure class=\"wp-block-uagb-image__figure\"><img data-recalc-dims=\"1\" decoding=\"async\" srcset=\"https:\/\/akatia.org\/wp-content\/uploads\/2024\/06\/DSC_3179-683x1024.jpg ,https:\/\/akatia.org\/wp-content\/uploads\/2024\/06\/DSC_3179-scaled.jpg 780w, https:\/\/akatia.org\/wp-content\/uploads\/2024\/06\/DSC_3179-scaled.jpg 360w\" sizes=\"auto, (max-width: 480px) 150px\" src=\"https:\/\/i0.wp.com\/akatia.org\/wp-content\/uploads\/2024\/06\/DSC_3179.jpg?resize=564%2C376&#038;ssl=1\" alt=\"\" class=\"uag-image-1218\" width=\"564\" height=\"376\" title=\"DSC_3179\" loading=\"lazy\" role=\"img\"\/><\/figure><\/div>\n<\/div>\n<\/div><\/div>\n\n\n\t\t\t<iframe\n\t\t\t\tid=\"idIframe\"\n\t\t\t\tsrc=\"https:\/\/www.helloasso.com\/associations\/akatia-international\/adhesions\/parrainage-de-akouba\/widget\"\n\t\t\t\theight=750px\"\t\t\t\twidth=100%\"\t\t\t\tframeborder=\"0\"\n\t\t\t\tloading=\"lazy\"\n\t\t\t\tallowtransparency=\"true\"\n\t\t\t\tonload=\"resizeIframeMessage()\"><\/iframe>\n\n","protected":false},"excerpt":{"rendered":"","protected":false},"author":2,"featured_media":0,"parent":2360,"menu_order":0,"comment_status":"closed","ping_status":"closed","template":"","meta":{"_eb_attr":"","_uag_custom_page_level_css":"","_monsterinsights_skip_tracking":false,"_monsterinsights_sitenote_active":false,"_monsterinsights_sitenote_note":"","_monsterinsights_sitenote_category":0,"site-sidebar-layout":"default","site-content-layout":"","ast-site-content-layout":"default","site-content-style":"default","site-sidebar-style":"default","ast-global-header-display":"","ast-banner-title-visibility":"","ast-main-header-display":"","ast-hfb-above-header-display":"","ast-hfb-below-header-display":"","ast-hfb-mobile-header-display":"","site-post-title":"disabled","ast-breadcrumbs-content":"","ast-featured-img":"","footer-sml-layout":"","theme-transparent-header-meta":"","adv-header-id-meta":"","stick-header-meta":"","header-above-stick-meta":"","header-main-stick-meta":"","header-below-stick-meta":"","astra-migrate-meta-layouts":"set","ast-page-background-enabled":"default","ast-page-background-meta":{"desktop":{"background-color":"","background-image":"","background-repeat":"repeat","background-position":"center center","background-size":"auto","background-attachment":"scroll","background-type":"","background-media":"","overlay-type":"","overlay-color":"","overlay-opacity":"","overlay-gradient":""},"tablet":{"background-color":"","background-image":"","background-repeat":"repeat","background-position":"center center","background-size":"auto","background-attachment":"scroll","background-type":"","background-media":"","overlay-type":"","overlay-color":"","overlay-opacity":"","overlay-gradient":""},"mobile":{"background-color":"","background-image":"","background-repeat":"repeat","background-position":"center center","background-size":"auto","background-attachment":"scroll","background-type":"","background-media":"","overlay-type":"","overlay-color":"","overlay-opacity":"","overlay-gradient":""}},"ast-content-background-meta":{"desktop":{"background-color":"var(--ast-global-color-5)","background-image":"","background-repeat":"repeat","background-position":"center center","background-size":"auto","background-attachment":"scroll","background-type":"","background-media":"","overlay-type":"","overlay-color":"","overlay-opacity":"","overlay-gradient":""},"tablet":{"background-color":"var(--ast-global-color-5)","background-image":"","background-repeat":"repeat","background-position":"center center","background-size":"auto","background-attachment":"scroll","background-type":"","background-media":"","overlay-type":"","overlay-color":"","overlay-opacity":"","overlay-gradient":""},"mobile":{"background-color":"var(--ast-global-color-5)","background-image":"","background-repeat":"repeat","background-position":"center center","background-size":"auto","background-attachment":"scroll","background-type":"","background-media":"","overlay-type":"","overlay-color":"","overlay-opacity":"","overlay-gradient":""}},"footnotes":""},"class_list":["post-3738","page","type-page","status-publish","hentry"],"aioseo_notices":[],"uagb_featured_image_src":{"full":false,"thumbnail":false,"medium":false,"medium_large":false,"large":false,"1536x1536":false,"2048x2048":false,"trp-custom-language-flag":false},"uagb_author_info":{"display_name":"atherond","author_link":"https:\/\/akatia.org\/fr\/author\/atherond\/"},"uagb_comment_info":0,"uagb_excerpt":null,"_links":{"self":[{"href":"https:\/\/akatia.org\/fr\/wp-json\/wp\/v2\/pages\/3738","targetHints":{"allow":["GET"]}}],"collection":[{"href":"https:\/\/akatia.org\/fr\/wp-json\/wp\/v2\/pages"}],"about":[{"href":"https:\/\/akatia.org\/fr\/wp-json\/wp\/v2\/types\/page"}],"author":[{"embeddable":true,"href":"https:\/\/akatia.org\/fr\/wp-json\/wp\/v2\/users\/2"}],"replies":[{"embeddable":true,"href":"https:\/\/akatia.org\/fr\/wp-json\/wp\/v2\/comments?post=3738"}],"version-history":[{"count":3,"href":"https:\/\/akatia.org\/fr\/wp-json\/wp\/v2\/pages\/3738\/revisions"}],"predecessor-version":[{"id":3898,"href":"https:\/\/akatia.org\/fr\/wp-json\/wp\/v2\/pages\/3738\/revisions\/3898"}],"up":[{"embeddable":true,"href":"https:\/\/akatia.org\/fr\/wp-json\/wp\/v2\/pages\/2360"}],"wp:attachment":[{"href":"https:\/\/akatia.org\/fr\/wp-json\/wp\/v2\/media?parent=3738"}],"curies":[{"name":"wp","href":"https:\/\/api.w.org\/{rel}","templated":true}]}}