{"id":3742,"date":"2024-08-09T18:20:50","date_gmt":"2024-08-09T16:20:50","guid":{"rendered":"https:\/\/akatia.org\/?page_id=3742"},"modified":"2024-12-06T14:20:04","modified_gmt":"2024-12-06T13:20:04","slug":"bissap-2","status":"publish","type":"page","link":"https:\/\/akatia.org\/fr\/parrainer-un-primate\/bissap-2\/","title":{"rendered":"Bissap"},"content":{"rendered":"\n<div style=\"height:100px\" aria-hidden=\"true\" class=\"wp-block-spacer\"><\/div>\n\n\n\n<div class=\"wp-block-uagb-container uagb-block-3uedqsul alignfull uagb-is-root-container\"><div class=\"uagb-container-inner-blocks-wrap\">\n<div class=\"wp-block-uagb-container uagb-block-k7gnjwsr\">\n<div class=\"wp-block-uagb-info-box uagb-block-g4soun4f uagb-infobox__content-wrap  uagb-infobox-icon-above-title uagb-infobox-image-valign-top wp-block-uagb-info-box--has-margin\"><div class=\"uagb-infobox-margin-wrapper\"><div class=\"uagb-ifb-content\"><div class=\"uagb-ifb-title-wrap\"><h2 class=\"uagb-ifb-title\">BISSAP, la discr\u00e8te <\/h2><\/div><p class=\"uagb-ifb-desc\">Bissap est une jeune femelle Patas <em>(Erythrocebus patas)<\/em> qui a \u00e9t\u00e9 d\u00e9couverte encha\u00een\u00e9 au bord de la route, destin\u00e9 \u00e0 \u00eatre vendu comme animal de compagnie ou comme viande de brousse. Sa famille a probablement \u00e9t\u00e9 abattue devant ses yeux. Apr\u00e8s sa saisie, Bissap a \u00e9t\u00e9 confi\u00e9 \u00e0 Akatia. <br>Arriv\u00e9 tr\u00e8s apeur\u00e9 et maigre, il a \u00e9t\u00e9 difficile de lui redonner confiance en l\u2019humain pour entamer sa r\u00e9habilitation. M\u00eame maintenant, bien qu\u2019elle fasse des sorties quotidiennes en brousse, elle reste tr\u00e8s timide et discr\u00e8te, et garde toujours une certaine distance.<br><br><\/p><\/div><\/div><\/div>\n\n\n\n<div class=\"wp-block-uagb-image uagb-block-ycd34z72 wp-block-uagb-image--layout-default wp-block-uagb-image--effect-static wp-block-uagb-image--align-none alignleft\"><figure class=\"wp-block-uagb-image__figure\"><img data-recalc-dims=\"1\" decoding=\"async\" srcset=\"https:\/\/akatia.org\/wp-content\/uploads\/2024\/08\/BISSAP-BRACONNIER-821x1024.jpg ,https:\/\/akatia.org\/wp-content\/uploads\/2024\/08\/BISSAP-BRACONNIER.jpg 780w, https:\/\/akatia.org\/wp-content\/uploads\/2024\/08\/BISSAP-BRACONNIER.jpg 360w\" sizes=\"auto, (max-width: 480px) 150px\" src=\"https:\/\/i0.wp.com\/akatia.org\/wp-content\/uploads\/2024\/08\/BISSAP-BRACONNIER.jpg?resize=564%2C376&#038;ssl=1\" alt=\"\" class=\"uag-image-3744\" width=\"564\" height=\"376\" title=\"BISSAP BRACONNIER\" loading=\"lazy\" role=\"img\"\/><\/figure><\/div>\n<\/div>\n\n\n\n<div class=\"wp-block-uagb-container uagb-block-9i1erhsa\">\n<div class=\"wp-block-uagb-image alignleft uagb-block-xvye6hln wp-block-uagb-image--layout-default wp-block-uagb-image--effect-static wp-block-uagb-image--align-left\"><figure class=\"wp-block-uagb-image__figure\"><img data-recalc-dims=\"1\" decoding=\"async\" srcset=\"https:\/\/akatia.org\/wp-content\/uploads\/2024\/08\/bissap-684x1024.jpg ,https:\/\/akatia.org\/wp-content\/uploads\/2024\/08\/bissap.jpg 780w, https:\/\/akatia.org\/wp-content\/uploads\/2024\/08\/bissap.jpg 360w\" sizes=\"auto, (max-width: 480px) 150px\" src=\"https:\/\/i0.wp.com\/akatia.org\/wp-content\/uploads\/2024\/08\/bissap.jpg?resize=564%2C376&#038;ssl=1\" alt=\"\" class=\"uag-image-3743\" width=\"564\" height=\"376\" title=\"bissap\" loading=\"lazy\" role=\"img\"\/><\/figure><\/div>\n\n\n\n<div class=\"wp-block-uagb-image alignleft uagb-block-ldiaeonk wp-block-uagb-image--layout-default wp-block-uagb-image--effect-static wp-block-uagb-image--align-left\"><figure class=\"wp-block-uagb-image__figure\"><img data-recalc-dims=\"1\" decoding=\"async\" srcset=\"https:\/\/akatia.org\/wp-content\/uploads\/2024\/08\/BISSAP-3-769x1024.jpg ,https:\/\/akatia.org\/wp-content\/uploads\/2024\/08\/BISSAP-3.jpg 780w, https:\/\/akatia.org\/wp-content\/uploads\/2024\/08\/BISSAP-3.jpg 360w\" sizes=\"auto, (max-width: 480px) 150px\" src=\"https:\/\/i0.wp.com\/akatia.org\/wp-content\/uploads\/2024\/08\/BISSAP-3.jpg?resize=564%2C376&#038;ssl=1\" alt=\"\" class=\"uag-image-3745\" width=\"564\" height=\"376\" title=\"BISSAP 3\" loading=\"lazy\" role=\"img\"\/><\/figure><\/div>\n<\/div>\n<\/div><\/div>\n\n\n\t\t\t<iframe\n\t\t\t\tid=\"idIframe\"\n\t\t\t\tsrc=\"https:\/\/www.helloasso.com\/associations\/akatia-international\/adhesions\/parrainage-de-bissap\/widget\"\n\t\t\t\theight=750px\"\t\t\t\twidth=100%\"\t\t\t\tframeborder=\"0\"\n\t\t\t\tloading=\"lazy\"\n\t\t\t\tallowtransparency=\"true\"\n\t\t\t\tonload=\"resizeIframeMessage()\"><\/iframe>\n\n","protected":false},"excerpt":{"rendered":"","protected":false},"author":2,"featured_media":0,"parent":2360,"menu_order":0,"comment_status":"closed","ping_status":"closed","template":"","meta":{"_eb_attr":"","_uag_custom_page_level_css":"","_monsterinsights_skip_tracking":false,"_monsterinsights_sitenote_active":false,"_monsterinsights_sitenote_note":"","_monsterinsights_sitenote_category":0,"site-sidebar-layout":"default","site-content-layout":"","ast-site-content-layout":"default","site-content-style":"default","site-sidebar-style":"default","ast-global-header-display":"","ast-banner-title-visibility":"","ast-main-header-display":"","ast-hfb-above-header-display":"","ast-hfb-below-header-display":"","ast-hfb-mobile-header-display":"","site-post-title":"disabled","ast-breadcrumbs-content":"","ast-featured-img":"","footer-sml-layout":"","theme-transparent-header-meta":"","adv-header-id-meta":"","stick-header-meta":"","header-above-stick-meta":"","header-main-stick-meta":"","header-below-stick-meta":"","astra-migrate-meta-layouts":"set","ast-page-background-enabled":"default","ast-page-background-meta":{"desktop":{"background-color":"","background-image":"","background-repeat":"repeat","background-position":"center center","background-size":"auto","background-attachment":"scroll","background-type":"","background-media":"","overlay-type":"","overlay-color":"","overlay-opacity":"","overlay-gradient":""},"tablet":{"background-color":"","background-image":"","background-repeat":"repeat","background-position":"center center","background-size":"auto","background-attachment":"scroll","background-type":"","background-media":"","overlay-type":"","overlay-color":"","overlay-opacity":"","overlay-gradient":""},"mobile":{"background-color":"","background-image":"","background-repeat":"repeat","background-position":"center center","background-size":"auto","background-attachment":"scroll","background-type":"","background-media":"","overlay-type":"","overlay-color":"","overlay-opacity":"","overlay-gradient":""}},"ast-content-background-meta":{"desktop":{"background-color":"var(--ast-global-color-5)","background-image":"","background-repeat":"repeat","background-position":"center center","background-size":"auto","background-attachment":"scroll","background-type":"","background-media":"","overlay-type":"","overlay-color":"","overlay-opacity":"","overlay-gradient":""},"tablet":{"background-color":"var(--ast-global-color-5)","background-image":"","background-repeat":"repeat","background-position":"center center","background-size":"auto","background-attachment":"scroll","background-type":"","background-media":"","overlay-type":"","overlay-color":"","overlay-opacity":"","overlay-gradient":""},"mobile":{"background-color":"var(--ast-global-color-5)","background-image":"","background-repeat":"repeat","background-position":"center center","background-size":"auto","background-attachment":"scroll","background-type":"","background-media":"","overlay-type":"","overlay-color":"","overlay-opacity":"","overlay-gradient":""}},"footnotes":""},"class_list":["post-3742","page","type-page","status-publish","hentry"],"aioseo_notices":[],"uagb_featured_image_src":{"full":false,"thumbnail":false,"medium":false,"medium_large":false,"large":false,"1536x1536":false,"2048x2048":false,"trp-custom-language-flag":false},"uagb_author_info":{"display_name":"atherond","author_link":"https:\/\/akatia.org\/fr\/author\/atherond\/"},"uagb_comment_info":0,"uagb_excerpt":null,"_links":{"self":[{"href":"https:\/\/akatia.org\/fr\/wp-json\/wp\/v2\/pages\/3742","targetHints":{"allow":["GET"]}}],"collection":[{"href":"https:\/\/akatia.org\/fr\/wp-json\/wp\/v2\/pages"}],"about":[{"href":"https:\/\/akatia.org\/fr\/wp-json\/wp\/v2\/types\/page"}],"author":[{"embeddable":true,"href":"https:\/\/akatia.org\/fr\/wp-json\/wp\/v2\/users\/2"}],"replies":[{"embeddable":true,"href":"https:\/\/akatia.org\/fr\/wp-json\/wp\/v2\/comments?post=3742"}],"version-history":[{"count":2,"href":"https:\/\/akatia.org\/fr\/wp-json\/wp\/v2\/pages\/3742\/revisions"}],"predecessor-version":[{"id":3876,"href":"https:\/\/akatia.org\/fr\/wp-json\/wp\/v2\/pages\/3742\/revisions\/3876"}],"up":[{"embeddable":true,"href":"https:\/\/akatia.org\/fr\/wp-json\/wp\/v2\/pages\/2360"}],"wp:attachment":[{"href":"https:\/\/akatia.org\/fr\/wp-json\/wp\/v2\/media?parent=3742"}],"curies":[{"name":"wp","href":"https:\/\/api.w.org\/{rel}","templated":true}]}}