{"id":3897,"date":"2024-12-06T14:46:40","date_gmt":"2024-12-06T13:46:40","guid":{"rendered":"https:\/\/akatia.org\/?page_id=3897"},"modified":"2024-12-06T15:25:15","modified_gmt":"2024-12-06T14:25:15","slug":"banjo","status":"publish","type":"page","link":"https:\/\/akatia.org\/fr\/parrainer-un-primate\/banjo\/","title":{"rendered":"Banjo"},"content":{"rendered":"\n<div style=\"height:100px\" aria-hidden=\"true\" class=\"wp-block-spacer\"><\/div>\n\n\n\n<div class=\"wp-block-uagb-container uagb-block-3uedqsul alignfull uagb-is-root-container\"><div class=\"uagb-container-inner-blocks-wrap\">\n<div class=\"wp-block-uagb-container uagb-block-k7gnjwsr\">\n<div class=\"wp-block-uagb-info-box uagb-block-g4soun4f uagb-infobox__content-wrap  uagb-infobox-icon-above-title uagb-infobox-image-valign-top wp-block-uagb-info-box--has-margin\"><div class=\"uagb-infobox-margin-wrapper\"><div class=\"uagb-ifb-content\"><div class=\"uagb-ifb-title-wrap\"><h2 class=\"uagb-ifb-title\">BANJO, le petit dernier<\/h2><\/div><p class=\"uagb-ifb-desc\">Banjo a \u00e9t\u00e9 sauv\u00e9 pr\u00e8s de Dabakala par notre \u00e9quipe en collaboration avec le Minist\u00e8re des Eaux et For\u00eats. Son pass\u00e9 reste flou, mais lorsqu&rsquo;il a \u00e9t\u00e9 retrouv\u00e9, il \u00e9tait maigre, tr\u00e8s craintif et \u00e9puis\u00e9. Il portait des marques de corde et avait des blessures encore fra\u00eeches \u00e0 cet endroit. Banjo nous montre tous les signes d\u2019un chimpanz\u00e9 battu vu sa crainte de l&rsquo;humain dans les premiers jours.<br><br>Aujourd\u2019hui, Banjo est pris en charge par un soigneur sp\u00e9cialis\u00e9. Gr\u00e2ce \u00e0 des soins attentifs et \u00e0 beaucoup de patience, il commence lentement \u00e0 s\u2019ouvrir et \u00e0 montrer sa personnalit\u00e9. Cependant, le traumatisme est encore bien pr\u00e9sent, et il faudra du temps avant que Banjo puisse r\u00e9v\u00e9ler pleinement qui il est et son caract\u00e8re.<\/p><\/div><\/div><\/div>\n\n\n\n<div class=\"wp-block-uagb-image uagb-block-ycd34z72 wp-block-uagb-image--layout-default wp-block-uagb-image--effect-static wp-block-uagb-image--align-none alignleft\"><figure class=\"wp-block-uagb-image__figure\"><img data-recalc-dims=\"1\" decoding=\"async\" srcset=\"https:\/\/akatia.org\/wp-content\/uploads\/2024\/12\/2024-12-06-at-13.17.18.jpeg ,https:\/\/akatia.org\/wp-content\/uploads\/2024\/12\/2024-12-06-at-13.17.18.jpeg 780w, https:\/\/akatia.org\/wp-content\/uploads\/2024\/12\/2024-12-06-at-13.17.18.jpeg 360w\" sizes=\"auto, (max-width: 480px) 150px\" src=\"https:\/\/i0.wp.com\/akatia.org\/wp-content\/uploads\/2024\/12\/2024-12-06-at-13.17.18.jpeg?resize=295%2C649&#038;ssl=1\" alt=\"\" class=\"uag-image-3891\" width=\"295\" height=\"649\" title=\"2024-12-06 at 13.17.18\" loading=\"lazy\" role=\"img\"\/><\/figure><\/div>\n<\/div>\n\n\n\n<div class=\"wp-block-uagb-container uagb-block-9i1erhsa\">\n<div class=\"wp-block-uagb-image alignleft uagb-block-xvye6hln wp-block-uagb-image--layout-default wp-block-uagb-image--effect-static wp-block-uagb-image--align-left\"><figure class=\"wp-block-uagb-image__figure\"><img data-recalc-dims=\"1\" decoding=\"async\" srcset=\"https:\/\/akatia.org\/wp-content\/uploads\/2024\/12\/WhatsApp-Image-2024-12-06-at-13.16.09-768x1024.jpeg ,https:\/\/akatia.org\/wp-content\/uploads\/2024\/12\/WhatsApp-Image-2024-12-06-at-13.16.09.jpeg 780w, https:\/\/akatia.org\/wp-content\/uploads\/2024\/12\/WhatsApp-Image-2024-12-06-at-13.16.09.jpeg 360w\" sizes=\"auto, (max-width: 480px) 150px\" src=\"https:\/\/i0.wp.com\/akatia.org\/wp-content\/uploads\/2024\/12\/WhatsApp-Image-2024-12-06-at-13.16.09.jpeg?resize=564%2C376&#038;ssl=1\" alt=\"\" class=\"uag-image-3893\" width=\"564\" height=\"376\" title=\"WhatsApp Image 2024-12-06 at 13.16.09\" loading=\"lazy\" role=\"img\"\/><\/figure><\/div>\n\n\n\n<div class=\"wp-block-uagb-image alignleft uagb-block-ldiaeonk wp-block-uagb-image--layout-default wp-block-uagb-image--effect-static wp-block-uagb-image--align-left\"><figure class=\"wp-block-uagb-image__figure\"><img data-recalc-dims=\"1\" decoding=\"async\" srcset=\"https:\/\/akatia.org\/wp-content\/uploads\/2024\/12\/2024-12-06-at-13.17.04.jpeg ,https:\/\/akatia.org\/wp-content\/uploads\/2024\/12\/2024-12-06-at-13.17.04.jpeg 780w, https:\/\/akatia.org\/wp-content\/uploads\/2024\/12\/2024-12-06-at-13.17.04.jpeg 360w\" sizes=\"auto, (max-width: 480px) 150px\" src=\"https:\/\/i0.wp.com\/akatia.org\/wp-content\/uploads\/2024\/12\/2024-12-06-at-13.17.04.jpeg?resize=564%2C376&#038;ssl=1\" alt=\"\" class=\"uag-image-3890\" width=\"564\" height=\"376\" title=\"2024-12-06 at 13.17.04\" loading=\"lazy\" role=\"img\"\/><\/figure><\/div>\n<\/div>\n<\/div><\/div>\n\n\n\t\t\t<iframe\n\t\t\t\tid=\"idIframe\"\n\t\t\t\tsrc=\"https:\/\/www.helloasso.com\/associations\/akatia-international\/adhesions\/parrainage-de-banjo\/widget\"\n\t\t\t\theight=750px\"\t\t\t\twidth=100%\"\t\t\t\tframeborder=\"0\"\n\t\t\t\tloading=\"lazy\"\n\t\t\t\tallowtransparency=\"true\"\n\t\t\t\tonload=\"resizeIframeMessage()\"><\/iframe>\n\n","protected":false},"excerpt":{"rendered":"","protected":false},"author":1,"featured_media":0,"parent":2360,"menu_order":0,"comment_status":"closed","ping_status":"closed","template":"","meta":{"_eb_attr":"","_uag_custom_page_level_css":"","_monsterinsights_skip_tracking":false,"_monsterinsights_sitenote_active":false,"_monsterinsights_sitenote_note":"","_monsterinsights_sitenote_category":0,"site-sidebar-layout":"default","site-content-layout":"","ast-site-content-layout":"default","site-content-style":"default","site-sidebar-style":"default","ast-global-header-display":"","ast-banner-title-visibility":"","ast-main-header-display":"","ast-hfb-above-header-display":"","ast-hfb-below-header-display":"","ast-hfb-mobile-header-display":"","site-post-title":"disabled","ast-breadcrumbs-content":"","ast-featured-img":"","footer-sml-layout":"","theme-transparent-header-meta":"","adv-header-id-meta":"","stick-header-meta":"","header-above-stick-meta":"","header-main-stick-meta":"","header-below-stick-meta":"","astra-migrate-meta-layouts":"set","ast-page-background-enabled":"default","ast-page-background-meta":{"desktop":{"background-color":"","background-image":"","background-repeat":"repeat","background-position":"center center","background-size":"auto","background-attachment":"scroll","background-type":"","background-media":"","overlay-type":"","overlay-color":"","overlay-opacity":"","overlay-gradient":""},"tablet":{"background-color":"","background-image":"","background-repeat":"repeat","background-position":"center center","background-size":"auto","background-attachment":"scroll","background-type":"","background-media":"","overlay-type":"","overlay-color":"","overlay-opacity":"","overlay-gradient":""},"mobile":{"background-color":"","background-image":"","background-repeat":"repeat","background-position":"center center","background-size":"auto","background-attachment":"scroll","background-type":"","background-media":"","overlay-type":"","overlay-color":"","overlay-opacity":"","overlay-gradient":""}},"ast-content-background-meta":{"desktop":{"background-color":"var(--ast-global-color-5)","background-image":"","background-repeat":"repeat","background-position":"center center","background-size":"auto","background-attachment":"scroll","background-type":"","background-media":"","overlay-type":"","overlay-color":"","overlay-opacity":"","overlay-gradient":""},"tablet":{"background-color":"var(--ast-global-color-5)","background-image":"","background-repeat":"repeat","background-position":"center center","background-size":"auto","background-attachment":"scroll","background-type":"","background-media":"","overlay-type":"","overlay-color":"","overlay-opacity":"","overlay-gradient":""},"mobile":{"background-color":"var(--ast-global-color-5)","background-image":"","background-repeat":"repeat","background-position":"center center","background-size":"auto","background-attachment":"scroll","background-type":"","background-media":"","overlay-type":"","overlay-color":"","overlay-opacity":"","overlay-gradient":""}},"footnotes":""},"class_list":["post-3897","page","type-page","status-publish","hentry"],"aioseo_notices":[],"uagb_featured_image_src":{"full":false,"thumbnail":false,"medium":false,"medium_large":false,"large":false,"1536x1536":false,"2048x2048":false,"trp-custom-language-flag":false},"uagb_author_info":{"display_name":"hmingui","author_link":"https:\/\/akatia.org\/fr\/author\/hmingui\/"},"uagb_comment_info":0,"uagb_excerpt":null,"_links":{"self":[{"href":"https:\/\/akatia.org\/fr\/wp-json\/wp\/v2\/pages\/3897","targetHints":{"allow":["GET"]}}],"collection":[{"href":"https:\/\/akatia.org\/fr\/wp-json\/wp\/v2\/pages"}],"about":[{"href":"https:\/\/akatia.org\/fr\/wp-json\/wp\/v2\/types\/page"}],"author":[{"embeddable":true,"href":"https:\/\/akatia.org\/fr\/wp-json\/wp\/v2\/users\/1"}],"replies":[{"embeddable":true,"href":"https:\/\/akatia.org\/fr\/wp-json\/wp\/v2\/comments?post=3897"}],"version-history":[{"count":6,"href":"https:\/\/akatia.org\/fr\/wp-json\/wp\/v2\/pages\/3897\/revisions"}],"predecessor-version":[{"id":3907,"href":"https:\/\/akatia.org\/fr\/wp-json\/wp\/v2\/pages\/3897\/revisions\/3907"}],"up":[{"embeddable":true,"href":"https:\/\/akatia.org\/fr\/wp-json\/wp\/v2\/pages\/2360"}],"wp:attachment":[{"href":"https:\/\/akatia.org\/fr\/wp-json\/wp\/v2\/media?parent=3897"}],"curies":[{"name":"wp","href":"https:\/\/api.w.org\/{rel}","templated":true}]}}