{"id":565,"date":"2024-06-27T16:02:27","date_gmt":"2024-06-27T14:02:27","guid":{"rendered":"https:\/\/akatia.org\/contact\/"},"modified":"2024-07-04T14:40:43","modified_gmt":"2024-07-04T12:40:43","slug":"contact","status":"publish","type":"page","link":"https:\/\/akatia.org\/fr\/contact\/","title":{"rendered":"Contact"},"content":{"rendered":"\n<div style=\"height:100px\" aria-hidden=\"true\" class=\"wp-block-spacer\"><\/div>\n\n\n\n<div style=\"height:100px\" aria-hidden=\"true\" class=\"wp-block-spacer\"><\/div>\n\n\n\n<div class=\"wp-block-uagb-container uagb-block-3c86a6fb alignfull uagb-is-root-container\"><div class=\"uagb-container-inner-blocks-wrap\">\n<div class=\"wp-block-uagb-container uagb-block-cf467bc8\">\n<div class=\"wp-block-uagb-advanced-heading uagb-block-74d665f8\"><h2 class=\"uagb-heading-text\">Nous contacter<\/h2><\/div>\n\n\n<div class=\"root-eb-form-2h2g4 wp-block-essential-blocks-form\">\n    <div class=\"eb-parent-wrapper eb-parent-eb-form-2h2g4 \">\n        <div id=\"eb-form-2h2g4\" class=\"eb-form-2h2g4 eb-form-wrapper\">\n            <form id=\"ebf-723072\"\n                class=\"eb-form form-layout-block form-style-modern\" action=\"\">\n                <div class=\"eb-form-fields\">\n                                        \n\n<div class=\"wp-block-essential-blocks-row alignfull  root-eb-row-hngbw\"><div class=\"eb-parent-wrapper eb-parent-eb-row-hngbw \"><div class=\"eb-row-root-container eb-row-hngbw\" data-id=\"eb-row-hngbw\"><div class=\"eb-row-wrapper\"><div class=\"eb-row-inner\">\n<div class=\"wp-block-essential-blocks-column  root-eb-column-s60di\"><div class=\"eb-parent-wrapper eb-parent-eb-column-s60di \"><div class=\"eb-column-wrapper eb-column-s60di\"><div class=\"eb-column-inner\">\n<div class=\"wp-block-essential-blocks-form-text-field eb-form-field root-eb-text-field-prxc6\"><div class=\"eb-parent-wrapper eb-parent-eb-text-field-prxc6 \"><div class=\"eb-text-field-prxc6 eb-text-field-wrapper eb-field-wrapper\"><div class=\"eb-field-input-wrap\"><i icon=\"fas fa-user\" class=\"fas fa-user eb-input-icon\"><\/i><input type=\"text\" id=\"first-name\" name=\"first-name\" class=\"eb-field-input\" placeholder=\"Enter your first name here...\" \/><label for=\"first-name\"> <span class=\"eb-required\">*<\/span><\/label><\/div><div class=\"eb-form-validation eb-validate-first-name\">Ce champ est obligatoire.<\/div><\/div><\/div><\/div>\n<\/div><\/div><\/div><\/div>\n\n\n\n<div class=\"wp-block-essential-blocks-column  root-eb-column-fcp8e\"><div class=\"eb-parent-wrapper eb-parent-eb-column-fcp8e \"><div class=\"eb-column-wrapper eb-column-fcp8e\"><div class=\"eb-column-inner\">\n<div class=\"wp-block-essential-blocks-form-text-field eb-form-field root-eb-text-field-6hhpy\"><div class=\"eb-parent-wrapper eb-parent-eb-text-field-6hhpy \"><div class=\"eb-text-field-6hhpy eb-text-field-wrapper eb-field-wrapper\"><div class=\"eb-field-input-wrap\"><i icon=\"fas fa-user\" class=\"fas fa-user eb-input-icon\"><\/i><input type=\"text\" id=\"\" name=\"\" class=\"eb-field-input\" placeholder=\"Enter your last name here...\" \/><label for=\"\"> <span class=\"eb-required\">*<\/span><\/label><\/div><div class=\"eb-form-validation eb-validate-\">Ce champ est obligatoire.<\/div><\/div><\/div><\/div>\n<\/div><\/div><\/div><\/div>\n<\/div><\/div><\/div><\/div><\/div>\n\n\n\n<div class=\"wp-block-essential-blocks-form-email-field eb-form-field root-eb-email-field-ku9fs\"><div class=\"eb-parent-wrapper eb-parent-eb-email-field-ku9fs \"><div class=\"eb-email-field-ku9fs eb-email-field-wrapper eb-field-wrapper\"><div class=\"eb-field-input-wrap\"><i icon=\"far fa-envelope\" class=\"far fa-envelope eb-input-icon\"><\/i><input type=\"email\" id=\"email\" name=\"email\" class=\"eb-field-input\" placeholder=\"Enter your email here...\" \/><label for=\"email\" class=\"eb-field-label\"> <span class=\"eb-required\">*<\/span><\/label><\/div><div class=\"eb-form-validation eb-validate-email\">Ce champ est obligatoire.<\/div><\/div><\/div><\/div>\n\n\n\n<div class=\"wp-block-essential-blocks-form-number-field eb-form-field root-eb-number-field-o0ib4\"><div class=\"eb-parent-wrapper eb-parent-eb-number-field-o0ib4 \"><div class=\"eb-number-field-o0ib4 eb-number-field-wrapper eb-field-wrapper\"><div class=\"eb-field-input-wrap\"><i icon=\"fas fa-phone\" class=\"fas fa-phone eb-input-icon\"><\/i><input type=\"number\" id=\"phone\" name=\"phone\" class=\"eb-field-input\" placeholder=\"Enter your number here...\" \/><label for=\"phone\"> <\/label><\/div><\/div><\/div><\/div>\n\n\n\n<div class=\"wp-block-essential-blocks-form-textarea-field eb-form-field root-eb-textarea-field-71obt\"><div class=\"eb-parent-wrapper eb-parent-eb-textarea-field-71obt \"><div class=\"eb-textarea-field-71obt eb-textarea-field-wrapper eb-field-wrapper\"><div class=\"eb-field-input-wrap\"><i icon=\"far fa-edit\" class=\"far fa-edit eb-input-icon\"><\/i><textarea rows=\"4\" id=\"message\" class=\"eb-field-input\" name=\"message\" placeholder=\"Enter your message here...\"><\/textarea><label for=\"message\"> <span class=\"eb-required\">*<\/span><\/label><\/div><div class=\"eb-form-validation eb-validate-message\">Ce champ est obligatoire.<\/div><\/div><\/div><\/div>\n\n                <\/div>\n                <input class=\"form-nonce\" type=\"hidden\" name=\"form-nonce\" value=\"48bd49944e\" \/>\n                <div class=\"eb-form-submit\">\n                                        <button type=\"submit\" class=\"btn btn-primary eb-form-submit-button\" data-id=\"eb-form-2h2g4\" data-form-id=\"ebf-723072\">\n                ENVOYER\n                <img decoding=\"async\" class=\"eb-form-submit-loader\" src=\"https:\/\/akatia.org\/wp-content\/plugins\/essential-blocks\/assets\/images\/loading.svg\" \/>\n            <\/button>                <\/div>\n            <\/form>\n            <div class=\"eb_form_submit_response\" data-confirmation-type=\"message\" data-success=\"Votre message a \u00e9t\u00e9 envoy\u00e9 avec succ\u00e8s !\" data-error=\"Votre message n&#039;a pas pu \u00eatre envoy\u00e9 ! Veuillez r\u00e9essayer.\"><\/div>        <\/div>\n    <\/div>\n<\/div><\/div>\n<\/div><\/div>\n\n\n\n<div class=\"wp-block-uagb-container uagb-block-9nnllsjw alignfull uagb-is-root-container\"><div class=\"uagb-container-inner-blocks-wrap\">\n<div class=\"wp-block-uagb-container uagb-block-ndrdbqks\">\n<div class=\"wp-block-uagb-container uagb-block-pjlsjvfs\">\n<div class=\"wp-block-uagb-info-box uagb-block-dzsm9ecb uagb-infobox__content-wrap  uagb-infobox-icon-left uagb-infobox-left uagb-infobox-stacked-tablet uagb-infobox-image-valign-top\"><div class=\"uagb-ifb-icon-wrap\"><div class=\"uagb-iconbox-icon-wrap uagb-infobox-shape-circle\"><svg xmlns=\"https:\/\/www.w3.org\/2000\/svg\" viewBox=\"0 0 512 512\"><path d=\"M511.2 387l-23.25 100.8c-3.266 14.25-15.79 24.22-30.46 24.22C205.2 512 0 306.8 0 54.5c0-14.66 9.969-27.2 24.22-30.45l100.8-23.25C139.7-2.602 154.7 5.018 160.8 18.92l46.52 108.5c5.438 12.78 1.77 27.67-8.98 36.45L144.5 207.1c33.98 69.22 90.26 125.5 159.5 159.5l44.08-53.8c8.688-10.78 23.69-14.51 36.47-8.975l108.5 46.51C506.1 357.2 514.6 372.4 511.2 387z\"><\/path><\/svg><\/div><\/div><div class=\"uagb-ifb-content\"><div class=\"uagb-ifb-title-wrap\"><p class=\"uagb-ifb-title\">Phone<\/p><\/div><p class=\"uagb-ifb-desc\">+33 625 81 08 66<br>+225 07 77 91 54 15<\/p><\/div><\/div>\n<\/div>\n\n\n\n<div class=\"wp-block-uagb-container uagb-block-yl77e3io\">\n<div class=\"wp-block-uagb-info-box uagb-block-04bncbxl uagb-infobox__content-wrap  uagb-infobox-icon-left uagb-infobox-left uagb-infobox-stacked-tablet uagb-infobox-image-valign-top\"><div class=\"uagb-ifb-icon-wrap\"><div class=\"uagb-iconbox-icon-wrap uagb-infobox-shape-circle\"><svg xmlns=\"https:\/\/www.w3.org\/2000\/svg\" viewBox=\"0 0 512 512\"><path d=\"M464 64C490.5 64 512 85.49 512 112C512 127.1 504.9 141.3 492.8 150.4L275.2 313.6C263.8 322.1 248.2 322.1 236.8 313.6L19.2 150.4C7.113 141.3 0 127.1 0 112C0 85.49 21.49 64 48 64H464zM217.6 339.2C240.4 356.3 271.6 356.3 294.4 339.2L512 176V384C512 419.3 483.3 448 448 448H64C28.65 448 0 419.3 0 384V176L217.6 339.2z\"><\/path><\/svg><\/div><\/div><div class=\"uagb-ifb-content\"><div class=\"uagb-ifb-title-wrap\"><p class=\"uagb-ifb-title\">Email<\/p><\/div><p class=\"uagb-ifb-desc\">support@akatia.org<\/p><\/div><\/div>\n<\/div>\n\n\n\n<div class=\"wp-block-uagb-container uagb-block-htq8eysz\">\n<div class=\"wp-block-uagb-info-box uagb-block-ma37k9uy uagb-infobox__content-wrap  uagb-infobox-icon-left uagb-infobox-left uagb-infobox-stacked-tablet uagb-infobox-image-valign-top\"><div class=\"uagb-ifb-icon-wrap\"><div class=\"uagb-iconbox-icon-wrap uagb-infobox-shape-circle\"><svg xmlns=\"https:\/\/www.w3.org\/2000\/svg\" viewBox=\"0 0 384 512\"><path d=\"M168.3 499.2C116.1 435 0 279.4 0 192C0 85.96 85.96 0 192 0C298 0 384 85.96 384 192C384 279.4 267 435 215.7 499.2C203.4 514.5 180.6 514.5 168.3 499.2H168.3zM192 256C227.3 256 256 227.3 256 192C256 156.7 227.3 128 192 128C156.7 128 128 156.7 128 192C128 227.3 156.7 256 192 256z\"><\/path><\/svg><\/div><\/div><div class=\"uagb-ifb-content\"><div class=\"uagb-ifb-title-wrap\"><p class=\"uagb-ifb-title\">Address<\/p><\/div><p class=\"uagb-ifb-desc\">Boulevard ambassade de Ghana, Deux plateaux<\/p><\/div><\/div>\n<\/div>\n<\/div>\n\n\n\t\t\t<div \n\t\t\tclass=\"wp-block-uagb-google-map uagb-google-map__wrap uagb-block-tnhqash8     \"\n\t\t\tstyle=\"\" >\n\t\t\t\t<embed\n\t\t\t\t\tclass=\"uagb-google-map__iframe\"\n\t\t\t\t\ttitle=\"Carte Google pour \"\n\t\t\t\t\tsrc=\"https:\/\/maps.google.com\/maps?q=Boulevard%20ambassade%20de%20Ghana%2C%20Deux%20plateaux&#038;z=12&#038;hl=fr&#038;t=m&#038;output=embed&#038;iwloc=near\"\n\t\t\t\t\twidth=\"640\"\n\t\t\t\t\theight=\"350\"\n\t\t\t\t\tloading=\"lazy\"\n\t\t\t\t><\/embed>\n\t\t\t<\/div>\n\t\t\t<\/div><\/div>\n","protected":false},"excerpt":{"rendered":"<p>Nous contacter<\/p>\n","protected":false},"author":1,"featured_media":0,"parent":0,"menu_order":0,"comment_status":"closed","ping_status":"closed","template":"","meta":{"_eb_attr":"","_uag_custom_page_level_css":"","_monsterinsights_skip_tracking":false,"_monsterinsights_sitenote_active":false,"_monsterinsights_sitenote_note":"","_monsterinsights_sitenote_category":0,"site-sidebar-layout":"no-sidebar","site-content-layout":"page-builder","ast-site-content-layout":"full-width-container","site-content-style":"unboxed","site-sidebar-style":"unboxed","ast-global-header-display":"","ast-banner-title-visibility":"","ast-main-header-display":"","ast-hfb-above-header-display":"","ast-hfb-below-header-display":"","ast-hfb-mobile-header-display":"","site-post-title":"disabled","ast-breadcrumbs-content":"","ast-featured-img":"disabled","footer-sml-layout":"","theme-transparent-header-meta":"enabled","adv-header-id-meta":"","stick-header-meta":"","header-above-stick-meta":"","header-main-stick-meta":"","header-below-stick-meta":"","astra-migrate-meta-layouts":"set","ast-page-background-enabled":"default","ast-page-background-meta":{"desktop":{"background-color":"","background-image":"","background-repeat":"repeat","background-position":"center center","background-size":"auto","background-attachment":"scroll","background-type":"","background-media":"","overlay-type":"","overlay-color":"","overlay-opacity":"","overlay-gradient":""},"tablet":{"background-color":"","background-image":"","background-repeat":"repeat","background-position":"center center","background-size":"auto","background-attachment":"scroll","background-type":"","background-media":"","overlay-type":"","overlay-color":"","overlay-opacity":"","overlay-gradient":""},"mobile":{"background-color":"","background-image":"","background-repeat":"repeat","background-position":"center center","background-size":"auto","background-attachment":"scroll","background-type":"","background-media":"","overlay-type":"","overlay-color":"","overlay-opacity":"","overlay-gradient":""}},"ast-content-background-meta":{"desktop":{"background-color":"var(--ast-global-color-5)","background-image":"","background-repeat":"repeat","background-position":"center center","background-size":"auto","background-attachment":"scroll","background-type":"","background-media":"","overlay-type":"","overlay-color":"","overlay-opacity":"","overlay-gradient":""},"tablet":{"background-color":"var(--ast-global-color-5)","background-image":"","background-repeat":"repeat","background-position":"center center","background-size":"auto","background-attachment":"scroll","background-type":"","background-media":"","overlay-type":"","overlay-color":"","overlay-opacity":"","overlay-gradient":""},"mobile":{"background-color":"var(--ast-global-color-5)","background-image":"","background-repeat":"repeat","background-position":"center center","background-size":"auto","background-attachment":"scroll","background-type":"","background-media":"","overlay-type":"","overlay-color":"","overlay-opacity":"","overlay-gradient":""}},"footnotes":""},"class_list":["post-565","page","type-page","status-publish","hentry"],"aioseo_notices":[],"uagb_featured_image_src":{"full":false,"thumbnail":false,"medium":false,"medium_large":false,"large":false,"1536x1536":false,"2048x2048":false,"trp-custom-language-flag":false},"uagb_author_info":{"display_name":"hmingui","author_link":"https:\/\/akatia.org\/fr\/author\/hmingui\/"},"uagb_comment_info":0,"uagb_excerpt":"Nous contacter","_links":{"self":[{"href":"https:\/\/akatia.org\/fr\/wp-json\/wp\/v2\/pages\/565","targetHints":{"allow":["GET"]}}],"collection":[{"href":"https:\/\/akatia.org\/fr\/wp-json\/wp\/v2\/pages"}],"about":[{"href":"https:\/\/akatia.org\/fr\/wp-json\/wp\/v2\/types\/page"}],"author":[{"embeddable":true,"href":"https:\/\/akatia.org\/fr\/wp-json\/wp\/v2\/users\/1"}],"replies":[{"embeddable":true,"href":"https:\/\/akatia.org\/fr\/wp-json\/wp\/v2\/comments?post=565"}],"version-history":[{"count":21,"href":"https:\/\/akatia.org\/fr\/wp-json\/wp\/v2\/pages\/565\/revisions"}],"predecessor-version":[{"id":3414,"href":"https:\/\/akatia.org\/fr\/wp-json\/wp\/v2\/pages\/565\/revisions\/3414"}],"wp:attachment":[{"href":"https:\/\/akatia.org\/fr\/wp-json\/wp\/v2\/media?parent=565"}],"curies":[{"name":"wp","href":"https:\/\/api.w.org\/{rel}","templated":true}]}}